{"id":714,"date":"2025-10-13T21:43:16","date_gmt":"2025-10-13T19:43:16","guid":{"rendered":"https:\/\/chsaintbarth.fr\/?page_id=714"},"modified":"2025-10-18T13:29:47","modified_gmt":"2025-10-18T11:29:47","slug":"prendre-rendez-vous","status":"publish","type":"page","link":"https:\/\/chsaintbarth.fr\/?page_id=714","title":{"rendered":"Prendre rendez-vous"},"content":{"rendered":"\t\t<div data-elementor-type=\"wp-page\" data-elementor-id=\"714\" class=\"elementor elementor-714\">\n\t\t\t\t<div class=\"elementor-element elementor-element-2de1f30 e-flex e-con-boxed e-con e-parent\" data-id=\"2de1f30\" data-element_type=\"container\" data-e-type=\"container\">\n\t\t\t\t\t<div class=\"e-con-inner\">\n\t\t\t\t<div class=\"elementor-element elementor-element-c6c11d5 elementor-widget elementor-widget-html\" data-id=\"c6c11d5\" data-element_type=\"widget\" data-e-type=\"widget\" data-widget_type=\"html.default\">\n\t\t\t\t\t<div style=\"font-family:'Poppins',sans-serif;color:#333;max-width:900px;margin:auto;\">\r\n\r\n  <h2 style=\"color:#4287c7;text-align:center;margin-bottom:10px;\">Prendre rendez-vous au CHDB<\/h2>\r\n  <p style=\"text-align:center;margin-bottom:40px;\">Retrouvez ci-dessous les informations utiles pour chaque sp\u00e9cialit\u00e9.<\/p>\r\n\r\n  <h3 style=\"color:#3aad71;\">Consultations externes<\/h3>\r\n  <ul style=\"list-style:none;padding:0;\">\r\n    <li><strong>Diab\u00e9tologie :<\/strong> <a href=\"https:\/\/www.doctolib.fr\/hopital-public\/saint-barthelemy\/ch-saint-barthelemy-ght-les-iles-du-nord\/booking\/motives?specialityId=210&telehealth=false&placeId=practice-259986&bookingFunnelSource=external_referral\" style=\"background:#4287c7;color:#fff;padding:4px 10px;border-radius:6px;text-decoration:none;\">Rendez-vous sur Doctolib<\/a><\/li>\r\n    <li><strong>Chirurgie orthop\u00e9dique :<\/strong> <a href=\"https:\/\/www.doctolib.fr\/hopital-public\/saint-barthelemy\/ch-saint-barthelemy-ght-les-iles-du-nord\/booking\/new-patient?specialityId=19&bookingFunnelSource=external_referral\" style=\"background:#4287c7;color:#fff;padding:4px 10px;border-radius:6px;text-decoration:none;\">Rendez-vous sur Doctolib<\/a><\/li>\r\n    <li><strong>Chirurgie visc\u00e9rale :<\/strong> <a href=\"https:\/\/www.doctolib.fr\/hopital-public\/saint-barthelemy\/ch-saint-barthelemy-ght-les-iles-du-nord\/booking\/new-patient?specialityId=179&bookingFunnelSource=external_referral\" style=\"background:#4287c7;color:#fff;padding:4px 10px;border-radius:6px;text-decoration:none;\">Rendez-vous sur Doctolib<\/a><\/li>\r\n    <li><strong>Oncologie :<\/strong> <a href=\"https:\/\/www.doctolib.fr\/hopital-public\/saint-barthelemy\/ch-saint-barthelemy-ght-les-iles-du-nord\/booking\/new-patient?specialityId=851&bookingFunnelSource=external_referral\" style=\"background:#4287c7;color:#fff;padding:4px 10px;border-radius:6px;text-decoration:none;\">Rendez-vous sur Doctolib<\/a><\/li>\r\n    <li><strong>ORL :<\/strong> Secr\u00e9tariat m\u00e9dical du CH<\/li>\r\n  <\/ul>\r\n\r\n  <h3 style=\"color:#3aad71;margin-top:40px;\">Consultations priv\u00e9es<\/h3>\r\n  <ul style=\"list-style:none;padding:0;\">\r\n    <li><strong>Cardiologie :<\/strong> Contacter le secr\u00e9tariat \u00e0 Saint-Martin.<\/li>\r\n    <li><strong>Gyn\u00e9cologie :<\/strong> Par t\u00e9l\u00e9phone au <strong>0590 27 68 78<\/strong><\/li>\r\n    <li><strong>Chirurgie orthop\u00e9dique :<\/strong> <a href=\"https:\/\/www.doctolib.fr\/hopital-public\/saint-barthelemy\/ch-saint-barthelemy-ght-les-iles-du-nord\/booking\/new-patient?specialityId=535&bookingFunnelSource=external_referral\" style=\"background:#4287c7;color:#fff;padding:4px 10px;border-radius:6px;text-decoration:none;\">Rendez-vous sur Doctolib<\/a><\/li>\r\n    <li><strong>Ophtalmologie :<\/strong> Par t\u00e9l\u00e9phone au <strong>0590 87 25 55<\/strong> ou par mail \u00e0 <a href=\"mailto:rdv.ophtalmosxm@gmail.com\" style=\"color:#4287c7;\">rdv.ophtalmosxm@gmail.com<\/a><\/li>\r\n    <li><strong>Chirurgie plastique reconstructrice et esth\u00e9tique :<\/strong> <a href=\"mailto:cabinet.chirurgie.esthetique@gmail.com\" style=\"color:#4287c7;\">cabinet.chirurgie.esthetique@gmail.com<\/a><\/li>\r\n    <li><strong>Gastro-ent\u00e9rologie :<\/strong> <a href=\"mailto:gastrosbh@gmail.com\" style=\"color:#4287c7;\">gastrosbh@gmail.com<\/a><\/li>\r\n  <\/ul>\r\n\r\n  <p style=\"margin-top:40px;padding:20px;border-top:2px solid #65b6e6;text-align:center;color:#333;\">\r\n    Pour toute autre demande, contactez le <strong>Secr\u00e9tariat m\u00e9dical du CHDB<\/strong> au <strong>05 90 51 19 50<\/strong> ou via notre <a href=\"https:\/\/chsaintbarth.fr\/?page_id=242\" style=\"color:#4287c7;\">formulaire de contact<\/a>.\r\n  <\/p>\r\n\r\n<\/div>\r\n\t\t\t\t<\/div>\n\t\t\t\t\t<\/div>\n\t\t\t\t<\/div>\n\t\t\t\t<\/div>\n\t\t","protected":false},"excerpt":{"rendered":"<p>Prendre rendez-vous au CHDB Retrouvez ci-dessous les informations utiles pour chaque sp\u00e9cialit\u00e9. Consultations externes Diab\u00e9tologie : Rendez-vous sur Doctolib Chirurgie orthop\u00e9dique : Rendez-vous sur Doctolib Chirurgie visc\u00e9rale : Rendez-vous sur Doctolib Oncologie : Rendez-vous sur Doctolib ORL : Secr\u00e9tariat m\u00e9dical du CH Consultations priv\u00e9es Cardiologie : Contacter le secr\u00e9tariat \u00e0 Saint-Martin. Gyn\u00e9cologie : Par t\u00e9l\u00e9phone [&hellip;]<\/p>\n","protected":false},"author":1,"featured_media":0,"parent":0,"menu_order":0,"comment_status":"closed","ping_status":"closed","template":"","meta":{"_exactmetrics_skip_tracking":false,"_exactmetrics_sitenote_active":false,"_exactmetrics_sitenote_note":"","_exactmetrics_sitenote_category":0,"footnotes":""},"class_list":["post-714","page","type-page","status-publish","hentry"],"_links":{"self":[{"href":"https:\/\/chsaintbarth.fr\/index.php?rest_route=\/wp\/v2\/pages\/714","targetHints":{"allow":["GET"]}}],"collection":[{"href":"https:\/\/chsaintbarth.fr\/index.php?rest_route=\/wp\/v2\/pages"}],"about":[{"href":"https:\/\/chsaintbarth.fr\/index.php?rest_route=\/wp\/v2\/types\/page"}],"author":[{"embeddable":true,"href":"https:\/\/chsaintbarth.fr\/index.php?rest_route=\/wp\/v2\/users\/1"}],"replies":[{"embeddable":true,"href":"https:\/\/chsaintbarth.fr\/index.php?rest_route=%2Fwp%2Fv2%2Fcomments&post=714"}],"version-history":[{"count":13,"href":"https:\/\/chsaintbarth.fr\/index.php?rest_route=\/wp\/v2\/pages\/714\/revisions"}],"predecessor-version":[{"id":1128,"href":"https:\/\/chsaintbarth.fr\/index.php?rest_route=\/wp\/v2\/pages\/714\/revisions\/1128"}],"wp:attachment":[{"href":"https:\/\/chsaintbarth.fr\/index.php?rest_route=%2Fwp%2Fv2%2Fmedia&parent=714"}],"curies":[{"name":"wp","href":"https:\/\/api.w.org\/{rel}","templated":true}]}}