{"id":710,"date":"2025-10-13T21:42:06","date_gmt":"2025-10-13T19:42:06","guid":{"rendered":"https:\/\/chsaintbarth.fr\/?page_id=710"},"modified":"2026-03-13T17:19:20","modified_gmt":"2026-03-13T16:19:20","slug":"ehpad","status":"publish","type":"page","link":"https:\/\/chsaintbarth.fr\/?page_id=710","title":{"rendered":"EHPAD"},"content":{"rendered":"\t\t<div data-elementor-type=\"wp-page\" data-elementor-id=\"710\" class=\"elementor elementor-710\">\n\t\t\t\t<div class=\"elementor-element elementor-element-47abff7 e-flex e-con-boxed e-con e-parent\" data-id=\"47abff7\" data-element_type=\"container\" data-e-type=\"container\">\n\t\t\t\t\t<div class=\"e-con-inner\">\n\t\t\t\t<div class=\"elementor-element elementor-element-34fdf48 cpel-switcher--align-right cpel-switcher--layout-horizontal cpel-switcher--aspect-ratio-43 elementor-widget elementor-widget-polylang-language-switcher\" data-id=\"34fdf48\" data-element_type=\"widget\" data-e-type=\"widget\" data-widget_type=\"polylang-language-switcher.default\">\n\t\t\t\t<div class=\"elementor-widget-container\">\n\t\t\t\t\t<nav class=\"cpel-switcher__nav\"><ul class=\"cpel-switcher__list\"><li class=\"cpel-switcher__lang\"><a lang=\"fr-FR\" hreflang=\"fr-FR\" href=\"https:\/\/chsaintbarth.fr\/?page_id=710\"><span class=\"cpel-switcher__flag cpel-switcher__flag--fr\"><img decoding=\"async\" src=\"data:image\/svg+xml;base64,PHN2ZyB3aWR0aD0iMjEiIGhlaWdodD0iMTUiIHhtbG5zPSJodHRwOi8vd3d3LnczLm9yZy8yMDAwL3N2ZyI+PGRlZnM+PGxpbmVhckdyYWRpZW50IHgxPSI1MCUiIHkxPSIwJSIgeDI9IjUwJSIgeTI9IjEwMCUiIGlkPSJhIj48c3RvcCBzdG9wLWNvbG9yPSIjRkZGIiBvZmZzZXQ9IjAlIi8+PHN0b3Agc3RvcC1jb2xvcj0iI0YwRjBGMCIgb2Zmc2V0PSIxMDAlIi8+PC9saW5lYXJHcmFkaWVudD48bGluZWFyR3JhZGllbnQgeDE9IjUwJSIgeTE9IjAlIiB4Mj0iNTAlIiB5Mj0iMTAwJSIgaWQ9ImIiPjxzdG9wIHN0b3AtY29sb3I9IiNGNDQ2NTMiIG9mZnNldD0iMCUiLz48c3RvcCBzdG9wLWNvbG9yPSIjRUUyQTM5IiBvZmZzZXQ9IjEwMCUiLz48L2xpbmVhckdyYWRpZW50PjxsaW5lYXJHcmFkaWVudCB4MT0iNTAlIiB5MT0iMCUiIHgyPSI1MCUiIHkyPSIxMDAlIiBpZD0iYyI+PHN0b3Agc3RvcC1jb2xvcj0iIzEwMzVCQiIgb2Zmc2V0PSIwJSIvPjxzdG9wIHN0b3AtY29sb3I9IiMwNDIzOTYiIG9mZnNldD0iMTAwJSIvPjwvbGluZWFyR3JhZGllbnQ+PC9kZWZzPjxnIGZpbGw9Im5vbmUiIGZpbGwtcnVsZT0iZXZlbm9kZCI+PHBhdGggZmlsbD0idXJsKCNhKSIgZD0iTTAgMGgyMXYxNUgweiIvPjxwYXRoIGZpbGw9InVybCgjYikiIGQ9Ik0xMCAwaDExdjE1SDEweiIvPjxwYXRoIGZpbGw9InVybCgjYykiIGQ9Ik0wIDBoN3YxNUgweiIvPjxwYXRoIGZpbGw9InVybCgjYSkiIGQ9Ik03IDBoN3YxNUg3eiIvPjwvZz48L3N2Zz4=\" alt=\"Fran\u00e7ais\" \/><\/span><\/a><\/li><li class=\"cpel-switcher__lang\"><a lang=\"en-US\" hreflang=\"en-US\" href=\"https:\/\/chsaintbarth.fr\/?page_id=1466&#038;lang=en\"><span class=\"cpel-switcher__flag cpel-switcher__flag--us\"><img decoding=\"async\" src=\"data:image\/svg+xml;base64,PHN2ZyB3aWR0aD0iMjEiIGhlaWdodD0iMTUiIHhtbG5zPSJodHRwOi8vd3d3LnczLm9yZy8yMDAwL3N2ZyI+PGRlZnM+PGxpbmVhckdyYWRpZW50IHgxPSI1MCUiIHkxPSIwJSIgeDI9IjUwJSIgeTI9IjEwMCUiIGlkPSJhIj48c3RvcCBzdG9wLWNvbG9yPSIjRkZGIiBvZmZzZXQ9IjAlIi8+PHN0b3Agc3RvcC1jb2xvcj0iI0YwRjBGMCIgb2Zmc2V0PSIxMDAlIi8+PC9saW5lYXJHcmFkaWVudD48bGluZWFyR3JhZGllbnQgeDE9IjUwJSIgeTE9IjAlIiB4Mj0iNTAlIiB5Mj0iMTAwJSIgaWQ9ImIiPjxzdG9wIHN0b3AtY29sb3I9IiNEMDJGNDQiIG9mZnNldD0iMCUiLz48c3RvcCBzdG9wLWNvbG9yPSIjQjEyNTM3IiBvZmZzZXQ9IjEwMCUiLz48L2xpbmVhckdyYWRpZW50PjxsaW5lYXJHcmFkaWVudCB4MT0iNTAlIiB5MT0iMCUiIHgyPSI1MCUiIHkyPSIxMDAlIiBpZD0iYyI+PHN0b3Agc3RvcC1jb2xvcj0iIzQ2NDY3RiIgb2Zmc2V0PSIwJSIvPjxzdG9wIHN0b3AtY29sb3I9IiMzQzNDNkQiIG9mZnNldD0iMTAwJSIvPjwvbGluZWFyR3JhZGllbnQ+PC9kZWZzPjxnIGZpbGw9Im5vbmUiIGZpbGwtcnVsZT0iZXZlbm9kZCI+PHBhdGggZmlsbD0idXJsKCNhKSIgZD0iTTAgMGgyMXYxNUgweiIvPjxwYXRoIGQ9Ik0wIDBoMjF2MUgwVjB6bTAgMmgyMXYxSDBWMnptMCAyaDIxdjFIMFY0em0wIDJoMjF2MUgwVjZ6bTAgMmgyMXYxSDBWOHptMCAyaDIxdjFIMHYtMXptMCAyaDIxdjFIMHYtMXptMCAyaDIxdjFIMHYtMXoiIGZpbGw9InVybCgjYikiLz48cGF0aCBmaWxsPSJ1cmwoI2MpIiBkPSJNMCAwaDl2N0gweiIvPjxwYXRoIGQ9Ik0xLjUgMmEuNS41IDAgMTEwLTEgLjUuNSAwIDAxMCAxem0yIDBhLjUuNSAwIDExMC0xIC41LjUgMCAwMTAgMXptMiAwYS41LjUgMCAxMTAtMSAuNS41IDAgMDEwIDF6bTIgMGEuNS41IDAgMTEwLTEgLjUuNSAwIDAxMCAxem0tNSAxYS41LjUgMCAxMTAtMSAuNS41IDAgMDEwIDF6bTIgMGEuNS41IDAgMTEwLTEgLjUuNSAwIDAxMCAxem0yIDBhLjUuNSAwIDExMC0xIC41LjUgMCAwMTAgMXptMSAxYS41LjUgMCAxMTAtMSAuNS41IDAgMDEwIDF6bS0yIDBhLjUuNSAwIDExMC0xIC41LjUgMCAwMTAgMXptLTIgMGEuNS41IDAgMTEwLTEgLjUuNSAwIDAxMCAxem0tMiAwYS41LjUgMCAxMTAtMSAuNS41IDAgMDEwIDF6bTEgMWEuNS41IDAgMTEwLTEgLjUuNSAwIDAxMCAxem0yIDBhLjUuNSAwIDExMC0xIC41LjUgMCAwMTAgMXptMiAwYS41LjUgMCAxMTAtMSAuNS41IDAgMDEwIDF6bTEgMWEuNS41IDAgMTEwLTEgLjUuNSAwIDAxMCAxem0tMiAwYS41LjUgMCAxMTAtMSAuNS41IDAgMDEwIDF6bS0yIDBhLjUuNSAwIDExMC0xIC41LjUgMCAwMTAgMXptLTIgMGEuNS41IDAgMTEwLTEgLjUuNSAwIDAxMCAxeiIgZmlsbD0idXJsKCNhKSIvPjwvZz48L3N2Zz4=\" alt=\"English\" \/><\/span><\/a><\/li><li class=\"cpel-switcher__lang\"><a lang=\"pt-AO\" hreflang=\"pt-AO\" href=\"https:\/\/chsaintbarth.fr\/?page_id=1588&#038;lang=pt\"><span class=\"cpel-switcher__flag cpel-switcher__flag--pt\"><img decoding=\"async\" src=\"data:image\/svg+xml;base64,PHN2ZyB3aWR0aD0iMjEiIGhlaWdodD0iMTUiIHhtbG5zPSJodHRwOi8vd3d3LnczLm9yZy8yMDAwL3N2ZyI+PGRlZnM+PGxpbmVhckdyYWRpZW50IHgxPSI1MCUiIHkxPSIwJSIgeDI9IjUwJSIgeTI9IjEwMCUiIGlkPSJhIj48c3RvcCBzdG9wLWNvbG9yPSIjRkZGIiBvZmZzZXQ9IjAlIi8+PHN0b3Agc3RvcC1jb2xvcj0iI0YwRjBGMCIgb2Zmc2V0PSIxMDAlIi8+PC9saW5lYXJHcmFkaWVudD48bGluZWFyR3JhZGllbnQgeDE9IjUwJSIgeTE9IjAlIiB4Mj0iNTAlIiB5Mj0iMTAwJSIgaWQ9ImIiPjxzdG9wIHN0b3AtY29sb3I9IiNGRjI5MzYiIG9mZnNldD0iMCUiLz48c3RvcCBzdG9wLWNvbG9yPSIjRkQwRDFCIiBvZmZzZXQ9IjEwMCUiLz48L2xpbmVhckdyYWRpZW50PjxsaW5lYXJHcmFkaWVudCB4MT0iNTAlIiB5MT0iMCUiIHgyPSI1MCUiIHkyPSIxMDAlIiBpZD0iYyI+PHN0b3Agc3RvcC1jb2xvcj0iIzEyODQxNSIgb2Zmc2V0PSIwJSIvPjxzdG9wIHN0b3AtY29sb3I9IiMwQTY1MEMiIG9mZnNldD0iMTAwJSIvPjwvbGluZWFyR3JhZGllbnQ+PGxpbmVhckdyYWRpZW50IHgxPSI1MCUiIHkxPSIwJSIgeDI9IjUwJSIgeTI9IjEwMCUiIGlkPSJkIj48c3RvcCBzdG9wLWNvbG9yPSIjRkFGOTRGIiBvZmZzZXQ9IjAlIi8+PHN0b3Agc3RvcC1jb2xvcj0iI0Y4RjczNiIgb2Zmc2V0PSIxMDAlIi8+PC9saW5lYXJHcmFkaWVudD48bGluZWFyR3JhZGllbnQgeDE9IjUwJSIgeTE9IjAlIiB4Mj0iNTAlIiB5Mj0iMTAwJSIgaWQ9ImUiPjxzdG9wIHN0b3AtY29sb3I9IiMxRDUwQjUiIG9mZnNldD0iMCUiLz48c3RvcCBzdG9wLWNvbG9yPSIjMTU0MzlEIiBvZmZzZXQ9IjEwMCUiLz48L2xpbmVhckdyYWRpZW50PjwvZGVmcz48ZyBmaWxsPSJub25lIiBmaWxsLXJ1bGU9ImV2ZW5vZGQiPjxwYXRoIGZpbGw9InVybCgjYSkiIGQ9Ik0wIDBoMjF2MTVIMHoiLz48cGF0aCBmaWxsPSJ1cmwoI2IpIiBkPSJNMCAwaDIxdjE1SDB6Ii8+PHBhdGggZmlsbD0idXJsKCNjKSIgZD0iTTAgMGg4djE1SDB6Ii8+PHBhdGggZD0iTTggOS41YTIgMiAwIDEwMC00IDIgMiAwIDAwMCA0em0wIDFhMyAzIDAgMTEwLTYgMyAzIDAgMDEwIDZ6IiBmaWxsPSJ1cmwoI2QpIiBmaWxsLXJ1bGU9Im5vbnplcm8iLz48cGF0aCBkPSJNNyA2LjI1NkEuMjUuMjUgMCAwMTcuMjQ1IDZoMS41MUEuMjUuMjUgMCAwMTkgNi4yNTZWOGEuOTk3Ljk5NyAwIDAxLTEgMWMtLjU1MiAwLTEtLjQ0My0xLS45OTlWNi4yNTZ6IiBmaWxsPSJ1cmwoI2EpIi8+PHBhdGggZD0iTTggOGMuMjc2IDAgLjUtLjcyNC41LTFhLjUuNSAwIDAwLTEgMGMwIC4yNzYuMjI0IDEgLjUgMXoiIGZpbGw9InVybCgjZSkiLz48L2c+PC9zdmc+\" alt=\"Portugu\u00eas\" \/><\/span><\/a><\/li><\/ul><\/nav>\t\t\t\t<\/div>\n\t\t\t\t<\/div>\n\t\t\t\t\t<\/div>\n\t\t\t\t<\/div>\n\t\t<div class=\"elementor-element elementor-element-4f4bc69 e-flex e-con-boxed e-con e-parent\" data-id=\"4f4bc69\" data-element_type=\"container\" data-e-type=\"container\">\n\t\t\t\t\t<div class=\"e-con-inner\">\n\t\t\t\t<div class=\"elementor-element elementor-element-081e5c6 elementor-widget elementor-widget-cta\" data-id=\"081e5c6\" data-element_type=\"widget\" data-e-type=\"widget\" data-settings=\"{&quot;layout_preset&quot;:&quot;showcase&quot;,&quot;layout_column_structure&quot;:&quot;50-50&quot;,&quot;image_horizontal_position&quot;:&quot;start&quot;,&quot;image_horizontal_position_tablet&quot;:&quot;start&quot;,&quot;image_horizontal_position_mobile&quot;:&quot;start&quot;,&quot;content_position_vertical&quot;:&quot;start&quot;,&quot;content_position_vertical_tablet&quot;:&quot;start&quot;,&quot;content_position_vertical_mobile&quot;:&quot;start&quot;,&quot;image_shape&quot;:&quot;sharp&quot;,&quot;primary_button_shape&quot;:&quot;default&quot;,&quot;secondary_button_shape&quot;:&quot;default&quot;,&quot;box_shape&quot;:&quot;sharp&quot;}\" data-widget_type=\"cta.default\">\n\t\t\t\t<div class=\"elementor-widget-container\">\n\t\t\t\t\t\t\t<div class=\"has-shape-sharp shape-type-box ehp-cta has-preset-showcase\">\n\t\t\t<div class=\"ehp-cta__overlay\"><\/div>\n\t\t\t<div class=\"has-column-structure-50-50  ehp-cta__elements-container has-image-position-start has-image-position-md-start has-image-position-sm-start\">\n\t\t\t\t\t\t\t<div class=\"ehp-image ehp-cta__image-container\">\n\t\t\t\t<img decoding=\"async\" class=\"ehp-image__img ehp-cta__img has-shape-sharp shape-type-image\" src=\"https:\/\/chsaintbarth.fr\/wp-content\/uploads\/2025\/10\/Senior-2.jpg\" title=\"Senior 2\" alt=\"Senior 2\" loading=\"lazy\" \/>\t\t\t<\/div>\n\t\t\t\t\t<div class=\"ehp-cta__text-container\">\n\t\t\t<h2 class=\"ehp-cta__heading\">EHPAD Louis VIALENC<\/h2><p class=\"ehp-cta__description\">Prendre soin de nos seniors est un de nos engagements crucial.<\/p>\t\t\t<div class=\"ehp-cta__ctas-container\">\n\t\t\t\t<div class=\"ehp-cta__buttons-wrapper\">\n\t\t\t\t\t\t\t\t\t\t\t\t<a class=\"has-shape-default shape-type-button ehp-button ehp-button--secondary ehp-cta__button ehp-cta__button--secondary is-type-button has-border\" href=\"https:\/\/chsaintbarth.fr\/?page_id=242\">\n\t\t\t\t\t<span class=\"ehp-button__text ehp-cta__button-text ehp-cta__button-text--secondary\">\n\t\t\tNous contacter\t\t\t\t<\/a>\n\t\t\t\t\t\t<\/div>\n\t\t\t<\/div>\n\t\t\t\t<\/div>\n\t\t\t\t\t<\/div>\n\t\t<\/div>\n\t\t\t\t\t\t<\/div>\n\t\t\t\t<\/div>\n\t\t\t\t\t<\/div>\n\t\t\t\t<\/div>\n\t\t<div class=\"elementor-element elementor-element-084c591 e-flex e-con-boxed e-con e-parent\" data-id=\"084c591\" data-element_type=\"container\" data-e-type=\"container\">\n\t\t\t\t\t<div class=\"e-con-inner\">\n\t\t\t\t<div class=\"elementor-element elementor-element-7d39f42 elementor-widget elementor-widget-text-editor\" data-id=\"7d39f42\" data-element_type=\"widget\" data-e-type=\"widget\" data-widget_type=\"text-editor.default\">\n\t\t\t\t\t\t\t\t\t<h3 data-start=\"550\" data-end=\"575\">Pr\u00e9sentation g\u00e9n\u00e9rale<\/h3>\n<p data-start=\"576\" data-end=\"911\">L\u2019<strong data-start=\"578\" data-end=\"664\">\u00c9tablissement d\u2019H\u00e9bergement pour Personnes \u00c2g\u00e9es D\u00e9pendantes (EHPAD) Louis Vialenc<\/strong> accueille des personnes \u00e2g\u00e9es en perte d\u2019autonomie n\u00e9cessitant un accompagnement quotidien.<br data-start=\"756\" data-end=\"759\">Rattach\u00e9 au <strong data-start=\"771\" data-end=\"809\">Centre Hospitalier Ir\u00e9n\u00e9e de Bruyn et install\u00e9 sur le m\u00eame site que l&rsquo;h\u00f4pital<\/strong>, l\u2019EHPAD constitue un lieu de vie s\u00e9curis\u00e9, accueillant et adapt\u00e9, situ\u00e9 au c\u0153ur de Gustavia. Il est autoris\u00e9 pour 30 places.<\/p>\n<p data-start=\"913\" data-end=\"1120\">La structure propose un <strong data-start=\"937\" data-end=\"968\">accompagnement personnalis\u00e9<\/strong>, associant soins, soutien social et activit\u00e9s quotidiennes, dans un cadre bienveillant favorisant la dignit\u00e9, le respect et le maintien de l\u2019autonomie.<\/p>\n<hr data-start=\"1122\" data-end=\"1125\">\n<h3 data-start=\"1127\" data-end=\"1143\">Nos missions<\/h3>\n<p data-start=\"1144\" data-end=\"1186\">L\u2019EHPAD Louis Vialenc a pour vocation de :<\/p>\n<ul data-start=\"1188\" data-end=\"1591\">\n<li data-start=\"1188\" data-end=\"1263\">\n<p data-start=\"1190\" data-end=\"1263\">Offrir un <strong data-start=\"1200\" data-end=\"1239\">lieu de vie confortable et s\u00e9curis\u00e9<\/strong>, ouvert sur l\u2019ext\u00e9rieur<\/p>\n<\/li>\n<li data-start=\"1264\" data-end=\"1382\">\n<p data-start=\"1266\" data-end=\"1382\">Assurer un <strong data-start=\"1277\" data-end=\"1309\">accompagnement personnalis\u00e9<\/strong> selon les besoins m\u00e9dicaux, psychologiques et sociaux de chaque r\u00e9sident<\/p>\n<\/li>\n<li data-start=\"1383\" data-end=\"1427\">\n<p data-start=\"1385\" data-end=\"1427\">Pr\u00e9server l\u2019autonomie et la qualit\u00e9 de vie<\/p>\n<\/li>\n<li data-start=\"1428\" data-end=\"1511\">\n<p data-start=\"1430\" data-end=\"1511\">Proposer des <strong data-start=\"1443\" data-end=\"1465\">activit\u00e9s adapt\u00e9es<\/strong> pour maintenir le lien social et le bien-\u00eatre<\/p>\n<\/li>\n<li data-start=\"1512\" data-end=\"1591\">\n<p data-start=\"1514\" data-end=\"1591\">Soutenir les familles, proches et aidants dans leur d\u00e9marche d\u2019accompagnement<\/p>\n<\/li>\n<\/ul>\n<p data-start=\"1593\" data-end=\"1725\">Notre projet d\u2019accompagnement repose sur des valeurs essentielles :<br data-start=\"1660\" data-end=\"1663\"><strong data-start=\"1663\" data-end=\"1725\">bientraitance, respect, \u00e9coute, dignit\u00e9 et qualit\u00e9 de vie.<\/strong><\/p>\n<hr data-start=\"1727\" data-end=\"1730\">\n<h3 data-start=\"1732\" data-end=\"1767\">Une \u00e9quipe engag\u00e9e au quotidien<\/h3>\n<p data-start=\"1768\" data-end=\"1902\">L\u2019accompagnement repose sur des <strong data-start=\"1800\" data-end=\"1851\">professionnels qualifi\u00e9s et pluridisciplinaires<\/strong>, form\u00e9s \u00e0 la prise en charge des personnes \u00e2g\u00e9es :<\/p>\n<ul data-start=\"1904\" data-end=\"2087\">\n<li data-start=\"1904\" data-end=\"1914\">\n<p data-start=\"1906\" data-end=\"1914\">Un m\u00e9decin coordonnateur<\/p>\n<\/li>\n<li data-start=\"1915\" data-end=\"1933\">\n<p data-start=\"1917\" data-end=\"1933\">Un infirmier coordonnateur<\/p>\n<\/li>\n<li data-start=\"1915\" data-end=\"1933\">Des infirmier(e)s<p><\/p>\n<\/li>\n<li data-start=\"1934\" data-end=\"1954\">\n<p data-start=\"1936\" data-end=\"1954\">Des aides-soignant(e)s<\/p>\n<\/li>\n<li data-start=\"1955\" data-end=\"2021\">\n<p data-start=\"1957\" data-end=\"2021\">Des aides m\u00e9dico-psychologiques \/ Accompagnants \u00e9ducatifs et sociaux<\/p>\n<\/li>\n<li data-start=\"2022\" data-end=\"2035\">\n<p data-start=\"2024\" data-end=\"2035\">Un psychologue<\/p>\n<\/li>\n<li data-start=\"2036\" data-end=\"2054\">\n<p data-start=\"2038\" data-end=\"2054\">Un animateur(trice)<\/p>\n<\/li>\n<li data-start=\"2055\" data-end=\"2087\">\n<p data-start=\"2057\" data-end=\"2087\">Une \u00e9quipe h\u00f4teli\u00e8re et logistique<\/p>\n<\/li>\n<li data-start=\"2055\" data-end=\"2087\">Le service administratif<\/li>\n<\/ul>\n<p data-start=\"2089\" data-end=\"2219\">\n<\/p><p data-start=\"2089\" data-end=\"2219\">Chaque professionnel contribue \u00e0 offrir un environnement accueillant, attentif et s\u00e9curisant pour les r\u00e9sidents et leurs familles.<\/p>\n<hr data-start=\"2221\" data-end=\"2224\">\n<h3 data-start=\"2226\" data-end=\"2256\">Un cadre de vie chaleureux<\/h3>\n<p data-start=\"2257\" data-end=\"2274\">L\u2019EHPAD propose :<\/p>\n<ul data-start=\"2276\" data-end=\"2538\">\n<li data-start=\"2276\" data-end=\"2308\">\n<p data-start=\"2278\" data-end=\"2308\">H\u00e9bergement en chambre adapt\u00e9e<\/p>\n<\/li>\n<li data-start=\"2309\" data-end=\"2350\">\n<p data-start=\"2311\" data-end=\"2350\">Espaces de vie conviviaux et climatis\u00e9s<\/p>\n<\/li>\n<li data-start=\"2351\" data-end=\"2394\">\n<p data-start=\"2353\" data-end=\"2394\">Jardins et espaces ext\u00e9rieurs accessibles<\/p>\n<\/li>\n<li data-start=\"2395\" data-end=\"2428\">\n<p data-start=\"2397\" data-end=\"2428\">Restauration pr\u00e9par\u00e9e sur place<\/p>\n<\/li>\n<li data-start=\"2429\" data-end=\"2504\">\n<p data-start=\"2431\" data-end=\"2504\">Activit\u00e9s quotidiennes (stimulation, loisirs, sorties selon possibilit\u00e9s)<\/p>\n<\/li>\n<li data-start=\"2505\" data-end=\"2538\">\n<p data-start=\"2507\" data-end=\"2538\">Pr\u00e9sence professionnelle 24h\/24<\/p>\n<\/li>\n<\/ul>\n<p data-start=\"2540\" data-end=\"2665\">Les familles et proches sont encourag\u00e9s \u00e0 participer \u00e0 la vie de la r\u00e9sidence afin de maintenir un <strong data-start=\"2639\" data-end=\"2664\">projet de vie partag\u00e9<\/strong>.<\/p>\n<hr data-start=\"2667\" data-end=\"2670\">\n<h3 data-start=\"2672\" data-end=\"2710\">Qualit\u00e9, bientraitance et s\u00e9curit\u00e9<\/h3>\n<p data-start=\"2711\" data-end=\"2910\">L\u2019EHPAD est engag\u00e9 dans une <strong data-start=\"2739\" data-end=\"2791\">d\u00e9marche continue de qualit\u00e9 et de bientraitance<\/strong>, en lien avec la politique qualit\u00e9 du Centre Hospitalier et les exigences nationales.<br data-start=\"2877\" data-end=\"2880\">Nos pratiques s\u2019appuient sur :<\/p>\n<ul data-start=\"2912\" data-end=\"3155\">\n<li data-start=\"2912\" data-end=\"2960\">\n<p data-start=\"2914\" data-end=\"2960\">Le r\u00e9f\u00e9rentiel et le manuel d&rsquo;\u00e9valuation<strong data-start=\"2917\" data-end=\"2938\">&nbsp;HAS<\/strong><\/p>\n<\/li>\n<li data-start=\"2961\" data-end=\"3014\">\n<p data-start=\"2963\" data-end=\"3014\">Le <strong data-start=\"2966\" data-end=\"3014\">Plan de pr\u00e9vention du risque de maltraitance<\/strong><\/p>\n<\/li>\n<li data-start=\"3015\" data-end=\"3084\">\n<p data-start=\"3017\" data-end=\"3084\">L\u2019\u00e9valuation r\u00e9guli\u00e8re de la satisfaction des r\u00e9sidents et familles<\/p>\n<\/li>\n<li data-start=\"3085\" data-end=\"3127\">\n<p data-start=\"3087\" data-end=\"3127\">La formation continue des professionnels<\/p>\n<\/li>\n<li data-start=\"3128\" data-end=\"3155\">\n<p data-start=\"3130\" data-end=\"3155\">Les attentes des usagers traduites en Conseil de Vie Sociale<\/p>\n<\/li>\n<\/ul>\n<p data-start=\"3157\" data-end=\"3261\">La s\u00e9curit\u00e9, le respect des droits et la dignit\u00e9 des personnes accueillies sont au c\u0153ur de notre action.<\/p>\n<hr data-start=\"3263\" data-end=\"3266\">\n<h3 data-start=\"3268\" data-end=\"3292\">Admission et contact<\/h3>\n<p data-start=\"3293\" data-end=\"3357\">Pour toute demande d\u2019admission ou de visite de l\u2019\u00e9tablissement :<\/p>\n<p data-start=\"3359\" data-end=\"3505\"><img decoding=\"async\" draggable=\"false\" role=\"img\" class=\"emoji\" alt=\"\ud83d\udcde\" src=\"https:\/\/s.w.org\/images\/core\/emoji\/17.0.2\/svg\/1f4de.svg\"> T\u00e9l\u00e9phone : <strong>+590<\/strong> <strong>590 773 573<\/strong><br data-start=\"3389\" data-end=\"3392\"><img decoding=\"async\" draggable=\"false\" role=\"img\" class=\"emoji\" alt=\"\ud83d\udce7\" src=\"https:\/\/s.w.org\/images\/core\/emoji\/17.0.2\/svg\/1f4e7.svg\"> Email : <strong><a href=\"mailto:ehpad.accueil@chsaintbarth.fr\">ehpad.accueil@chsaintbarth.fr<\/a><\/strong><br data-start=\"3418\" data-end=\"3421\"><img decoding=\"async\" draggable=\"false\" role=\"img\" class=\"emoji\" alt=\"\ud83d\udccd\" src=\"https:\/\/s.w.org\/images\/core\/emoji\/17.0.2\/svg\/1f4cd.svg\"> Adresse : <strong>5, rue du P\u00e8re Ir\u00e9n\u00e9e de Bruyn<\/strong><br data-start=\"3449\" data-end=\"3452\"><img decoding=\"async\" draggable=\"false\" role=\"img\" class=\"emoji\" alt=\"\ud83d\udd53\" src=\"https:\/\/s.w.org\/images\/core\/emoji\/17.0.2\/svg\/1f553.svg\"> Accueil administratif :<\/p>\n<p><strong>Lundi, mardi, jeudi : 08H \u00e0 16H30<\/strong><\/p>\n<p><strong>Mercredi : 08H00-12H30<\/strong><\/p>\n<p><strong>Vendredi : 08H00-13H00<\/strong><\/p>\n<p data-start=\"3507\" data-end=\"3629\">Notre \u00e9quipe est \u00e0 votre disposition pour vous accompagner dans les d\u00e9marches administratives et r\u00e9pondre \u00e0 vos questions.<\/p>\t\t\t\t\t\t\t\t<\/div>\n\t\t\t\t\t<\/div>\n\t\t\t\t<\/div>\n\t\t\t\t<\/div>\n\t\t","protected":false},"excerpt":{"rendered":"<p>EHPAD Louis VIALENC Prendre soin de nos seniors est un de nos engagements crucial. Nous contacter Pr\u00e9sentation g\u00e9n\u00e9rale L\u2019\u00c9tablissement d\u2019H\u00e9bergement pour Personnes \u00c2g\u00e9es D\u00e9pendantes (EHPAD) Louis Vialenc accueille des personnes \u00e2g\u00e9es en perte d\u2019autonomie n\u00e9cessitant un accompagnement quotidien.Rattach\u00e9 au Centre Hospitalier Ir\u00e9n\u00e9e de Bruyn et install\u00e9 sur le m\u00eame site que l&rsquo;h\u00f4pital, l\u2019EHPAD constitue un [&hellip;]<\/p>\n","protected":false},"author":1,"featured_media":0,"parent":0,"menu_order":0,"comment_status":"closed","ping_status":"closed","template":"","meta":{"_exactmetrics_skip_tracking":false,"_exactmetrics_sitenote_active":false,"_exactmetrics_sitenote_note":"","_exactmetrics_sitenote_category":0,"footnotes":""},"class_list":["post-710","page","type-page","status-publish","hentry"],"_links":{"self":[{"href":"https:\/\/chsaintbarth.fr\/index.php?rest_route=\/wp\/v2\/pages\/710","targetHints":{"allow":["GET"]}}],"collection":[{"href":"https:\/\/chsaintbarth.fr\/index.php?rest_route=\/wp\/v2\/pages"}],"about":[{"href":"https:\/\/chsaintbarth.fr\/index.php?rest_route=\/wp\/v2\/types\/page"}],"author":[{"embeddable":true,"href":"https:\/\/chsaintbarth.fr\/index.php?rest_route=\/wp\/v2\/users\/1"}],"replies":[{"embeddable":true,"href":"https:\/\/chsaintbarth.fr\/index.php?rest_route=%2Fwp%2Fv2%2Fcomments&post=710"}],"version-history":[{"count":29,"href":"https:\/\/chsaintbarth.fr\/index.php?rest_route=\/wp\/v2\/pages\/710\/revisions"}],"predecessor-version":[{"id":1876,"href":"https:\/\/chsaintbarth.fr\/index.php?rest_route=\/wp\/v2\/pages\/710\/revisions\/1876"}],"wp:attachment":[{"href":"https:\/\/chsaintbarth.fr\/index.php?rest_route=%2Fwp%2Fv2%2Fmedia&parent=710"}],"curies":[{"name":"wp","href":"https:\/\/api.w.org\/{rel}","templated":true}]}}