{"id":295,"date":"2025-09-27T23:12:44","date_gmt":"2025-09-27T21:12:44","guid":{"rendered":"https:\/\/chsaintbarth.fr\/?page_id=295"},"modified":"2026-03-13T17:27:08","modified_gmt":"2026-03-13T16:27:08","slug":"urgences-2","status":"publish","type":"page","link":"https:\/\/chsaintbarth.fr\/?page_id=295","title":{"rendered":"Urgences"},"content":{"rendered":"\t\t<div data-elementor-type=\"wp-page\" data-elementor-id=\"295\" class=\"elementor elementor-295\">\n\t\t\t\t<div class=\"elementor-element elementor-element-202e154 e-flex e-con-boxed e-con e-parent\" data-id=\"202e154\" data-element_type=\"container\" data-e-type=\"container\">\n\t\t\t\t\t<div class=\"e-con-inner\">\n\t\t\t\t<div class=\"elementor-element elementor-element-1267510 cpel-switcher--align-right cpel-switcher--layout-horizontal cpel-switcher--aspect-ratio-43 elementor-widget elementor-widget-polylang-language-switcher\" data-id=\"1267510\" data-element_type=\"widget\" data-e-type=\"widget\" data-widget_type=\"polylang-language-switcher.default\">\n\t\t\t\t<div class=\"elementor-widget-container\">\n\t\t\t\t\t<nav class=\"cpel-switcher__nav\"><ul class=\"cpel-switcher__list\"><li class=\"cpel-switcher__lang\"><a lang=\"fr-FR\" hreflang=\"fr-FR\" href=\"https:\/\/chsaintbarth.fr\/?page_id=295\"><span class=\"cpel-switcher__flag cpel-switcher__flag--fr\"><img decoding=\"async\" src=\"data:image\/svg+xml;base64,PHN2ZyB3aWR0aD0iMjEiIGhlaWdodD0iMTUiIHhtbG5zPSJodHRwOi8vd3d3LnczLm9yZy8yMDAwL3N2ZyI+PGRlZnM+PGxpbmVhckdyYWRpZW50IHgxPSI1MCUiIHkxPSIwJSIgeDI9IjUwJSIgeTI9IjEwMCUiIGlkPSJhIj48c3RvcCBzdG9wLWNvbG9yPSIjRkZGIiBvZmZzZXQ9IjAlIi8+PHN0b3Agc3RvcC1jb2xvcj0iI0YwRjBGMCIgb2Zmc2V0PSIxMDAlIi8+PC9saW5lYXJHcmFkaWVudD48bGluZWFyR3JhZGllbnQgeDE9IjUwJSIgeTE9IjAlIiB4Mj0iNTAlIiB5Mj0iMTAwJSIgaWQ9ImIiPjxzdG9wIHN0b3AtY29sb3I9IiNGNDQ2NTMiIG9mZnNldD0iMCUiLz48c3RvcCBzdG9wLWNvbG9yPSIjRUUyQTM5IiBvZmZzZXQ9IjEwMCUiLz48L2xpbmVhckdyYWRpZW50PjxsaW5lYXJHcmFkaWVudCB4MT0iNTAlIiB5MT0iMCUiIHgyPSI1MCUiIHkyPSIxMDAlIiBpZD0iYyI+PHN0b3Agc3RvcC1jb2xvcj0iIzEwMzVCQiIgb2Zmc2V0PSIwJSIvPjxzdG9wIHN0b3AtY29sb3I9IiMwNDIzOTYiIG9mZnNldD0iMTAwJSIvPjwvbGluZWFyR3JhZGllbnQ+PC9kZWZzPjxnIGZpbGw9Im5vbmUiIGZpbGwtcnVsZT0iZXZlbm9kZCI+PHBhdGggZmlsbD0idXJsKCNhKSIgZD0iTTAgMGgyMXYxNUgweiIvPjxwYXRoIGZpbGw9InVybCgjYikiIGQ9Ik0xMCAwaDExdjE1SDEweiIvPjxwYXRoIGZpbGw9InVybCgjYykiIGQ9Ik0wIDBoN3YxNUgweiIvPjxwYXRoIGZpbGw9InVybCgjYSkiIGQ9Ik03IDBoN3YxNUg3eiIvPjwvZz48L3N2Zz4=\" alt=\"Fran\u00e7ais\" \/><\/span><\/a><\/li><li class=\"cpel-switcher__lang\"><a lang=\"en-US\" hreflang=\"en-US\" href=\"https:\/\/chsaintbarth.fr\/?page_id=1725&#038;lang=en\"><span class=\"cpel-switcher__flag cpel-switcher__flag--us\"><img decoding=\"async\" src=\"data:image\/svg+xml;base64,PHN2ZyB3aWR0aD0iMjEiIGhlaWdodD0iMTUiIHhtbG5zPSJodHRwOi8vd3d3LnczLm9yZy8yMDAwL3N2ZyI+PGRlZnM+PGxpbmVhckdyYWRpZW50IHgxPSI1MCUiIHkxPSIwJSIgeDI9IjUwJSIgeTI9IjEwMCUiIGlkPSJhIj48c3RvcCBzdG9wLWNvbG9yPSIjRkZGIiBvZmZzZXQ9IjAlIi8+PHN0b3Agc3RvcC1jb2xvcj0iI0YwRjBGMCIgb2Zmc2V0PSIxMDAlIi8+PC9saW5lYXJHcmFkaWVudD48bGluZWFyR3JhZGllbnQgeDE9IjUwJSIgeTE9IjAlIiB4Mj0iNTAlIiB5Mj0iMTAwJSIgaWQ9ImIiPjxzdG9wIHN0b3AtY29sb3I9IiNEMDJGNDQiIG9mZnNldD0iMCUiLz48c3RvcCBzdG9wLWNvbG9yPSIjQjEyNTM3IiBvZmZzZXQ9IjEwMCUiLz48L2xpbmVhckdyYWRpZW50PjxsaW5lYXJHcmFkaWVudCB4MT0iNTAlIiB5MT0iMCUiIHgyPSI1MCUiIHkyPSIxMDAlIiBpZD0iYyI+PHN0b3Agc3RvcC1jb2xvcj0iIzQ2NDY3RiIgb2Zmc2V0PSIwJSIvPjxzdG9wIHN0b3AtY29sb3I9IiMzQzNDNkQiIG9mZnNldD0iMTAwJSIvPjwvbGluZWFyR3JhZGllbnQ+PC9kZWZzPjxnIGZpbGw9Im5vbmUiIGZpbGwtcnVsZT0iZXZlbm9kZCI+PHBhdGggZmlsbD0idXJsKCNhKSIgZD0iTTAgMGgyMXYxNUgweiIvPjxwYXRoIGQ9Ik0wIDBoMjF2MUgwVjB6bTAgMmgyMXYxSDBWMnptMCAyaDIxdjFIMFY0em0wIDJoMjF2MUgwVjZ6bTAgMmgyMXYxSDBWOHptMCAyaDIxdjFIMHYtMXptMCAyaDIxdjFIMHYtMXptMCAyaDIxdjFIMHYtMXoiIGZpbGw9InVybCgjYikiLz48cGF0aCBmaWxsPSJ1cmwoI2MpIiBkPSJNMCAwaDl2N0gweiIvPjxwYXRoIGQ9Ik0xLjUgMmEuNS41IDAgMTEwLTEgLjUuNSAwIDAxMCAxem0yIDBhLjUuNSAwIDExMC0xIC41LjUgMCAwMTAgMXptMiAwYS41LjUgMCAxMTAtMSAuNS41IDAgMDEwIDF6bTIgMGEuNS41IDAgMTEwLTEgLjUuNSAwIDAxMCAxem0tNSAxYS41LjUgMCAxMTAtMSAuNS41IDAgMDEwIDF6bTIgMGEuNS41IDAgMTEwLTEgLjUuNSAwIDAxMCAxem0yIDBhLjUuNSAwIDExMC0xIC41LjUgMCAwMTAgMXptMSAxYS41LjUgMCAxMTAtMSAuNS41IDAgMDEwIDF6bS0yIDBhLjUuNSAwIDExMC0xIC41LjUgMCAwMTAgMXptLTIgMGEuNS41IDAgMTEwLTEgLjUuNSAwIDAxMCAxem0tMiAwYS41LjUgMCAxMTAtMSAuNS41IDAgMDEwIDF6bTEgMWEuNS41IDAgMTEwLTEgLjUuNSAwIDAxMCAxem0yIDBhLjUuNSAwIDExMC0xIC41LjUgMCAwMTAgMXptMiAwYS41LjUgMCAxMTAtMSAuNS41IDAgMDEwIDF6bTEgMWEuNS41IDAgMTEwLTEgLjUuNSAwIDAxMCAxem0tMiAwYS41LjUgMCAxMTAtMSAuNS41IDAgMDEwIDF6bS0yIDBhLjUuNSAwIDExMC0xIC41LjUgMCAwMTAgMXptLTIgMGEuNS41IDAgMTEwLTEgLjUuNSAwIDAxMCAxeiIgZmlsbD0idXJsKCNhKSIvPjwvZz48L3N2Zz4=\" alt=\"English\" \/><\/span><\/a><\/li><li class=\"cpel-switcher__lang\"><a lang=\"pt-AO\" hreflang=\"pt-AO\" href=\"https:\/\/chsaintbarth.fr\/?page_id=1733&#038;lang=pt\"><span class=\"cpel-switcher__flag cpel-switcher__flag--pt\"><img decoding=\"async\" src=\"data:image\/svg+xml;base64,PHN2ZyB3aWR0aD0iMjEiIGhlaWdodD0iMTUiIHhtbG5zPSJodHRwOi8vd3d3LnczLm9yZy8yMDAwL3N2ZyI+PGRlZnM+PGxpbmVhckdyYWRpZW50IHgxPSI1MCUiIHkxPSIwJSIgeDI9IjUwJSIgeTI9IjEwMCUiIGlkPSJhIj48c3RvcCBzdG9wLWNvbG9yPSIjRkZGIiBvZmZzZXQ9IjAlIi8+PHN0b3Agc3RvcC1jb2xvcj0iI0YwRjBGMCIgb2Zmc2V0PSIxMDAlIi8+PC9saW5lYXJHcmFkaWVudD48bGluZWFyR3JhZGllbnQgeDE9IjUwJSIgeTE9IjAlIiB4Mj0iNTAlIiB5Mj0iMTAwJSIgaWQ9ImIiPjxzdG9wIHN0b3AtY29sb3I9IiNGRjI5MzYiIG9mZnNldD0iMCUiLz48c3RvcCBzdG9wLWNvbG9yPSIjRkQwRDFCIiBvZmZzZXQ9IjEwMCUiLz48L2xpbmVhckdyYWRpZW50PjxsaW5lYXJHcmFkaWVudCB4MT0iNTAlIiB5MT0iMCUiIHgyPSI1MCUiIHkyPSIxMDAlIiBpZD0iYyI+PHN0b3Agc3RvcC1jb2xvcj0iIzEyODQxNSIgb2Zmc2V0PSIwJSIvPjxzdG9wIHN0b3AtY29sb3I9IiMwQTY1MEMiIG9mZnNldD0iMTAwJSIvPjwvbGluZWFyR3JhZGllbnQ+PGxpbmVhckdyYWRpZW50IHgxPSI1MCUiIHkxPSIwJSIgeDI9IjUwJSIgeTI9IjEwMCUiIGlkPSJkIj48c3RvcCBzdG9wLWNvbG9yPSIjRkFGOTRGIiBvZmZzZXQ9IjAlIi8+PHN0b3Agc3RvcC1jb2xvcj0iI0Y4RjczNiIgb2Zmc2V0PSIxMDAlIi8+PC9saW5lYXJHcmFkaWVudD48bGluZWFyR3JhZGllbnQgeDE9IjUwJSIgeTE9IjAlIiB4Mj0iNTAlIiB5Mj0iMTAwJSIgaWQ9ImUiPjxzdG9wIHN0b3AtY29sb3I9IiMxRDUwQjUiIG9mZnNldD0iMCUiLz48c3RvcCBzdG9wLWNvbG9yPSIjMTU0MzlEIiBvZmZzZXQ9IjEwMCUiLz48L2xpbmVhckdyYWRpZW50PjwvZGVmcz48ZyBmaWxsPSJub25lIiBmaWxsLXJ1bGU9ImV2ZW5vZGQiPjxwYXRoIGZpbGw9InVybCgjYSkiIGQ9Ik0wIDBoMjF2MTVIMHoiLz48cGF0aCBmaWxsPSJ1cmwoI2IpIiBkPSJNMCAwaDIxdjE1SDB6Ii8+PHBhdGggZmlsbD0idXJsKCNjKSIgZD0iTTAgMGg4djE1SDB6Ii8+PHBhdGggZD0iTTggOS41YTIgMiAwIDEwMC00IDIgMiAwIDAwMCA0em0wIDFhMyAzIDAgMTEwLTYgMyAzIDAgMDEwIDZ6IiBmaWxsPSJ1cmwoI2QpIiBmaWxsLXJ1bGU9Im5vbnplcm8iLz48cGF0aCBkPSJNNyA2LjI1NkEuMjUuMjUgMCAwMTcuMjQ1IDZoMS41MUEuMjUuMjUgMCAwMTkgNi4yNTZWOGEuOTk3Ljk5NyAwIDAxLTEgMWMtLjU1MiAwLTEtLjQ0My0xLS45OTlWNi4yNTZ6IiBmaWxsPSJ1cmwoI2EpIi8+PHBhdGggZD0iTTggOGMuMjc2IDAgLjUtLjcyNC41LTFhLjUuNSAwIDAwLTEgMGMwIC4yNzYuMjI0IDEgLjUgMXoiIGZpbGw9InVybCgjZSkiLz48L2c+PC9zdmc+\" alt=\"Portugu\u00eas\" \/><\/span><\/a><\/li><\/ul><\/nav>\t\t\t\t<\/div>\n\t\t\t\t<\/div>\n\t\t\t\t\t<\/div>\n\t\t\t\t<\/div>\n\t\t<div class=\"elementor-element elementor-element-d616420 e-flex e-con-boxed e-con e-parent\" data-id=\"d616420\" data-element_type=\"container\" data-e-type=\"container\">\n\t\t\t\t\t<div class=\"e-con-inner\">\n\t\t\t\t<div class=\"elementor-element elementor-element-2ccf32d elementor-widget elementor-widget-flex-hero\" data-id=\"2ccf32d\" data-element_type=\"widget\" data-e-type=\"widget\" data-settings=\"{&quot;layout_preset&quot;:&quot;showcase&quot;,&quot;layout_column_structure&quot;:&quot;50-50&quot;,&quot;layout_image_position&quot;:&quot;end&quot;,&quot;primary_button_shape&quot;:&quot;default&quot;,&quot;image_shape&quot;:&quot;sharp&quot;,&quot;box_shape&quot;:&quot;sharp&quot;}\" data-widget_type=\"flex-hero.default\">\n\t\t\t\t<div class=\"elementor-widget-container\">\n\t\t\t\t\t\t\t<div class=\"has-shape-sharp shape-type-box has-column-structure-50-50  ehp-flex-hero has-layout-preset-showcase has-image-position-end\">\n\t\t\t\t\t\t<div class=\"ehp-flex-hero__overlay\"><\/div>\n\t\t\t<div class=\"ehp-flex-hero__content-container\">\n\t\t\t\t<p class=\"ehp-flex-hero__intro\">En cas d\u2019urgence, un seul num\u00e9ro : le 15<\/p><h2 class=\"ehp-flex-hero__heading\">Urgences<\/h2><h3 class=\"ehp-flex-hero__subheading\">Nos \u00e9quipes sont mobilis\u00e9es pour vous orienter rapidement vers la prise en charge adapt\u00e9e.<\/h3>\t\t\t<div class=\"ehp-flex-hero__ctas-container\">\n\t\t\t\t\t\t\t\t\t\t\t<\/div>\n\t\t\t\t\t<\/div>\n\t\t\t\t<div class=\"ehp-flex-hero__image-wrapper\">\n\t\t\t\t\t<div class=\"ehp-image ehp-flex-hero__image-container\">\n\t\t\t\t<img decoding=\"async\" class=\"ehp-image__img ehp-flex-hero__img has-shape-sharp shape-type-image\" src=\"https:\/\/chsaintbarth.fr\/wp-content\/uploads\/2025\/10\/PHOTO-2025-10-17-17-49-31.jpg\" title=\"PHOTO-2025-10-17-17-49-31\" alt=\"PHOTO-2025-10-17-17-49-31\" loading=\"lazy\" \/>\t\t\t<\/div>\n\t\t\t\t\t<\/div>\n\t\t\t\t<\/div>\n\t\t\t\t\t\t<\/div>\n\t\t\t\t<\/div>\n\t\t\t\t\t<\/div>\n\t\t\t\t<\/div>\n\t\t<div class=\"elementor-element elementor-element-9743c37 e-flex e-con-boxed e-con e-parent\" data-id=\"9743c37\" data-element_type=\"container\" data-e-type=\"container\">\n\t\t\t\t\t<div class=\"e-con-inner\">\n\t\t\t\t<div class=\"elementor-element elementor-element-f85396a elementor-view-default elementor-widget elementor-widget-icon\" data-id=\"f85396a\" data-element_type=\"widget\" data-e-type=\"widget\" data-widget_type=\"icon.default\">\n\t\t\t\t\t\t\t<div class=\"elementor-icon-wrapper\">\n\t\t\t<div class=\"elementor-icon\">\n\t\t\t<svg aria-hidden=\"true\" class=\"e-font-icon-svg e-fas-stethoscope\" viewBox=\"0 0 512 512\" xmlns=\"http:\/\/www.w3.org\/2000\/svg\"><path d=\"M447.1 112c-34.2.5-62.3 28.4-63 62.6-.5 24.3 12.5 45.6 32 56.8V344c0 57.3-50.2 104-112 104-60 0-109.2-44.1-111.9-99.2C265 333.8 320 269.2 320 192V36.6c0-11.4-8.1-21.3-19.3-23.5L237.8.5c-13-2.6-25.6 5.8-28.2 18.8L206.4 35c-2.6 13 5.8 25.6 18.8 28.2l30.7 6.1v121.4c0 52.9-42.2 96.7-95.1 97.2-53.4.5-96.9-42.7-96.9-96V69.4l30.7-6.1c13-2.6 21.4-15.2 18.8-28.2l-3.1-15.7C107.7 6.4 95.1-2 82.1.6L19.3 13C8.1 15.3 0 25.1 0 36.6V192c0 77.3 55.1 142 128.1 156.8C130.7 439.2 208.6 512 304 512c97 0 176-75.4 176-168V231.4c19.1-11.1 32-31.7 32-55.4 0-35.7-29.2-64.5-64.9-64zm.9 80c-8.8 0-16-7.2-16-16s7.2-16 16-16 16 7.2 16 16-7.2 16-16 16z\"><\/path><\/svg>\t\t\t<\/div>\n\t\t<\/div>\n\t\t\t\t\t\t<\/div>\n\t\t\t\t<div class=\"elementor-element elementor-element-176b38f elementor-widget elementor-widget-heading\" data-id=\"176b38f\" data-element_type=\"widget\" data-e-type=\"widget\" data-widget_type=\"heading.default\">\n\t\t\t\t\t<h2 class=\"elementor-heading-title elementor-size-default\">Une Urgence ?<\/h2>\t\t\t\t<\/div>\n\t\t<div class=\"elementor-element elementor-element-92b624f e-con-full e-flex e-con e-child\" data-id=\"92b624f\" data-element_type=\"container\" data-e-type=\"container\">\n\t\t\t\t<div class=\"elementor-element elementor-element-41420d8 elementor-widget-tablet__width-initial elementor-widget-mobile__width-inherit elementor-widget__width-initial elementor-position-top elementor-widget elementor-widget-image-box\" data-id=\"41420d8\" data-element_type=\"widget\" data-e-type=\"widget\" data-widget_type=\"image-box.default\">\n\t\t\t\t\t<div class=\"elementor-image-box-wrapper\"><figure class=\"elementor-image-box-img\"><img fetchpriority=\"high\" decoding=\"async\" width=\"1024\" height=\"1024\" src=\"https:\/\/chsaintbarth.fr\/wp-content\/uploads\/2025\/10\/Avant-de-venir.png\" class=\"elementor-animation-grow attachment-full size-full wp-image-781\" alt=\"\" srcset=\"https:\/\/chsaintbarth.fr\/wp-content\/uploads\/2025\/10\/Avant-de-venir.png 1024w, https:\/\/chsaintbarth.fr\/wp-content\/uploads\/2025\/10\/Avant-de-venir-300x300.png 300w, https:\/\/chsaintbarth.fr\/wp-content\/uploads\/2025\/10\/Avant-de-venir-150x150.png 150w, https:\/\/chsaintbarth.fr\/wp-content\/uploads\/2025\/10\/Avant-de-venir-768x768.png 768w, https:\/\/chsaintbarth.fr\/wp-content\/uploads\/2025\/10\/elementor\/thumbs\/Avant-de-venir-rd7h2csxrmamw3nqb6hr0h5nplyg30a9u0u35073f4.png 1000w\" sizes=\"(max-width: 1024px) 100vw, 1024px\" \/><\/figure><div class=\"elementor-image-box-content\"><h4 class=\"elementor-image-box-title\"><h3 style=\"font-family:Poppins, sans-serif;font-size:20px;color:#4287c7;text-align:center;margin-bottom:8px\">   Avant de venir <\/h3><\/h4><p class=\"elementor-image-box-description\"><p style=\"font-family:Poppins, sans-serif;font-size:16px;color:#4287c7;text-align:center;margin:0\">\n  Un seul num\u00e9ro \u00e0 composer : le <strong>15<\/strong>. Selon l\u2019\u00e2ge, l\u2019heure ou le jour, l\u2019orientation peut \u00eatre diff\u00e9rente, et parfois la situation n\u2019est pas urgente.\n<\/p><\/p><\/div><\/div>\t\t\t\t<\/div>\n\t\t\t\t<div class=\"elementor-element elementor-element-7622894 elementor-widget-tablet__width-initial elementor-widget-mobile__width-inherit elementor-widget__width-initial elementor-position-top elementor-widget elementor-widget-image-box\" data-id=\"7622894\" data-element_type=\"widget\" data-e-type=\"widget\" data-widget_type=\"image-box.default\">\n\t\t\t\t\t<div class=\"elementor-image-box-wrapper\"><figure class=\"elementor-image-box-img\"><img decoding=\"async\" width=\"1024\" height=\"1024\" src=\"https:\/\/chsaintbarth.fr\/wp-content\/uploads\/2025\/10\/Evaluation-par-le-15-2.jpg\" class=\"elementor-animation-grow attachment-full size-full wp-image-774\" alt=\"\" srcset=\"https:\/\/chsaintbarth.fr\/wp-content\/uploads\/2025\/10\/Evaluation-par-le-15-2.jpg 1024w, https:\/\/chsaintbarth.fr\/wp-content\/uploads\/2025\/10\/Evaluation-par-le-15-2-300x300.jpg 300w, https:\/\/chsaintbarth.fr\/wp-content\/uploads\/2025\/10\/Evaluation-par-le-15-2-150x150.jpg 150w, https:\/\/chsaintbarth.fr\/wp-content\/uploads\/2025\/10\/Evaluation-par-le-15-2-768x768.jpg 768w\" sizes=\"(max-width: 1024px) 100vw, 1024px\" \/><\/figure><div class=\"elementor-image-box-content\"><h4 class=\"elementor-image-box-title\"><h3 style=\"font-family:Poppins, sans-serif;font-size:20px;color:#4287c7;text-align:center;margin-bottom:8px\">   \u00c9valuation par le 15 <\/h3><\/h4><p class=\"elementor-image-box-description\"><p style=\"font-family:Poppins, sans-serif;font-size:16px;color:#4287c7;text-align:center;margin:0\">\n  En appelant le <strong>15<\/strong>, vous \u00eates mis en relation avec un infirmier sp\u00e9cialis\u00e9 en psychiatrie. Il \u00e9value la situation et d\u00e9termine si elle n\u00e9cessite une prise en charge imm\u00e9diate.\n<\/p><\/p><\/div><\/div>\t\t\t\t<\/div>\n\t\t\t\t<div class=\"elementor-element elementor-element-b360cf0 elementor-widget-tablet__width-initial elementor-widget-mobile__width-inherit elementor-widget__width-initial elementor-position-top elementor-widget elementor-widget-image-box\" data-id=\"b360cf0\" data-element_type=\"widget\" data-e-type=\"widget\" data-widget_type=\"image-box.default\">\n\t\t\t\t\t<div class=\"elementor-image-box-wrapper\"><figure class=\"elementor-image-box-img\"><img decoding=\"async\" width=\"1024\" height=\"1024\" src=\"https:\/\/chsaintbarth.fr\/wp-content\/uploads\/2025\/10\/Si-urgence-2.jpg\" class=\"elementor-animation-grow attachment-full size-full wp-image-775\" alt=\"\" srcset=\"https:\/\/chsaintbarth.fr\/wp-content\/uploads\/2025\/10\/Si-urgence-2.jpg 1024w, https:\/\/chsaintbarth.fr\/wp-content\/uploads\/2025\/10\/Si-urgence-2-300x300.jpg 300w, https:\/\/chsaintbarth.fr\/wp-content\/uploads\/2025\/10\/Si-urgence-2-150x150.jpg 150w, https:\/\/chsaintbarth.fr\/wp-content\/uploads\/2025\/10\/Si-urgence-2-768x768.jpg 768w\" sizes=\"(max-width: 1024px) 100vw, 1024px\" \/><\/figure><div class=\"elementor-image-box-content\"><h4 class=\"elementor-image-box-title\"><h3 style=\"font-family:Poppins, sans-serif;font-size:20px;color:#4287c7;text-align:center;margin-bottom:8px\">En cas d'urgence majeure <\/h3><\/h4><p class=\"elementor-image-box-description\"><p style=\"font-family:Poppins, sans-serif;font-size:16px;color:#4287c7;text-align:center;margin:0\">\nSelon le niveau d'urgence, le <strong>15<\/strong> d\u00e9clenche le Service Territorial d'Incendie et de Secours (STIS 977) et\/ou le Service Mobile d'Urgence et de R\u00e9animation (SMUR). Vous recevrez alors les premiers soins avant transport et prise en charge aux urgences du centre hospitalier.\n<\/p><\/p><\/div><\/div>\t\t\t\t<\/div>\n\t\t\t\t<div class=\"elementor-element elementor-element-4448170 elementor-widget-tablet__width-initial elementor-widget-mobile__width-inherit elementor-widget__width-initial elementor-position-top elementor-widget elementor-widget-image-box\" data-id=\"4448170\" data-element_type=\"widget\" data-e-type=\"widget\" data-widget_type=\"image-box.default\">\n\t\t\t\t\t<div class=\"elementor-image-box-wrapper\"><figure class=\"elementor-image-box-img\"><img loading=\"lazy\" decoding=\"async\" width=\"1024\" height=\"1024\" src=\"https:\/\/chsaintbarth.fr\/wp-content\/uploads\/2025\/10\/Si-non-urgence-2.jpg\" class=\"elementor-animation-grow attachment-full size-full wp-image-773\" alt=\"\" srcset=\"https:\/\/chsaintbarth.fr\/wp-content\/uploads\/2025\/10\/Si-non-urgence-2.jpg 1024w, https:\/\/chsaintbarth.fr\/wp-content\/uploads\/2025\/10\/Si-non-urgence-2-300x300.jpg 300w, https:\/\/chsaintbarth.fr\/wp-content\/uploads\/2025\/10\/Si-non-urgence-2-150x150.jpg 150w, https:\/\/chsaintbarth.fr\/wp-content\/uploads\/2025\/10\/Si-non-urgence-2-768x768.jpg 768w\" sizes=\"(max-width: 1024px) 100vw, 1024px\" \/><\/figure><div class=\"elementor-image-box-content\"><h4 class=\"elementor-image-box-title\"><h3 style=\"font-family:Poppins, sans-serif;font-size:20px;color:#4287c7;text-align:center;margin-bottom:8px\"> En cas d'urgence relative<\/h3><\/h4><p class=\"elementor-image-box-description\"><p style=\"font-family:Poppins, sans-serif;font-size:16px;color:#4287c7;text-align:center;margin:0\">\n  Le <strong>15<\/strong> vous invitera \u00e0 vous rapprocher du service des urgences.\n<\/p><\/p><\/div><\/div>\t\t\t\t<\/div>\n\t\t\t\t<\/div>\n\t\t\t\t\t<\/div>\n\t\t\t\t<\/div>\n\t\t<div class=\"elementor-element elementor-element-d0f83cc e-flex e-con-boxed e-con e-parent\" data-id=\"d0f83cc\" data-element_type=\"container\" data-e-type=\"container\">\n\t\t\t\t\t<div class=\"e-con-inner\">\n\t\t<div class=\"elementor-element elementor-element-27a30ad e-con-full e-flex e-con e-child\" data-id=\"27a30ad\" data-element_type=\"container\" data-e-type=\"container\">\n\t\t\t\t<\/div>\n\t\t<div class=\"elementor-element elementor-element-2e23e9b e-con-full e-flex e-con e-child\" data-id=\"2e23e9b\" data-element_type=\"container\" data-e-type=\"container\">\n\t\t\t\t<div class=\"elementor-element elementor-element-4622a4a elementor-widget elementor-widget-text-editor\" data-id=\"4622a4a\" data-element_type=\"widget\" data-e-type=\"widget\" data-widget_type=\"text-editor.default\">\n\t\t\t\t\t\t\t\t\t<p>En cas d\u2019urgence, ne vous d\u00e9placez pas directement sans avoir appel\u00e9 le <strong data-start=\"2529\" data-end=\"2535\">15<\/strong>. Ce num\u00e9ro national permet d\u2019\u00e9valuer la gravit\u00e9 de la situation et d\u2019orienter imm\u00e9diatement la personne concern\u00e9e vers le lieu de soins adapt\u00e9. Les \u00e9quipes du CHIDB sont en lien avec le SAMU de Guadeloupe pour assurer une prise en charge rapide et s\u00e9curis\u00e9e.<\/p>\t\t\t\t\t\t\t\t<\/div>\n\t\t\t\t<\/div>\n\t\t<div class=\"elementor-element elementor-element-eb5fafc e-con-full e-flex e-con e-child\" data-id=\"eb5fafc\" data-element_type=\"container\" data-e-type=\"container\">\n\t\t\t\t<\/div>\n\t\t\t\t\t<\/div>\n\t\t\t\t<\/div>\n\t\t<div class=\"elementor-element elementor-element-2439d96 e-flex e-con-boxed e-con e-parent\" data-id=\"2439d96\" data-element_type=\"container\" data-e-type=\"container\">\n\t\t\t\t\t<div class=\"e-con-inner\">\n\t\t<div class=\"elementor-element elementor-element-29d5f32 e-con-full e-flex e-con e-child\" data-id=\"29d5f32\" data-element_type=\"container\" data-e-type=\"container\">\n\t\t\t\t<\/div>\n\t\t<div class=\"elementor-element elementor-element-9a69b92 e-con-full e-flex e-con e-child\" data-id=\"9a69b92\" data-element_type=\"container\" data-e-type=\"container\">\n\t\t\t\t<div class=\"elementor-element elementor-element-5299b71 elementor-widget-divider--view-line elementor-widget elementor-widget-divider\" data-id=\"5299b71\" data-element_type=\"widget\" data-e-type=\"widget\" data-widget_type=\"divider.default\">\n\t\t\t\t\t\t\t<div class=\"elementor-divider\">\n\t\t\t<span class=\"elementor-divider-separator\">\n\t\t\t\t\t\t<\/span>\n\t\t<\/div>\n\t\t\t\t\t\t<\/div>\n\t\t\t\t<\/div>\n\t\t<div class=\"elementor-element elementor-element-11b7034 e-con-full e-flex e-con e-child\" data-id=\"11b7034\" data-element_type=\"container\" data-e-type=\"container\">\n\t\t\t\t<\/div>\n\t\t\t\t\t<\/div>\n\t\t\t\t<\/div>\n\t\t<div class=\"elementor-element elementor-element-c6ca778 e-flex e-con-boxed e-con e-parent\" data-id=\"c6ca778\" data-element_type=\"container\" data-e-type=\"container\">\n\t\t\t\t\t<div class=\"e-con-inner\">\n\t\t<div class=\"elementor-element elementor-element-2c2a9d2 e-con-full e-flex e-con e-child\" data-id=\"2c2a9d2\" data-element_type=\"container\" data-e-type=\"container\">\n\t\t\t\t<div class=\"elementor-element elementor-element-fb13f53 elementor-widget elementor-widget-text-editor\" data-id=\"fb13f53\" data-element_type=\"widget\" data-e-type=\"widget\" data-widget_type=\"text-editor.default\">\n\t\t\t\t\t\t\t\t\t<p data-start=\"1761\" data-end=\"1787\">T\u00e9l\u00e9phone du standard : +590 590 51 19 50<\/p>\t\t\t\t\t\t\t\t<\/div>\n\t\t\t\t<\/div>\n\t\t<div class=\"elementor-element elementor-element-9e11aae e-con-full e-flex e-con e-child\" data-id=\"9e11aae\" data-element_type=\"container\" data-e-type=\"container\">\n\t\t\t\t<div class=\"elementor-element elementor-element-bb5325b elementor-widget elementor-widget-heading\" data-id=\"bb5325b\" data-element_type=\"widget\" data-e-type=\"widget\" data-widget_type=\"heading.default\">\n\t\t\t\t\t<h2 class=\"elementor-heading-title elementor-size-default\">FAQ<\/h2>\t\t\t\t<\/div>\n\t\t\t\t<div class=\"elementor-element elementor-element-279f496 elementor-widget elementor-widget-html\" data-id=\"279f496\" data-element_type=\"widget\" data-e-type=\"widget\" data-widget_type=\"html.default\">\n\t\t\t\t\t<style>\r\n\/* --- STYLE FAQ URGENCES --- *\/\r\n.faq-urgences {\r\n  font-family: 'Poppins', sans-serif;\r\n  color: #333;\r\n  line-height: 1.6;\r\n  max-width: 900px;\r\n  margin: 0 auto;\r\n}\r\n\r\n\/* --- TITRE PRINCIPAL --- *\/\r\n.faq-urgences h2 {\r\n  color: #4287c7;\r\n  font-size: 24px;\r\n  margin-top: 30px;\r\n  margin-bottom: 20px;\r\n  border-left: 6px solid #3aad71;\r\n  padding-left: 12px;\r\n}\r\n\r\n\/* --- QUESTIONS --- *\/\r\n.faq-urgences h3 {\r\n  color: #3aad71;\r\n  font-size: 18px;\r\n  margin-top: 20px;\r\n  margin-bottom: 5px;\r\n}\r\n\r\n\/* --- R\u00c9PONSES --- *\/\r\n.faq-urgences p {\r\n  color: #333;\r\n  background: #f8fbfd;\r\n  border-left: 3px solid #65b6e6;\r\n  padding: 10px 15px;\r\n  border-radius: 6px;\r\n  margin-bottom: 15px;\r\n  font-size: 15px;\r\n}\r\n\r\n\/* --- HOVER --- *\/\r\n.faq-urgences p:hover {\r\n  background-color: #e9f6f1;\r\n  border-left-color: #3aad71;\r\n  transition: all 0.3s ease;\r\n}\r\n<\/style>\r\n\r\n<div class=\"faq-urgences\">\r\n  <h2>Questions fr\u00e9quentes \u2013 Urgences<\/h2>\r\n\r\n  <h3>1. Que faire si je doute qu'il s'agisse d'une urgence ?<\/h3>\r\n  <p>En cas de doute, appelez le <strong>15<\/strong>. Un professionnel de sant\u00e9 \u00e9valuera la situation avec vous et d\u00e9terminera s\u2019il s\u2019agit d\u2019une urgence ou d\u2019une situation pouvant attendre une consultation programm\u00e9e.<\/p>\r\n\r\n  <h3>2. Le 15 est-il payant ?<\/h3>\r\n  <p>Non. L\u2019appel au <strong>15<\/strong> est gratuit depuis tout t\u00e9l\u00e9phone fixe ou portable. Il s\u2019agit d\u2019un num\u00e9ro national de r\u00e9gulation m\u00e9dicale accessible <strong>24h\/24 et 7j\/7<\/strong>.<\/p>\r\n\r\n  <h3>3. Puis-je appeler le 15 pour un proche ?<\/h3>\r\n  <p>Oui. Si vous \u00eates inquiet pour un proche ou un membre de votre famille, vous pouvez appeler le <strong>15<\/strong>. Les \u00e9quipes m\u00e9dicales vous conseilleront et orienteront la personne concern\u00e9e vers le dispositif adapt\u00e9.<\/p>\r\n\r\n  <h3>4. Puis-je me rendre directement aux urgences  du CHIDB ?<\/h3>\r\n  <p>Il est fortement recommand\u00e9 d\u2019appeler d\u2019abord le <strong>15<\/strong>. En fonction de la situation, vous serez orient\u00e9 vers  <strong>l'accueil des urgences du CHIDB.<\/strong><\/p>\r\n\r\n  <h3>5. Que faire en dehors des horaires du standard du CHIDB ?<\/h3>\r\n  <p>En dehors des heures d\u2019ouverture du standard (<strong>05 90 51 19 50<\/strong>), appelez directement le <strong>15<\/strong>. Les \u00e9quipes de r\u00e9gulation vous orienteront vers la structure la plus adapt\u00e9e, disponible <strong>24h\/24<\/strong>.<\/p>\r\n<\/div>\r\n\t\t\t\t<\/div>\n\t\t\t\t<\/div>\n\t\t\t\t\t<\/div>\n\t\t\t\t<\/div>\n\t\t\t\t<\/div>\n\t\t","protected":false},"excerpt":{"rendered":"<p>En cas d\u2019urgence, un seul num\u00e9ro : le 15 Urgences Nos \u00e9quipes sont mobilis\u00e9es pour vous orienter rapidement vers la prise en charge adapt\u00e9e. Une Urgence ? Avant de venir Un seul num\u00e9ro \u00e0 composer : le 15. Selon l\u2019\u00e2ge, l\u2019heure ou le jour, l\u2019orientation peut \u00eatre diff\u00e9rente, et parfois la situation n\u2019est pas urgente. [&hellip;]<\/p>\n","protected":false},"author":1,"featured_media":0,"parent":0,"menu_order":0,"comment_status":"closed","ping_status":"closed","template":"","meta":{"_exactmetrics_skip_tracking":false,"_exactmetrics_sitenote_active":false,"_exactmetrics_sitenote_note":"","_exactmetrics_sitenote_category":0,"footnotes":""},"class_list":["post-295","page","type-page","status-publish","hentry"],"_links":{"self":[{"href":"https:\/\/chsaintbarth.fr\/index.php?rest_route=\/wp\/v2\/pages\/295","targetHints":{"allow":["GET"]}}],"collection":[{"href":"https:\/\/chsaintbarth.fr\/index.php?rest_route=\/wp\/v2\/pages"}],"about":[{"href":"https:\/\/chsaintbarth.fr\/index.php?rest_route=\/wp\/v2\/types\/page"}],"author":[{"embeddable":true,"href":"https:\/\/chsaintbarth.fr\/index.php?rest_route=\/wp\/v2\/users\/1"}],"replies":[{"embeddable":true,"href":"https:\/\/chsaintbarth.fr\/index.php?rest_route=%2Fwp%2Fv2%2Fcomments&post=295"}],"version-history":[{"count":55,"href":"https:\/\/chsaintbarth.fr\/index.php?rest_route=\/wp\/v2\/pages\/295\/revisions"}],"predecessor-version":[{"id":1885,"href":"https:\/\/chsaintbarth.fr\/index.php?rest_route=\/wp\/v2\/pages\/295\/revisions\/1885"}],"wp:attachment":[{"href":"https:\/\/chsaintbarth.fr\/index.php?rest_route=%2Fwp%2Fv2%2Fmedia&parent=295"}],"curies":[{"name":"wp","href":"https:\/\/api.w.org\/{rel}","templated":true}]}}