{"id":1687,"date":"2026-01-25T15:24:23","date_gmt":"2026-01-25T14:24:23","guid":{"rendered":"https:\/\/chsaintbarth.fr\/?page_id=1687"},"modified":"2026-02-27T08:42:39","modified_gmt":"2026-02-27T07:42:39","slug":"qualidade","status":"publish","type":"page","link":"https:\/\/chsaintbarth.fr\/?page_id=1687&lang=pt","title":{"rendered":"Qualidade"},"content":{"rendered":"\t\t<div data-elementor-type=\"wp-page\" data-elementor-id=\"1687\" class=\"elementor elementor-1687\">\n\t\t\t\t<div class=\"elementor-element elementor-element-54391c1 e-flex e-con-boxed e-con e-parent\" data-id=\"54391c1\" data-element_type=\"container\" data-e-type=\"container\">\n\t\t\t\t\t<div class=\"e-con-inner\">\n\t\t\t\t<div class=\"elementor-element elementor-element-881b800 cpel-switcher--align-right cpel-switcher--layout-horizontal cpel-switcher--aspect-ratio-43 elementor-widget elementor-widget-polylang-language-switcher\" data-id=\"881b800\" data-element_type=\"widget\" data-e-type=\"widget\" data-widget_type=\"polylang-language-switcher.default\">\n\t\t\t\t<div class=\"elementor-widget-container\">\n\t\t\t\t\t<nav class=\"cpel-switcher__nav\"><ul class=\"cpel-switcher__list\"><li class=\"cpel-switcher__lang\"><a lang=\"fr-FR\" hreflang=\"fr-FR\" href=\"https:\/\/chsaintbarth.fr\/?page_id=950\"><span class=\"cpel-switcher__flag cpel-switcher__flag--fr\"><img decoding=\"async\" src=\"data:image\/svg+xml;base64,PHN2ZyB3aWR0aD0iMjEiIGhlaWdodD0iMTUiIHhtbG5zPSJodHRwOi8vd3d3LnczLm9yZy8yMDAwL3N2ZyI+PGRlZnM+PGxpbmVhckdyYWRpZW50IHgxPSI1MCUiIHkxPSIwJSIgeDI9IjUwJSIgeTI9IjEwMCUiIGlkPSJhIj48c3RvcCBzdG9wLWNvbG9yPSIjRkZGIiBvZmZzZXQ9IjAlIi8+PHN0b3Agc3RvcC1jb2xvcj0iI0YwRjBGMCIgb2Zmc2V0PSIxMDAlIi8+PC9saW5lYXJHcmFkaWVudD48bGluZWFyR3JhZGllbnQgeDE9IjUwJSIgeTE9IjAlIiB4Mj0iNTAlIiB5Mj0iMTAwJSIgaWQ9ImIiPjxzdG9wIHN0b3AtY29sb3I9IiNGNDQ2NTMiIG9mZnNldD0iMCUiLz48c3RvcCBzdG9wLWNvbG9yPSIjRUUyQTM5IiBvZmZzZXQ9IjEwMCUiLz48L2xpbmVhckdyYWRpZW50PjxsaW5lYXJHcmFkaWVudCB4MT0iNTAlIiB5MT0iMCUiIHgyPSI1MCUiIHkyPSIxMDAlIiBpZD0iYyI+PHN0b3Agc3RvcC1jb2xvcj0iIzEwMzVCQiIgb2Zmc2V0PSIwJSIvPjxzdG9wIHN0b3AtY29sb3I9IiMwNDIzOTYiIG9mZnNldD0iMTAwJSIvPjwvbGluZWFyR3JhZGllbnQ+PC9kZWZzPjxnIGZpbGw9Im5vbmUiIGZpbGwtcnVsZT0iZXZlbm9kZCI+PHBhdGggZmlsbD0idXJsKCNhKSIgZD0iTTAgMGgyMXYxNUgweiIvPjxwYXRoIGZpbGw9InVybCgjYikiIGQ9Ik0xMCAwaDExdjE1SDEweiIvPjxwYXRoIGZpbGw9InVybCgjYykiIGQ9Ik0wIDBoN3YxNUgweiIvPjxwYXRoIGZpbGw9InVybCgjYSkiIGQ9Ik03IDBoN3YxNUg3eiIvPjwvZz48L3N2Zz4=\" alt=\"Fran\u00e7ais\" \/><\/span><\/a><\/li><li class=\"cpel-switcher__lang\"><a lang=\"en-US\" hreflang=\"en-US\" href=\"https:\/\/chsaintbarth.fr\/?page_id=1681&#038;lang=en\"><span class=\"cpel-switcher__flag cpel-switcher__flag--us\"><img decoding=\"async\" src=\"data:image\/svg+xml;base64,PHN2ZyB3aWR0aD0iMjEiIGhlaWdodD0iMTUiIHhtbG5zPSJodHRwOi8vd3d3LnczLm9yZy8yMDAwL3N2ZyI+PGRlZnM+PGxpbmVhckdyYWRpZW50IHgxPSI1MCUiIHkxPSIwJSIgeDI9IjUwJSIgeTI9IjEwMCUiIGlkPSJhIj48c3RvcCBzdG9wLWNvbG9yPSIjRkZGIiBvZmZzZXQ9IjAlIi8+PHN0b3Agc3RvcC1jb2xvcj0iI0YwRjBGMCIgb2Zmc2V0PSIxMDAlIi8+PC9saW5lYXJHcmFkaWVudD48bGluZWFyR3JhZGllbnQgeDE9IjUwJSIgeTE9IjAlIiB4Mj0iNTAlIiB5Mj0iMTAwJSIgaWQ9ImIiPjxzdG9wIHN0b3AtY29sb3I9IiNEMDJGNDQiIG9mZnNldD0iMCUiLz48c3RvcCBzdG9wLWNvbG9yPSIjQjEyNTM3IiBvZmZzZXQ9IjEwMCUiLz48L2xpbmVhckdyYWRpZW50PjxsaW5lYXJHcmFkaWVudCB4MT0iNTAlIiB5MT0iMCUiIHgyPSI1MCUiIHkyPSIxMDAlIiBpZD0iYyI+PHN0b3Agc3RvcC1jb2xvcj0iIzQ2NDY3RiIgb2Zmc2V0PSIwJSIvPjxzdG9wIHN0b3AtY29sb3I9IiMzQzNDNkQiIG9mZnNldD0iMTAwJSIvPjwvbGluZWFyR3JhZGllbnQ+PC9kZWZzPjxnIGZpbGw9Im5vbmUiIGZpbGwtcnVsZT0iZXZlbm9kZCI+PHBhdGggZmlsbD0idXJsKCNhKSIgZD0iTTAgMGgyMXYxNUgweiIvPjxwYXRoIGQ9Ik0wIDBoMjF2MUgwVjB6bTAgMmgyMXYxSDBWMnptMCAyaDIxdjFIMFY0em0wIDJoMjF2MUgwVjZ6bTAgMmgyMXYxSDBWOHptMCAyaDIxdjFIMHYtMXptMCAyaDIxdjFIMHYtMXptMCAyaDIxdjFIMHYtMXoiIGZpbGw9InVybCgjYikiLz48cGF0aCBmaWxsPSJ1cmwoI2MpIiBkPSJNMCAwaDl2N0gweiIvPjxwYXRoIGQ9Ik0xLjUgMmEuNS41IDAgMTEwLTEgLjUuNSAwIDAxMCAxem0yIDBhLjUuNSAwIDExMC0xIC41LjUgMCAwMTAgMXptMiAwYS41LjUgMCAxMTAtMSAuNS41IDAgMDEwIDF6bTIgMGEuNS41IDAgMTEwLTEgLjUuNSAwIDAxMCAxem0tNSAxYS41LjUgMCAxMTAtMSAuNS41IDAgMDEwIDF6bTIgMGEuNS41IDAgMTEwLTEgLjUuNSAwIDAxMCAxem0yIDBhLjUuNSAwIDExMC0xIC41LjUgMCAwMTAgMXptMSAxYS41LjUgMCAxMTAtMSAuNS41IDAgMDEwIDF6bS0yIDBhLjUuNSAwIDExMC0xIC41LjUgMCAwMTAgMXptLTIgMGEuNS41IDAgMTEwLTEgLjUuNSAwIDAxMCAxem0tMiAwYS41LjUgMCAxMTAtMSAuNS41IDAgMDEwIDF6bTEgMWEuNS41IDAgMTEwLTEgLjUuNSAwIDAxMCAxem0yIDBhLjUuNSAwIDExMC0xIC41LjUgMCAwMTAgMXptMiAwYS41LjUgMCAxMTAtMSAuNS41IDAgMDEwIDF6bTEgMWEuNS41IDAgMTEwLTEgLjUuNSAwIDAxMCAxem0tMiAwYS41LjUgMCAxMTAtMSAuNS41IDAgMDEwIDF6bS0yIDBhLjUuNSAwIDExMC0xIC41LjUgMCAwMTAgMXptLTIgMGEuNS41IDAgMTEwLTEgLjUuNSAwIDAxMCAxeiIgZmlsbD0idXJsKCNhKSIvPjwvZz48L3N2Zz4=\" alt=\"English\" \/><\/span><\/a><\/li><li class=\"cpel-switcher__lang\"><a lang=\"pt-AO\" hreflang=\"pt-AO\" href=\"https:\/\/chsaintbarth.fr\/?page_id=1687&#038;lang=pt\"><span class=\"cpel-switcher__flag cpel-switcher__flag--pt\"><img decoding=\"async\" src=\"data:image\/svg+xml;base64,PHN2ZyB3aWR0aD0iMjEiIGhlaWdodD0iMTUiIHhtbG5zPSJodHRwOi8vd3d3LnczLm9yZy8yMDAwL3N2ZyI+PGRlZnM+PGxpbmVhckdyYWRpZW50IHgxPSI1MCUiIHkxPSIwJSIgeDI9IjUwJSIgeTI9IjEwMCUiIGlkPSJhIj48c3RvcCBzdG9wLWNvbG9yPSIjRkZGIiBvZmZzZXQ9IjAlIi8+PHN0b3Agc3RvcC1jb2xvcj0iI0YwRjBGMCIgb2Zmc2V0PSIxMDAlIi8+PC9saW5lYXJHcmFkaWVudD48bGluZWFyR3JhZGllbnQgeDE9IjUwJSIgeTE9IjAlIiB4Mj0iNTAlIiB5Mj0iMTAwJSIgaWQ9ImIiPjxzdG9wIHN0b3AtY29sb3I9IiNGRjI5MzYiIG9mZnNldD0iMCUiLz48c3RvcCBzdG9wLWNvbG9yPSIjRkQwRDFCIiBvZmZzZXQ9IjEwMCUiLz48L2xpbmVhckdyYWRpZW50PjxsaW5lYXJHcmFkaWVudCB4MT0iNTAlIiB5MT0iMCUiIHgyPSI1MCUiIHkyPSIxMDAlIiBpZD0iYyI+PHN0b3Agc3RvcC1jb2xvcj0iIzEyODQxNSIgb2Zmc2V0PSIwJSIvPjxzdG9wIHN0b3AtY29sb3I9IiMwQTY1MEMiIG9mZnNldD0iMTAwJSIvPjwvbGluZWFyR3JhZGllbnQ+PGxpbmVhckdyYWRpZW50IHgxPSI1MCUiIHkxPSIwJSIgeDI9IjUwJSIgeTI9IjEwMCUiIGlkPSJkIj48c3RvcCBzdG9wLWNvbG9yPSIjRkFGOTRGIiBvZmZzZXQ9IjAlIi8+PHN0b3Agc3RvcC1jb2xvcj0iI0Y4RjczNiIgb2Zmc2V0PSIxMDAlIi8+PC9saW5lYXJHcmFkaWVudD48bGluZWFyR3JhZGllbnQgeDE9IjUwJSIgeTE9IjAlIiB4Mj0iNTAlIiB5Mj0iMTAwJSIgaWQ9ImUiPjxzdG9wIHN0b3AtY29sb3I9IiMxRDUwQjUiIG9mZnNldD0iMCUiLz48c3RvcCBzdG9wLWNvbG9yPSIjMTU0MzlEIiBvZmZzZXQ9IjEwMCUiLz48L2xpbmVhckdyYWRpZW50PjwvZGVmcz48ZyBmaWxsPSJub25lIiBmaWxsLXJ1bGU9ImV2ZW5vZGQiPjxwYXRoIGZpbGw9InVybCgjYSkiIGQ9Ik0wIDBoMjF2MTVIMHoiLz48cGF0aCBmaWxsPSJ1cmwoI2IpIiBkPSJNMCAwaDIxdjE1SDB6Ii8+PHBhdGggZmlsbD0idXJsKCNjKSIgZD0iTTAgMGg4djE1SDB6Ii8+PHBhdGggZD0iTTggOS41YTIgMiAwIDEwMC00IDIgMiAwIDAwMCA0em0wIDFhMyAzIDAgMTEwLTYgMyAzIDAgMDEwIDZ6IiBmaWxsPSJ1cmwoI2QpIiBmaWxsLXJ1bGU9Im5vbnplcm8iLz48cGF0aCBkPSJNNyA2LjI1NkEuMjUuMjUgMCAwMTcuMjQ1IDZoMS41MUEuMjUuMjUgMCAwMTkgNi4yNTZWOGEuOTk3Ljk5NyAwIDAxLTEgMWMtLjU1MiAwLTEtLjQ0My0xLS45OTlWNi4yNTZ6IiBmaWxsPSJ1cmwoI2EpIi8+PHBhdGggZD0iTTggOGMuMjc2IDAgLjUtLjcyNC41LTFhLjUuNSAwIDAwLTEgMGMwIC4yNzYuMjI0IDEgLjUgMXoiIGZpbGw9InVybCgjZSkiLz48L2c+PC9zdmc+\" alt=\"Portugu\u00eas\" \/><\/span><\/a><\/li><\/ul><\/nav>\t\t\t\t<\/div>\n\t\t\t\t<\/div>\n\t\t\t\t\t<\/div>\n\t\t\t\t<\/div>\n\t\t<div class=\"elementor-element elementor-element-b6e0246 e-flex e-con-boxed e-con e-parent\" data-id=\"b6e0246\" data-element_type=\"container\" data-e-type=\"container\">\n\t\t\t\t\t<div class=\"e-con-inner\">\n\t\t\t\t<div class=\"elementor-element elementor-element-e17f743 elementor-widget elementor-widget-cta\" data-id=\"e17f743\" data-element_type=\"widget\" data-e-type=\"widget\" data-settings=\"{&quot;layout_preset&quot;:&quot;showcase&quot;,&quot;layout_column_structure&quot;:&quot;50-50&quot;,&quot;image_horizontal_position&quot;:&quot;start&quot;,&quot;image_horizontal_position_tablet&quot;:&quot;start&quot;,&quot;image_horizontal_position_mobile&quot;:&quot;start&quot;,&quot;content_position_vertical&quot;:&quot;start&quot;,&quot;content_position_vertical_tablet&quot;:&quot;start&quot;,&quot;content_position_vertical_mobile&quot;:&quot;start&quot;,&quot;image_shape&quot;:&quot;sharp&quot;,&quot;primary_button_shape&quot;:&quot;default&quot;,&quot;secondary_button_shape&quot;:&quot;default&quot;,&quot;box_shape&quot;:&quot;sharp&quot;}\" data-widget_type=\"cta.default\">\n\t\t\t\t<div class=\"elementor-widget-container\">\n\t\t\t\t\t\t\t<div class=\"has-shape-sharp shape-type-box ehp-cta has-preset-showcase\">\n\t\t\t<div class=\"ehp-cta__overlay\"><\/div>\n\t\t\t<div class=\"has-column-structure-50-50  ehp-cta__elements-container has-image-position-start has-image-position-md-start has-image-position-sm-start\">\n\t\t\t\t\t\t\t<div class=\"ehp-image ehp-cta__image-container\">\n\t\t\t\t<img decoding=\"async\" class=\"ehp-image__img ehp-cta__img has-shape-sharp shape-type-image\" src=\"https:\/\/chsaintbarth.fr\/wp-content\/uploads\/2025\/10\/Salle-medecine-scaled.jpg\" title=\"Salle m\u00e9decine\" alt=\"Salle m\u00e9decine\" loading=\"lazy\" \/>\t\t\t<\/div>\n\t\t\t\t\t<div class=\"ehp-cta__text-container\">\n\t\t\t<h2 class=\"ehp-cta__heading\">A qualidade e a seguran\u00e7a dos cuidados<\/h2><p class=\"ehp-cta__description\"><span style=\"white-space: normal;font-size: medium\">No Centro Hospitalar Ir\u00e9n\u00e9e de Bruyn, a qualidade e a seguran\u00e7a dos cuidados est\u00e3o no centro das prioridades da nossa institui\u00e7\u00e3o.<\/span><br>\n<span style=\"white-space: normal;font-size: medium\">Cada profissional, seja da \u00e1rea cl\u00ednica, administrativa, t\u00e9cnica ou m\u00e9dico-t\u00e9cnica, contribui diariamente para garantir a cada doente um acompanhamento seguro, eficaz e humanizado.<\/span>\n<\/p>\t\t\t<div class=\"ehp-cta__ctas-container\">\n\t\t\t\t<div class=\"ehp-cta__buttons-wrapper\">\n\t\t\t\t\t\t\t\t\t\t\t\t<a class=\"has-shape-default shape-type-button ehp-button ehp-button--secondary ehp-cta__button ehp-cta__button--secondary is-type-button has-border\" href=\"https:\/\/chsaintbarth.fr\/?page_id=242\">\n\t\t\t\t\t<span class=\"ehp-button__text ehp-cta__button-text ehp-cta__button-text--secondary\">\n\t\t\tContacte-nos\t\t\t\t<\/a>\n\t\t\t\t\t\t<\/div>\n\t\t\t<\/div>\n\t\t\t\t<\/div>\n\t\t\t\t\t<\/div>\n\t\t<\/div>\n\t\t\t\t\t\t<\/div>\n\t\t\t\t<\/div>\n\t\t\t\t\t<\/div>\n\t\t\t\t<\/div>\n\t\t<div class=\"elementor-element elementor-element-a745f7b e-flex e-con-boxed e-con e-parent\" data-id=\"a745f7b\" data-element_type=\"container\" data-e-type=\"container\">\n\t\t\t\t\t<div class=\"e-con-inner\">\n\t\t<div class=\"elementor-element elementor-element-4ccadf9 e-con-full e-flex e-con e-child\" data-id=\"4ccadf9\" data-element_type=\"container\" data-e-type=\"container\">\n\t\t\t\t<\/div>\n\t\t<div class=\"elementor-element elementor-element-19c9efe e-con-full e-flex e-con e-child\" data-id=\"19c9efe\" data-element_type=\"container\" data-e-type=\"container\">\n\t\t\t\t<div class=\"elementor-element elementor-element-813b59a elementor-widget elementor-widget-heading\" data-id=\"813b59a\" data-element_type=\"widget\" data-e-type=\"widget\" data-widget_type=\"heading.default\">\n\t\t\t\t\t<h2 class=\"elementor-heading-title elementor-size-default\">Um processo de melhoria cont\u00ednua<\/h2>\t\t\t\t<\/div>\n\t\t\t\t<div class=\"elementor-element elementor-element-b254d63 elementor-widget elementor-widget-image\" data-id=\"b254d63\" data-element_type=\"widget\" data-e-type=\"widget\" data-widget_type=\"image.default\">\n\t\t\t\t\t\t\t\t\t\t\t\t\t\t\t<img fetchpriority=\"high\" decoding=\"async\" width=\"800\" height=\"450\" src=\"https:\/\/chsaintbarth.fr\/wp-content\/uploads\/2025\/10\/Seringue-2-1024x576.jpg\" class=\"attachment-large size-large wp-image-968\" alt=\"\" srcset=\"https:\/\/chsaintbarth.fr\/wp-content\/uploads\/2025\/10\/Seringue-2-1024x576.jpg 1024w, https:\/\/chsaintbarth.fr\/wp-content\/uploads\/2025\/10\/Seringue-2-300x169.jpg 300w, https:\/\/chsaintbarth.fr\/wp-content\/uploads\/2025\/10\/Seringue-2-768x432.jpg 768w, https:\/\/chsaintbarth.fr\/wp-content\/uploads\/2025\/10\/Seringue-2-1536x864.jpg 1536w, https:\/\/chsaintbarth.fr\/wp-content\/uploads\/2025\/10\/Seringue-2-2048x1152.jpg 2048w\" sizes=\"(max-width: 800px) 100vw, 800px\" \/>\t\t\t\t\t\t\t\t\t\t\t\t\t\t\t<\/div>\n\t\t\t\t<div class=\"elementor-element elementor-element-15dca51 elementor-widget elementor-widget-text-editor\" data-id=\"15dca51\" data-element_type=\"widget\" data-e-type=\"widget\" data-widget_type=\"text-editor.default\">\n\t\t\t\t\t\t\t\t\t<h2 data-start=\"62\" data-end=\"88\"><strong data-start=\"65\" data-end=\"88\">O nosso compromisso<\/strong><\/h2><p data-start=\"90\" data-end=\"455\">No Centro Hospitalar Ir\u00e9n\u00e9e de Bruyn, a qualidade e a seguran\u00e7a dos cuidados est\u00e3o no centro da nossa miss\u00e3o de servi\u00e7o p\u00fablico e do nosso projeto de estabelecimento.<br data-start=\"256\" data-end=\"259\" \/>Cada profissional compromete-se diariamente a oferecer a cada doente um acompanhamento seguro, eficaz e humanizado, baseado nas melhores pr\u00e1ticas profissionais e no respeito pelos valores humanos.<\/p><p data-start=\"457\" data-end=\"520\">A nossa pol\u00edtica da qualidade assenta em tr\u00eas eixos principais:<\/p><ul data-start=\"522\" data-end=\"780\"><li data-start=\"522\" data-end=\"600\"><p data-start=\"524\" data-end=\"600\">Garantir a seguran\u00e7a do doente em todas as etapas do percurso de cuidados;<\/p><\/li><li data-start=\"601\" data-end=\"696\"><p data-start=\"603\" data-end=\"696\">Melhorar continuamente as nossas pr\u00e1ticas profissionais atrav\u00e9s da avalia\u00e7\u00e3o e da forma\u00e7\u00e3o;<\/p><\/li><li data-start=\"697\" data-end=\"780\"><p data-start=\"699\" data-end=\"780\">Colocar o doente no centro do sistema, valorizando a sua voz e a sua experi\u00eancia.<\/p><\/li><\/ul><hr data-start=\"782\" data-end=\"785\" \/><h2 data-start=\"787\" data-end=\"825\"><strong data-start=\"790\" data-end=\"825\">A nossa governa\u00e7\u00e3o da qualidade<\/strong><\/h2><p data-start=\"827\" data-end=\"946\">Para assegurar um elevado n\u00edvel de qualidade e seguran\u00e7a, o estabelecimento implementa v\u00e1rias abordagens estruturantes:<\/p><ul data-start=\"948\" data-end=\"1627\"><li data-start=\"948\" data-end=\"1085\"><p data-start=\"950\" data-end=\"1085\"><strong data-start=\"950\" data-end=\"1008\">Comiss\u00e3o de coordena\u00e7\u00e3o da qualidade e gest\u00e3o do risco<\/strong>, respons\u00e1vel pelo acompanhamento dos indicadores e dos planos de melhoria.<\/p><\/li><li data-start=\"1086\" data-end=\"1201\"><p data-start=\"1088\" data-end=\"1201\"><strong data-start=\"1088\" data-end=\"1121\">Avalia\u00e7\u00f5es internas regulares<\/strong> (auditorias, avalia\u00e7\u00e3o das pr\u00e1ticas profissionais, partilha de experi\u00eancias).<\/p><\/li><li data-start=\"1202\" data-end=\"1290\"><p data-start=\"1204\" data-end=\"1290\"><strong data-start=\"1204\" data-end=\"1249\">Notifica\u00e7\u00e3o e an\u00e1lise de eventos adversos<\/strong>, com vista a prevenir a sua repeti\u00e7\u00e3o.<\/p><\/li><li data-start=\"1291\" data-end=\"1403\"><p data-start=\"1293\" data-end=\"1403\"><strong data-start=\"1293\" data-end=\"1332\">Forma\u00e7\u00e3o cont\u00ednua dos profissionais<\/strong> em seguran\u00e7a dos cuidados, bom trato e gest\u00e3o de situa\u00e7\u00f5es de risco.<\/p><\/li><li data-start=\"1404\" data-end=\"1468\"><p data-start=\"1406\" data-end=\"1468\"><strong data-start=\"1406\" data-end=\"1466\">Preven\u00e7\u00e3o das infe\u00e7\u00f5es associadas aos cuidados de sa\u00fade.<\/strong><\/p><\/li><li data-start=\"1469\" data-end=\"1627\"><p data-start=\"1471\" data-end=\"1627\"><strong data-start=\"1471\" data-end=\"1516\">Considera\u00e7\u00e3o sistem\u00e1tica da voz do doente<\/strong>, atrav\u00e9s de question\u00e1rios de satisfa\u00e7\u00e3o e de experi\u00eancia (eSatis) e do tratamento de reclama\u00e7\u00f5es e exposi\u00e7\u00f5es.<\/p><\/li><\/ul><p data-start=\"1629\" data-end=\"1722\">Num processo de melhoria cont\u00ednua, <a href=\"https:\/\/signalement.social-sante.gouv.fr\/#\/accueil\">novos mecanismos vir\u00e3o refor\u00e7ar a governa\u00e7\u00e3o da qualidade.<\/a><\/p><p data-start=\"1724\" data-end=\"1819\">Convidamos todos a comunicar qualquer evento adverso atrav\u00e9s do portal nacional de notifica\u00e7\u00e3o.<\/p><hr data-start=\"1821\" data-end=\"1824\" \/><h2 data-start=\"1826\" data-end=\"1848\"><strong data-start=\"1829\" data-end=\"1848\">Para saber mais<\/strong><\/h2><p data-start=\"1850\" data-end=\"2013\">\ud83d\udd17 <a href=\"https:\/\/www.has-sante.fr\/jcms\/p_3219705\/fr\/la-certification-des-etablissements-de-sante-pour-la-qualite-des-soins\">Saber mais sobre a certifica\u00e7\u00e3o da HAS<\/a><br data-start=\"1891\" data-end=\"1894\" \/>\ud83d\udcc4 <a href=\"https:\/\/www.has-sante.fr\/jcms\/c_1725555\/fr\/qualiscope\">Consultar os resultados dos estabelecimentos no Qualiscope<\/a><br data-start=\"1955\" data-end=\"1958\" \/>\u2709\ufe0f <a href=\"https:\/\/chsaintbarth.fr\/?page_id=242\">Contactar a unidade da qualidade e gest\u00e3o do risco<\/a><\/p><ul><li style=\"list-style-type: none;\"><ul data-start=\"3267\" data-end=\"3601\"><li data-start=\"3405\" data-end=\"3505\">\u00a0<\/li><\/ul><\/li><\/ul>\t\t\t\t\t\t\t\t<\/div>\n\t\t\t\t<\/div>\n\t\t<div class=\"elementor-element elementor-element-1abf8f1 e-con-full e-flex e-con e-child\" data-id=\"1abf8f1\" data-element_type=\"container\" data-e-type=\"container\">\n\t\t\t\t<\/div>\n\t\t\t\t\t<\/div>\n\t\t\t\t<\/div>\n\t\t<div class=\"elementor-element elementor-element-5537750 e-flex e-con-boxed e-con e-parent\" data-id=\"5537750\" data-element_type=\"container\" data-e-type=\"container\">\n\t\t\t\t\t<div class=\"e-con-inner\">\n\t\t\t\t<div class=\"elementor-element elementor-element-b3f3315 e-transform elementor-widget elementor-widget-image\" data-id=\"b3f3315\" data-element_type=\"widget\" data-e-type=\"widget\" data-settings=\"{&quot;_transform_scale_effect&quot;:{&quot;unit&quot;:&quot;px&quot;,&quot;size&quot;:0.8,&quot;sizes&quot;:[]},&quot;_transform_scale_effect_tablet&quot;:{&quot;unit&quot;:&quot;px&quot;,&quot;size&quot;:&quot;&quot;,&quot;sizes&quot;:[]},&quot;_transform_scale_effect_mobile&quot;:{&quot;unit&quot;:&quot;px&quot;,&quot;size&quot;:&quot;&quot;,&quot;sizes&quot;:[]}}\" data-widget_type=\"image.default\">\n\t\t\t\t\t\t\t\t\t\t\t\t\t\t\t<img decoding=\"async\" width=\"570\" height=\"796\" src=\"https:\/\/chsaintbarth.fr\/wp-content\/uploads\/2026\/02\/Image1.png\" class=\"attachment-2048x2048 size-2048x2048 wp-image-1847\" alt=\"\" srcset=\"https:\/\/chsaintbarth.fr\/wp-content\/uploads\/2026\/02\/Image1.png 570w, https:\/\/chsaintbarth.fr\/wp-content\/uploads\/2026\/02\/Image1-215x300.png 215w\" sizes=\"(max-width: 570px) 100vw, 570px\" \/>\t\t\t\t\t\t\t\t\t\t\t\t\t\t\t<\/div>\n\t\t\t\t\t<\/div>\n\t\t\t\t<\/div>\n\t\t\t\t<\/div>\n\t\t","protected":false},"excerpt":{"rendered":"<p>A qualidade e a seguran\u00e7a dos cuidados No Centro Hospitalar Ir\u00e9n\u00e9e de Bruyn, a qualidade e a seguran\u00e7a dos cuidados est\u00e3o no centro das prioridades da nossa institui\u00e7\u00e3o. Cada profissional, seja da \u00e1rea cl\u00ednica, administrativa, t\u00e9cnica ou m\u00e9dico-t\u00e9cnica, contribui diariamente para garantir a cada doente um acompanhamento seguro, eficaz e humanizado. Contacte-nos Um processo de [&hellip;]<\/p>\n","protected":false},"author":1,"featured_media":0,"parent":0,"menu_order":0,"comment_status":"closed","ping_status":"closed","template":"","meta":{"_exactmetrics_skip_tracking":false,"_exactmetrics_sitenote_active":false,"_exactmetrics_sitenote_note":"","_exactmetrics_sitenote_category":0,"footnotes":""},"class_list":["post-1687","page","type-page","status-publish","hentry"],"_links":{"self":[{"href":"https:\/\/chsaintbarth.fr\/index.php?rest_route=\/wp\/v2\/pages\/1687","targetHints":{"allow":["GET"]}}],"collection":[{"href":"https:\/\/chsaintbarth.fr\/index.php?rest_route=\/wp\/v2\/pages"}],"about":[{"href":"https:\/\/chsaintbarth.fr\/index.php?rest_route=\/wp\/v2\/types\/page"}],"author":[{"embeddable":true,"href":"https:\/\/chsaintbarth.fr\/index.php?rest_route=\/wp\/v2\/users\/1"}],"replies":[{"embeddable":true,"href":"https:\/\/chsaintbarth.fr\/index.php?rest_route=%2Fwp%2Fv2%2Fcomments&post=1687"}],"version-history":[{"count":7,"href":"https:\/\/chsaintbarth.fr\/index.php?rest_route=\/wp\/v2\/pages\/1687\/revisions"}],"predecessor-version":[{"id":1850,"href":"https:\/\/chsaintbarth.fr\/index.php?rest_route=\/wp\/v2\/pages\/1687\/revisions\/1850"}],"wp:attachment":[{"href":"https:\/\/chsaintbarth.fr\/index.php?rest_route=%2Fwp%2Fv2%2Fmedia&parent=1687"}],"curies":[{"name":"wp","href":"https:\/\/api.w.org\/{rel}","templated":true}]}}