{"id":1588,"date":"2026-01-20T20:29:07","date_gmt":"2026-01-20T19:29:07","guid":{"rendered":"https:\/\/chsaintbarth.fr\/?page_id=1588"},"modified":"2026-03-13T17:39:03","modified_gmt":"2026-03-13T16:39:03","slug":"ehpad-3","status":"publish","type":"page","link":"https:\/\/chsaintbarth.fr\/?page_id=1588&lang=pt","title":{"rendered":"EHPAD (PT)"},"content":{"rendered":"\t\t<div data-elementor-type=\"wp-page\" data-elementor-id=\"1588\" class=\"elementor elementor-1588\">\n\t\t\t\t<div class=\"elementor-element elementor-element-7078072 e-flex e-con-boxed e-con e-parent\" data-id=\"7078072\" data-element_type=\"container\" data-e-type=\"container\">\n\t\t\t\t\t<div class=\"e-con-inner\">\n\t\t\t\t<div class=\"elementor-element elementor-element-6699e0b cpel-switcher--align-right cpel-switcher--layout-horizontal cpel-switcher--aspect-ratio-43 elementor-widget elementor-widget-polylang-language-switcher\" data-id=\"6699e0b\" data-element_type=\"widget\" data-e-type=\"widget\" data-widget_type=\"polylang-language-switcher.default\">\n\t\t\t\t<div class=\"elementor-widget-container\">\n\t\t\t\t\t<nav class=\"cpel-switcher__nav\"><ul class=\"cpel-switcher__list\"><li class=\"cpel-switcher__lang\"><a lang=\"fr-FR\" hreflang=\"fr-FR\" href=\"https:\/\/chsaintbarth.fr\/?page_id=710\"><span class=\"cpel-switcher__flag cpel-switcher__flag--fr\"><img decoding=\"async\" src=\"data:image\/svg+xml;base64,PHN2ZyB3aWR0aD0iMjEiIGhlaWdodD0iMTUiIHhtbG5zPSJodHRwOi8vd3d3LnczLm9yZy8yMDAwL3N2ZyI+PGRlZnM+PGxpbmVhckdyYWRpZW50IHgxPSI1MCUiIHkxPSIwJSIgeDI9IjUwJSIgeTI9IjEwMCUiIGlkPSJhIj48c3RvcCBzdG9wLWNvbG9yPSIjRkZGIiBvZmZzZXQ9IjAlIi8+PHN0b3Agc3RvcC1jb2xvcj0iI0YwRjBGMCIgb2Zmc2V0PSIxMDAlIi8+PC9saW5lYXJHcmFkaWVudD48bGluZWFyR3JhZGllbnQgeDE9IjUwJSIgeTE9IjAlIiB4Mj0iNTAlIiB5Mj0iMTAwJSIgaWQ9ImIiPjxzdG9wIHN0b3AtY29sb3I9IiNGNDQ2NTMiIG9mZnNldD0iMCUiLz48c3RvcCBzdG9wLWNvbG9yPSIjRUUyQTM5IiBvZmZzZXQ9IjEwMCUiLz48L2xpbmVhckdyYWRpZW50PjxsaW5lYXJHcmFkaWVudCB4MT0iNTAlIiB5MT0iMCUiIHgyPSI1MCUiIHkyPSIxMDAlIiBpZD0iYyI+PHN0b3Agc3RvcC1jb2xvcj0iIzEwMzVCQiIgb2Zmc2V0PSIwJSIvPjxzdG9wIHN0b3AtY29sb3I9IiMwNDIzOTYiIG9mZnNldD0iMTAwJSIvPjwvbGluZWFyR3JhZGllbnQ+PC9kZWZzPjxnIGZpbGw9Im5vbmUiIGZpbGwtcnVsZT0iZXZlbm9kZCI+PHBhdGggZmlsbD0idXJsKCNhKSIgZD0iTTAgMGgyMXYxNUgweiIvPjxwYXRoIGZpbGw9InVybCgjYikiIGQ9Ik0xMCAwaDExdjE1SDEweiIvPjxwYXRoIGZpbGw9InVybCgjYykiIGQ9Ik0wIDBoN3YxNUgweiIvPjxwYXRoIGZpbGw9InVybCgjYSkiIGQ9Ik03IDBoN3YxNUg3eiIvPjwvZz48L3N2Zz4=\" alt=\"Fran\u00e7ais\" \/><\/span><\/a><\/li><li class=\"cpel-switcher__lang\"><a lang=\"en-US\" hreflang=\"en-US\" href=\"https:\/\/chsaintbarth.fr\/?page_id=1466&#038;lang=en\"><span class=\"cpel-switcher__flag cpel-switcher__flag--us\"><img decoding=\"async\" src=\"data:image\/svg+xml;base64,PHN2ZyB3aWR0aD0iMjEiIGhlaWdodD0iMTUiIHhtbG5zPSJodHRwOi8vd3d3LnczLm9yZy8yMDAwL3N2ZyI+PGRlZnM+PGxpbmVhckdyYWRpZW50IHgxPSI1MCUiIHkxPSIwJSIgeDI9IjUwJSIgeTI9IjEwMCUiIGlkPSJhIj48c3RvcCBzdG9wLWNvbG9yPSIjRkZGIiBvZmZzZXQ9IjAlIi8+PHN0b3Agc3RvcC1jb2xvcj0iI0YwRjBGMCIgb2Zmc2V0PSIxMDAlIi8+PC9saW5lYXJHcmFkaWVudD48bGluZWFyR3JhZGllbnQgeDE9IjUwJSIgeTE9IjAlIiB4Mj0iNTAlIiB5Mj0iMTAwJSIgaWQ9ImIiPjxzdG9wIHN0b3AtY29sb3I9IiNEMDJGNDQiIG9mZnNldD0iMCUiLz48c3RvcCBzdG9wLWNvbG9yPSIjQjEyNTM3IiBvZmZzZXQ9IjEwMCUiLz48L2xpbmVhckdyYWRpZW50PjxsaW5lYXJHcmFkaWVudCB4MT0iNTAlIiB5MT0iMCUiIHgyPSI1MCUiIHkyPSIxMDAlIiBpZD0iYyI+PHN0b3Agc3RvcC1jb2xvcj0iIzQ2NDY3RiIgb2Zmc2V0PSIwJSIvPjxzdG9wIHN0b3AtY29sb3I9IiMzQzNDNkQiIG9mZnNldD0iMTAwJSIvPjwvbGluZWFyR3JhZGllbnQ+PC9kZWZzPjxnIGZpbGw9Im5vbmUiIGZpbGwtcnVsZT0iZXZlbm9kZCI+PHBhdGggZmlsbD0idXJsKCNhKSIgZD0iTTAgMGgyMXYxNUgweiIvPjxwYXRoIGQ9Ik0wIDBoMjF2MUgwVjB6bTAgMmgyMXYxSDBWMnptMCAyaDIxdjFIMFY0em0wIDJoMjF2MUgwVjZ6bTAgMmgyMXYxSDBWOHptMCAyaDIxdjFIMHYtMXptMCAyaDIxdjFIMHYtMXptMCAyaDIxdjFIMHYtMXoiIGZpbGw9InVybCgjYikiLz48cGF0aCBmaWxsPSJ1cmwoI2MpIiBkPSJNMCAwaDl2N0gweiIvPjxwYXRoIGQ9Ik0xLjUgMmEuNS41IDAgMTEwLTEgLjUuNSAwIDAxMCAxem0yIDBhLjUuNSAwIDExMC0xIC41LjUgMCAwMTAgMXptMiAwYS41LjUgMCAxMTAtMSAuNS41IDAgMDEwIDF6bTIgMGEuNS41IDAgMTEwLTEgLjUuNSAwIDAxMCAxem0tNSAxYS41LjUgMCAxMTAtMSAuNS41IDAgMDEwIDF6bTIgMGEuNS41IDAgMTEwLTEgLjUuNSAwIDAxMCAxem0yIDBhLjUuNSAwIDExMC0xIC41LjUgMCAwMTAgMXptMSAxYS41LjUgMCAxMTAtMSAuNS41IDAgMDEwIDF6bS0yIDBhLjUuNSAwIDExMC0xIC41LjUgMCAwMTAgMXptLTIgMGEuNS41IDAgMTEwLTEgLjUuNSAwIDAxMCAxem0tMiAwYS41LjUgMCAxMTAtMSAuNS41IDAgMDEwIDF6bTEgMWEuNS41IDAgMTEwLTEgLjUuNSAwIDAxMCAxem0yIDBhLjUuNSAwIDExMC0xIC41LjUgMCAwMTAgMXptMiAwYS41LjUgMCAxMTAtMSAuNS41IDAgMDEwIDF6bTEgMWEuNS41IDAgMTEwLTEgLjUuNSAwIDAxMCAxem0tMiAwYS41LjUgMCAxMTAtMSAuNS41IDAgMDEwIDF6bS0yIDBhLjUuNSAwIDExMC0xIC41LjUgMCAwMTAgMXptLTIgMGEuNS41IDAgMTEwLTEgLjUuNSAwIDAxMCAxeiIgZmlsbD0idXJsKCNhKSIvPjwvZz48L3N2Zz4=\" alt=\"English\" \/><\/span><\/a><\/li><li class=\"cpel-switcher__lang\"><a lang=\"pt-AO\" hreflang=\"pt-AO\" href=\"https:\/\/chsaintbarth.fr\/?page_id=1588&#038;lang=pt\"><span class=\"cpel-switcher__flag cpel-switcher__flag--pt\"><img decoding=\"async\" src=\"data:image\/svg+xml;base64,PHN2ZyB3aWR0aD0iMjEiIGhlaWdodD0iMTUiIHhtbG5zPSJodHRwOi8vd3d3LnczLm9yZy8yMDAwL3N2ZyI+PGRlZnM+PGxpbmVhckdyYWRpZW50IHgxPSI1MCUiIHkxPSIwJSIgeDI9IjUwJSIgeTI9IjEwMCUiIGlkPSJhIj48c3RvcCBzdG9wLWNvbG9yPSIjRkZGIiBvZmZzZXQ9IjAlIi8+PHN0b3Agc3RvcC1jb2xvcj0iI0YwRjBGMCIgb2Zmc2V0PSIxMDAlIi8+PC9saW5lYXJHcmFkaWVudD48bGluZWFyR3JhZGllbnQgeDE9IjUwJSIgeTE9IjAlIiB4Mj0iNTAlIiB5Mj0iMTAwJSIgaWQ9ImIiPjxzdG9wIHN0b3AtY29sb3I9IiNGRjI5MzYiIG9mZnNldD0iMCUiLz48c3RvcCBzdG9wLWNvbG9yPSIjRkQwRDFCIiBvZmZzZXQ9IjEwMCUiLz48L2xpbmVhckdyYWRpZW50PjxsaW5lYXJHcmFkaWVudCB4MT0iNTAlIiB5MT0iMCUiIHgyPSI1MCUiIHkyPSIxMDAlIiBpZD0iYyI+PHN0b3Agc3RvcC1jb2xvcj0iIzEyODQxNSIgb2Zmc2V0PSIwJSIvPjxzdG9wIHN0b3AtY29sb3I9IiMwQTY1MEMiIG9mZnNldD0iMTAwJSIvPjwvbGluZWFyR3JhZGllbnQ+PGxpbmVhckdyYWRpZW50IHgxPSI1MCUiIHkxPSIwJSIgeDI9IjUwJSIgeTI9IjEwMCUiIGlkPSJkIj48c3RvcCBzdG9wLWNvbG9yPSIjRkFGOTRGIiBvZmZzZXQ9IjAlIi8+PHN0b3Agc3RvcC1jb2xvcj0iI0Y4RjczNiIgb2Zmc2V0PSIxMDAlIi8+PC9saW5lYXJHcmFkaWVudD48bGluZWFyR3JhZGllbnQgeDE9IjUwJSIgeTE9IjAlIiB4Mj0iNTAlIiB5Mj0iMTAwJSIgaWQ9ImUiPjxzdG9wIHN0b3AtY29sb3I9IiMxRDUwQjUiIG9mZnNldD0iMCUiLz48c3RvcCBzdG9wLWNvbG9yPSIjMTU0MzlEIiBvZmZzZXQ9IjEwMCUiLz48L2xpbmVhckdyYWRpZW50PjwvZGVmcz48ZyBmaWxsPSJub25lIiBmaWxsLXJ1bGU9ImV2ZW5vZGQiPjxwYXRoIGZpbGw9InVybCgjYSkiIGQ9Ik0wIDBoMjF2MTVIMHoiLz48cGF0aCBmaWxsPSJ1cmwoI2IpIiBkPSJNMCAwaDIxdjE1SDB6Ii8+PHBhdGggZmlsbD0idXJsKCNjKSIgZD0iTTAgMGg4djE1SDB6Ii8+PHBhdGggZD0iTTggOS41YTIgMiAwIDEwMC00IDIgMiAwIDAwMCA0em0wIDFhMyAzIDAgMTEwLTYgMyAzIDAgMDEwIDZ6IiBmaWxsPSJ1cmwoI2QpIiBmaWxsLXJ1bGU9Im5vbnplcm8iLz48cGF0aCBkPSJNNyA2LjI1NkEuMjUuMjUgMCAwMTcuMjQ1IDZoMS41MUEuMjUuMjUgMCAwMTkgNi4yNTZWOGEuOTk3Ljk5NyAwIDAxLTEgMWMtLjU1MiAwLTEtLjQ0My0xLS45OTlWNi4yNTZ6IiBmaWxsPSJ1cmwoI2EpIi8+PHBhdGggZD0iTTggOGMuMjc2IDAgLjUtLjcyNC41LTFhLjUuNSAwIDAwLTEgMGMwIC4yNzYuMjI0IDEgLjUgMXoiIGZpbGw9InVybCgjZSkiLz48L2c+PC9zdmc+\" alt=\"Portugu\u00eas\" \/><\/span><\/a><\/li><\/ul><\/nav>\t\t\t\t<\/div>\n\t\t\t\t<\/div>\n\t\t\t\t\t<\/div>\n\t\t\t\t<\/div>\n\t\t<div class=\"elementor-element elementor-element-4f4bc69 e-flex e-con-boxed e-con e-parent\" data-id=\"4f4bc69\" data-element_type=\"container\" data-e-type=\"container\">\n\t\t\t\t\t<div class=\"e-con-inner\">\n\t\t\t\t<div class=\"elementor-element elementor-element-081e5c6 elementor-widget elementor-widget-cta\" data-id=\"081e5c6\" data-element_type=\"widget\" data-e-type=\"widget\" data-settings=\"{&quot;layout_preset&quot;:&quot;showcase&quot;,&quot;layout_column_structure&quot;:&quot;50-50&quot;,&quot;image_horizontal_position&quot;:&quot;start&quot;,&quot;image_horizontal_position_tablet&quot;:&quot;start&quot;,&quot;image_horizontal_position_mobile&quot;:&quot;start&quot;,&quot;content_position_vertical&quot;:&quot;start&quot;,&quot;content_position_vertical_tablet&quot;:&quot;start&quot;,&quot;content_position_vertical_mobile&quot;:&quot;start&quot;,&quot;image_shape&quot;:&quot;sharp&quot;,&quot;primary_button_shape&quot;:&quot;default&quot;,&quot;secondary_button_shape&quot;:&quot;default&quot;,&quot;box_shape&quot;:&quot;sharp&quot;}\" data-widget_type=\"cta.default\">\n\t\t\t\t<div class=\"elementor-widget-container\">\n\t\t\t\t\t\t\t<div class=\"has-shape-sharp shape-type-box ehp-cta has-preset-showcase\">\n\t\t\t<div class=\"ehp-cta__overlay\"><\/div>\n\t\t\t<div class=\"has-column-structure-50-50  ehp-cta__elements-container has-image-position-start has-image-position-md-start has-image-position-sm-start\">\n\t\t\t\t\t\t\t<div class=\"ehp-image ehp-cta__image-container\">\n\t\t\t\t<img decoding=\"async\" class=\"ehp-image__img ehp-cta__img has-shape-sharp shape-type-image\" src=\"https:\/\/chsaintbarth.fr\/wp-content\/uploads\/2025\/10\/Senior-2.jpg\" title=\"Senior 2\" alt=\"Senior 2\" loading=\"lazy\" \/>\t\t\t<\/div>\n\t\t\t\t\t<div class=\"ehp-cta__text-container\">\n\t\t\t<h2 class=\"ehp-cta__heading\">EHPAD Louis VIALENC<\/h2><p class=\"ehp-cta__description\">Cuidar dos nossos idosos \u00e9 um dos nossos compromissos fundamentais.<\/p>\t\t\t<div class=\"ehp-cta__ctas-container\">\n\t\t\t\t<div class=\"ehp-cta__buttons-wrapper\">\n\t\t\t\t\t\t\t\t\t\t\t\t<a class=\"has-shape-default shape-type-button ehp-button ehp-button--secondary ehp-cta__button ehp-cta__button--secondary is-type-button has-border\" href=\"https:\/\/chsaintbarth.fr\/?page_id=242\">\n\t\t\t\t\t<span class=\"ehp-button__text ehp-cta__button-text ehp-cta__button-text--secondary\">\n\t\t\tContacte-nos\t\t\t\t<\/a>\n\t\t\t\t\t\t<\/div>\n\t\t\t<\/div>\n\t\t\t\t<\/div>\n\t\t\t\t\t<\/div>\n\t\t<\/div>\n\t\t\t\t\t\t<\/div>\n\t\t\t\t<\/div>\n\t\t\t\t\t<\/div>\n\t\t\t\t<\/div>\n\t\t<div class=\"elementor-element elementor-element-084c591 e-flex e-con-boxed e-con e-parent\" data-id=\"084c591\" data-element_type=\"container\" data-e-type=\"container\">\n\t\t\t\t\t<div class=\"e-con-inner\">\n\t\t\t\t<div class=\"elementor-element elementor-element-7d39f42 elementor-widget elementor-widget-text-editor\" data-id=\"7d39f42\" data-element_type=\"widget\" data-e-type=\"widget\" data-widget_type=\"text-editor.default\">\n\t\t\t\t\t\t\t\t\t<h2 data-start=\"45\" data-end=\"66\">Apresenta\u00e7\u00e3o geral<\/h2><p data-start=\"68\" data-end=\"461\">O Estabelecimento de Alojamento para Pessoas Idosas Dependentes (EHPAD) Louis Vialenc acolhe pessoas idosas com perda de autonomia que necessitam de acompanhamento di\u00e1rio.<br data-start=\"239\" data-end=\"242\" \/>Vinculado ao Centro Hospitalar Ir\u00e9n\u00e9e de Bruyn e instalado no mesmo local do hospital, o EHPAD constitui um espa\u00e7o de vida seguro, acolhedor e adaptado, situado no cora\u00e7\u00e3o de Gustavia. Est\u00e1 autorizado para <strong data-start=\"448\" data-end=\"460\">30 vagas<\/strong>.<\/p><p data-start=\"463\" data-end=\"665\">A estrutura oferece um acompanhamento personalizado, combinando cuidados, apoio social e atividades quotidianas, num ambiente benevolente que promove a dignidade, o respeito e a manuten\u00e7\u00e3o da autonomia.<\/p><hr data-start=\"667\" data-end=\"670\" \/><h2 data-start=\"672\" data-end=\"692\">As nossas miss\u00f5es<\/h2><p data-start=\"694\" data-end=\"732\">O EHPAD Louis Vialenc tem como miss\u00e3o:<\/p><ul data-start=\"734\" data-end=\"1140\"><li data-start=\"734\" data-end=\"804\"><p data-start=\"736\" data-end=\"804\">Oferecer um local de vida confort\u00e1vel e seguro, aberto ao exterior<\/p><\/li><li data-start=\"805\" data-end=\"929\"><p data-start=\"807\" data-end=\"929\">Garantir um acompanhamento personalizado de acordo com as necessidades m\u00e9dicas, psicol\u00f3gicas e sociais de cada residente<\/p><\/li><li data-start=\"930\" data-end=\"977\"><p data-start=\"932\" data-end=\"977\">Preservar a autonomia e a qualidade de vida<\/p><\/li><li data-start=\"978\" data-end=\"1052\"><p data-start=\"980\" data-end=\"1052\">Propor atividades adequadas para manter o v\u00ednculo social e o bem-estar<\/p><\/li><li data-start=\"1053\" data-end=\"1140\"><p data-start=\"1055\" data-end=\"1140\">Apoiar as fam\u00edlias, os familiares e os cuidadores no seu percurso de acompanhamento<\/p><\/li><\/ul><p data-start=\"1142\" data-end=\"1299\">O nosso projeto de acompanhamento baseia-se em valores essenciais:<br data-start=\"1208\" data-end=\"1211\" \/><strong data-start=\"1211\" data-end=\"1299\">cuidado respeitoso (bientraitance), respeito, escuta, dignidade e qualidade de vida.<\/strong><\/p><hr data-start=\"1301\" data-end=\"1304\" \/><h2 data-start=\"1306\" data-end=\"1342\">Uma equipa empenhada no dia a dia<\/h2><p data-start=\"1344\" data-end=\"1469\">O acompanhamento \u00e9 assegurado por profissionais qualificados e multidisciplinares, formados para o cuidado de pessoas idosas:<\/p><ul data-start=\"1471\" data-end=\"1699\"><li data-start=\"1471\" data-end=\"1496\"><p data-start=\"1473\" data-end=\"1496\">Um m\u00e9dico coordenador<\/p><\/li><li data-start=\"1497\" data-end=\"1528\"><p data-start=\"1499\" data-end=\"1528\">Uma enfermeira coordenadora<\/p><\/li><li data-start=\"1529\" data-end=\"1557\"><p data-start=\"1531\" data-end=\"1557\">Auxiliares de enfermagem<\/p><\/li><li data-start=\"1558\" data-end=\"1629\"><p data-start=\"1560\" data-end=\"1629\">Auxiliares m\u00e9dico-psicol\u00f3gicos \/ Acompanhantes educativos e sociais<\/p><\/li><li data-start=\"1630\" data-end=\"1646\"><p data-start=\"1632\" data-end=\"1646\">Psic\u00f3logo(a)<\/p><\/li><li data-start=\"1647\" data-end=\"1662\"><p data-start=\"1649\" data-end=\"1662\">Animador(a)<\/p><\/li><li data-start=\"1663\" data-end=\"1699\"><p data-start=\"1665\" data-end=\"1699\">Uma equipa hoteleira e log\u00edstica<\/p><\/li><\/ul><p data-start=\"1701\" data-end=\"1828\">Cada profissional contribui para oferecer um ambiente acolhedor, atento e tranquilizador para os residentes e as suas fam\u00edlias.<\/p><hr data-start=\"1830\" data-end=\"1833\" \/><h2 data-start=\"1835\" data-end=\"1867\">Um ambiente de vida acolhedor<\/h2><p data-start=\"1869\" data-end=\"1885\">O EHPAD oferece:<\/p><ul data-start=\"1887\" data-end=\"2166\"><li data-start=\"1887\" data-end=\"1922\"><p data-start=\"1889\" data-end=\"1922\">Alojamento em quartos adaptados<\/p><\/li><li data-start=\"1923\" data-end=\"1976\"><p data-start=\"1925\" data-end=\"1976\">Espa\u00e7os de conviv\u00eancia acolhedores e climatizados<\/p><\/li><li data-start=\"1977\" data-end=\"2020\"><p data-start=\"1979\" data-end=\"2020\">Jardins e espa\u00e7os exteriores acess\u00edveis<\/p><\/li><li data-start=\"2021\" data-end=\"2054\"><p data-start=\"2023\" data-end=\"2054\">Refei\u00e7\u00f5es preparadas no local<\/p><\/li><li data-start=\"2055\" data-end=\"2133\"><p data-start=\"2057\" data-end=\"2133\">Atividades di\u00e1rias (estimula\u00e7\u00e3o, lazer, sa\u00eddas conforme as possibilidades)<\/p><\/li><li data-start=\"2134\" data-end=\"2166\"><p data-start=\"2136\" data-end=\"2166\">Presen\u00e7a profissional 24h\/24<\/p><\/li><\/ul><p data-start=\"2168\" data-end=\"2297\">As fam\u00edlias e os familiares s\u00e3o incentivados a participar na vida da resid\u00eancia, de forma a manter um projeto de vida partilhado.<\/p><hr data-start=\"2299\" data-end=\"2302\" \/><h2 data-start=\"2304\" data-end=\"2348\">Qualidade, cuidado respeitoso e seguran\u00e7a<\/h2><p data-start=\"2350\" data-end=\"2571\">O EHPAD est\u00e1 comprometido com uma abordagem cont\u00ednua de qualidade e de cuidado respeitoso, em alinhamento com a pol\u00edtica de qualidade do Centro Hospitalar e com as exig\u00eancias nacionais.<br data-start=\"2535\" data-end=\"2538\" \/>As nossas pr\u00e1ticas baseiam-se em:<\/p><ul data-start=\"2573\" data-end=\"2857\"><li data-start=\"2573\" data-end=\"2621\"><p data-start=\"2575\" data-end=\"2621\">O referencial e o manual de avalia\u00e7\u00e3o da HAS<\/p><\/li><li data-start=\"2622\" data-end=\"2670\"><p data-start=\"2624\" data-end=\"2670\">O plano de preven\u00e7\u00e3o do risco de maus-tratos<\/p><\/li><li data-start=\"2671\" data-end=\"2738\"><p data-start=\"2673\" data-end=\"2738\">A avalia\u00e7\u00e3o regular da satisfa\u00e7\u00e3o dos residentes e das fam\u00edlias<\/p><\/li><li data-start=\"2739\" data-end=\"2780\"><p data-start=\"2741\" data-end=\"2780\">A forma\u00e7\u00e3o cont\u00ednua dos profissionais<\/p><\/li><li data-start=\"2781\" data-end=\"2857\"><p data-start=\"2783\" data-end=\"2857\">As expectativas dos utentes expressas atrav\u00e9s do Conselho de Vida Social<\/p><\/li><\/ul><p data-start=\"2859\" data-end=\"2964\">A seguran\u00e7a, o respeito pelos direitos e a dignidade das pessoas acolhidas est\u00e3o no centro da nossa a\u00e7\u00e3o.<\/p><hr data-start=\"2966\" data-end=\"2969\" \/><h2 data-start=\"2971\" data-end=\"2993\">Admiss\u00e3o e contacto<\/h2><p data-start=\"2995\" data-end=\"3057\">Para qualquer pedido de admiss\u00e3o ou visita ao estabelecimento:<\/p><p data-start=\"3059\" data-end=\"3195\">\ud83d\udcde Telefone: <strong>+590<\/strong> <strong>590 773 573<\/strong><br data-start=\"3085\" data-end=\"3088\" \/>\ud83d\udce7 Email: <strong><a href=\"mailto:ehpad.accueil@chsaintbarth.fr\">ehpad.accueil@chsaintbarth.fr<\/a><\/strong><br data-start=\"3111\" data-end=\"3114\" \/>\ud83d\udccd Morada: <strong>5, rue du P\u00e8re Ir\u00e9n\u00e9e de Bruyn<\/strong><br data-start=\"3138\" data-end=\"3141\" \/>\ud83d\udd53 Atendimento administrativo:<\/p><p><strong>Segunda-feira, Ter\u00e7a-feira, Quinta-feira : 08H \u00e0 16H30<\/strong><\/p><p><strong>Quarta-feira : 08H00-12H30<\/strong><\/p><p><strong>Sexta-feira : 08H00-13H00<\/strong><\/p><p data-start=\"3197\" data-end=\"3318\">A nossa equipa est\u00e1 \u00e0 sua disposi\u00e7\u00e3o para o(a) acompanhar nos procedimentos administrativos e responder \u00e0s suas quest\u00f5es.<\/p>\t\t\t\t\t\t\t\t<\/div>\n\t\t\t\t\t<\/div>\n\t\t\t\t<\/div>\n\t\t\t\t<\/div>\n\t\t","protected":false},"excerpt":{"rendered":"<p>EHPAD Louis VIALENC Cuidar dos nossos idosos \u00e9 um dos nossos compromissos fundamentais. Contacte-nos Apresenta\u00e7\u00e3o geral O Estabelecimento de Alojamento para Pessoas Idosas Dependentes (EHPAD) Louis Vialenc acolhe pessoas idosas com perda de autonomia que necessitam de acompanhamento di\u00e1rio.Vinculado ao Centro Hospitalar Ir\u00e9n\u00e9e de Bruyn e instalado no mesmo local do hospital, o EHPAD constitui [&hellip;]<\/p>\n","protected":false},"author":1,"featured_media":0,"parent":0,"menu_order":0,"comment_status":"closed","ping_status":"closed","template":"","meta":{"_exactmetrics_skip_tracking":false,"_exactmetrics_sitenote_active":false,"_exactmetrics_sitenote_note":"","_exactmetrics_sitenote_category":0,"footnotes":""},"class_list":["post-1588","page","type-page","status-publish","hentry"],"_links":{"self":[{"href":"https:\/\/chsaintbarth.fr\/index.php?rest_route=\/wp\/v2\/pages\/1588","targetHints":{"allow":["GET"]}}],"collection":[{"href":"https:\/\/chsaintbarth.fr\/index.php?rest_route=\/wp\/v2\/pages"}],"about":[{"href":"https:\/\/chsaintbarth.fr\/index.php?rest_route=\/wp\/v2\/types\/page"}],"author":[{"embeddable":true,"href":"https:\/\/chsaintbarth.fr\/index.php?rest_route=\/wp\/v2\/users\/1"}],"replies":[{"embeddable":true,"href":"https:\/\/chsaintbarth.fr\/index.php?rest_route=%2Fwp%2Fv2%2Fcomments&post=1588"}],"version-history":[{"count":11,"href":"https:\/\/chsaintbarth.fr\/index.php?rest_route=\/wp\/v2\/pages\/1588\/revisions"}],"predecessor-version":[{"id":1890,"href":"https:\/\/chsaintbarth.fr\/index.php?rest_route=\/wp\/v2\/pages\/1588\/revisions\/1890"}],"wp:attachment":[{"href":"https:\/\/chsaintbarth.fr\/index.php?rest_route=%2Fwp%2Fv2%2Fmedia&parent=1588"}],"curies":[{"name":"wp","href":"https:\/\/api.w.org\/{rel}","templated":true}]}}