{"id":1461,"date":"2026-01-20T18:12:16","date_gmt":"2026-01-20T17:12:16","guid":{"rendered":"https:\/\/chsaintbarth.fr\/?page_id=1461"},"modified":"2026-01-25T16:43:57","modified_gmt":"2026-01-25T15:43:57","slug":"contact-2","status":"publish","type":"page","link":"https:\/\/chsaintbarth.fr\/?page_id=1461&lang=en","title":{"rendered":"Contact (EN)"},"content":{"rendered":"\t\t<div data-elementor-type=\"wp-page\" data-elementor-id=\"1461\" class=\"elementor elementor-1461\">\n\t\t\t\t<div class=\"elementor-element elementor-element-c49febb e-flex e-con-boxed e-con e-parent\" data-id=\"c49febb\" data-element_type=\"container\" data-e-type=\"container\">\n\t\t\t\t\t<div class=\"e-con-inner\">\n\t\t<div class=\"elementor-element elementor-element-bf14136 e-con-full e-flex e-con e-child\" data-id=\"bf14136\" data-element_type=\"container\" data-e-type=\"container\">\n\t\t\t\t<\/div>\n\t\t<div class=\"elementor-element elementor-element-208702a e-con-full e-flex e-con e-child\" data-id=\"208702a\" data-element_type=\"container\" data-e-type=\"container\">\n\t\t\t\t<div class=\"elementor-element elementor-element-fc55e01 elementor-widget elementor-widget-heading\" data-id=\"fc55e01\" data-element_type=\"widget\" data-e-type=\"widget\" data-widget_type=\"heading.default\">\n\t\t\t\t\t<h2 class=\"elementor-heading-title elementor-size-default\">A request?<\/h2>\t\t\t\t<\/div>\n\t\t\t\t<\/div>\n\t\t<div class=\"elementor-element elementor-element-d05b390 e-con-full e-flex e-con e-child\" data-id=\"d05b390\" data-element_type=\"container\" data-e-type=\"container\">\n\t\t\t\t<\/div>\n\t\t\t\t\t<\/div>\n\t\t\t\t<\/div>\n\t\t<div class=\"elementor-element elementor-element-611428c e-flex e-con-boxed e-con e-parent\" data-id=\"611428c\" data-element_type=\"container\" data-e-type=\"container\">\n\t\t\t\t\t<div class=\"e-con-inner\">\n\t\t<div class=\"elementor-element elementor-element-bf99415 e-con-full e-flex e-con e-child\" data-id=\"bf99415\" data-element_type=\"container\" data-e-type=\"container\">\n\t\t\t\t<\/div>\n\t\t<div class=\"elementor-element elementor-element-9c7ba88 e-con-full e-flex e-con e-child\" data-id=\"9c7ba88\" data-element_type=\"container\" data-e-type=\"container\">\n\t\t\t\t<div class=\"elementor-element elementor-element-4bd0b53 elementor-widget elementor-widget-text-editor\" data-id=\"4bd0b53\" data-element_type=\"widget\" data-e-type=\"widget\" data-widget_type=\"text-editor.default\">\n\t\t\t\t\t\t\t\t\t<p><strong>Switchboard number:<\/strong> +590 590 51 19 50<\/p><p>Or<\/p><p>Fill in the form below, specifying the department you wish to contact, and we will get back to you as soon as possible.<\/p>\t\t\t\t\t\t\t\t<\/div>\n\t\t\t\t<\/div>\n\t\t<div class=\"elementor-element elementor-element-4abaead e-con-full e-flex e-con e-child\" data-id=\"4abaead\" data-element_type=\"container\" data-e-type=\"container\">\n\t\t\t\t<\/div>\n\t\t\t\t\t<\/div>\n\t\t\t\t<\/div>\n\t\t<div class=\"elementor-element elementor-element-31c3096 e-flex e-con-boxed e-con e-parent\" data-id=\"31c3096\" data-element_type=\"container\" data-e-type=\"container\">\n\t\t\t\t\t<div class=\"e-con-inner\">\n\t\t\t\t<div class=\"elementor-element elementor-element-c005c43 elementor-widget__width-initial elementor-widget elementor-widget-shortcode\" data-id=\"c005c43\" data-element_type=\"widget\" data-e-type=\"widget\" data-widget_type=\"shortcode.default\">\n\t\t\t\t\t\t\t<div class=\"elementor-shortcode\">\n<div class=\"wpcf7 no-js\" id=\"wpcf7-f732-o1\" lang=\"fr-FR\" dir=\"ltr\" data-wpcf7-id=\"732\">\n<div class=\"screen-reader-response\"><p role=\"status\" aria-live=\"polite\" aria-atomic=\"true\"><\/p> <ul><\/ul><\/div>\n<form action=\"\/index.php?rest_route=%2Fwp%2Fv2%2Fpages%2F1461#wpcf7-f732-o1\" method=\"post\" class=\"wpcf7-form init\" aria-label=\"Formulaire de contact\" enctype=\"multipart\/form-data\" novalidate=\"novalidate\" data-status=\"init\">\n<fieldset class=\"hidden-fields-container\"><input type=\"hidden\" name=\"_wpcf7\" value=\"732\" \/><input type=\"hidden\" name=\"_wpcf7_version\" value=\"6.1.5\" \/><input type=\"hidden\" name=\"_wpcf7_locale\" value=\"fr_FR\" \/><input type=\"hidden\" name=\"_wpcf7_unit_tag\" value=\"wpcf7-f732-o1\" \/><input type=\"hidden\" name=\"_wpcf7_container_post\" value=\"0\" \/><input type=\"hidden\" name=\"_wpcf7_posted_data_hash\" value=\"\" \/>\n<\/fieldset>\n<p><label> Service concern\u00e9 :<br \/>\n<span class=\"wpcf7-form-control-wrap\" data-name=\"service\"><select class=\"wpcf7-form-control wpcf7-select wpcf7-validates-as-required\" aria-required=\"true\" aria-invalid=\"false\" name=\"service\"><option value=\"Secr\u00e9tariat de Direction\">Secr\u00e9tariat de Direction<\/option><option value=\"Secr\u00e9tariat m\u00e9dical\">Secr\u00e9tariat m\u00e9dical<\/option><option value=\"Bureau des Entr\u00e9es\">Bureau des Entr\u00e9es<\/option><option value=\"Ressources humaines\">Ressources humaines<\/option><option value=\"EHPAD\">EHPAD<\/option><option value=\"Repr\u00e9sentant des usagers\">Repr\u00e9sentant des usagers<\/option><option value=\"SSIAD\">SSIAD<\/option><option value=\"Service qualit\u00e9\">Service qualit\u00e9<\/option><\/select><\/span><br \/>\n<\/label>\n<\/p>\n<p><label> Nom<br \/>\n<span class=\"wpcf7-form-control-wrap\" data-name=\"your-name\"><input size=\"40\" maxlength=\"400\" class=\"wpcf7-form-control wpcf7-text wpcf7-validates-as-required\" autocomplete=\"name\" aria-required=\"true\" aria-invalid=\"false\" value=\"\" type=\"text\" name=\"your-name\" \/><\/span><br \/>\n<\/label>\n<\/p>\n<p><label> Pr\u00e9nom<br \/>\n<span class=\"wpcf7-form-control-wrap\" data-name=\"your-firstname\"><input size=\"40\" maxlength=\"400\" class=\"wpcf7-form-control wpcf7-text wpcf7-validates-as-required\" autocomplete=\"given-name\" aria-required=\"true\" aria-invalid=\"false\" value=\"\" type=\"text\" name=\"your-firstname\" \/><\/span><br \/>\n<\/label>\n<\/p>\n<p><label> E-mail<br \/>\n<span class=\"wpcf7-form-control-wrap\" data-name=\"your-email\"><input size=\"40\" maxlength=\"400\" class=\"wpcf7-form-control wpcf7-email wpcf7-validates-as-required wpcf7-text wpcf7-validates-as-email\" autocomplete=\"email\" aria-required=\"true\" aria-invalid=\"false\" value=\"\" type=\"email\" name=\"your-email\" \/><\/span><br \/>\n<\/label>\n<\/p>\n<p><label> T\u00e9l\u00e9phone<br \/>\n<span class=\"wpcf7-form-control-wrap\" data-name=\"your-phone\"><input size=\"40\" maxlength=\"400\" class=\"wpcf7-form-control wpcf7-tel wpcf7-text wpcf7-validates-as-tel\" autocomplete=\"tel\" aria-invalid=\"false\" value=\"\" type=\"tel\" name=\"your-phone\" \/><\/span><br \/>\n<\/label>\n<\/p>\n<p><label> Votre message<br \/>\n<span class=\"wpcf7-form-control-wrap\" data-name=\"your-message\"><textarea cols=\"40\" rows=\"10\" maxlength=\"2000\" class=\"wpcf7-form-control wpcf7-textarea wpcf7-validates-as-required\" aria-required=\"true\" aria-invalid=\"false\" name=\"your-message\"><\/textarea><\/span><br \/>\n<\/label>\n<\/p>\n<p><label> Joindre un ou plusieurs fichiers :<br \/>\n<span class=\"wpcf7-form-control-wrap\" data-name=\"your-files\"><input size=\"40\" class=\"wpcf7-form-control wpcf7-file\" accept=\".pdf,.jpg,.png,.jpeg\" aria-invalid=\"false\" type=\"file\" name=\"your-files\" \/><\/span><br \/>\n<\/label>\n<\/p>\n<p><label class=\"rgpd\"><br \/>\n<span class=\"wpcf7-form-control-wrap\" data-name=\"rgpd\"><span class=\"wpcf7-form-control wpcf7-checkbox wpcf7-validates-as-required\"><span class=\"wpcf7-list-item first last\"><input type=\"checkbox\" name=\"rgpd[]\" value=\"J\u2019accepte que mes donn\u00e9es soient utilis\u00e9es uniquement pour traiter ma demande.\" \/><span class=\"wpcf7-list-item-label\">J\u2019accepte que mes donn\u00e9es soient utilis\u00e9es uniquement pour traiter ma demande.<\/span><\/span><\/span><\/span><br \/>\n<\/label>\n<\/p>\n<p><input class=\"wpcf7-form-control wpcf7-submit has-spinner\" type=\"submit\" value=\"Envoyer\" \/>\n<\/p><div class=\"wpcf7-response-output\" aria-hidden=\"true\"><\/div>\n<\/form>\n<\/div>\n<\/div>\n\t\t\t\t\t\t<\/div>\n\t\t\t\t\t<\/div>\n\t\t\t\t<\/div>\n\t\t<div class=\"elementor-element elementor-element-3402a9d e-flex e-con-boxed e-con e-parent\" data-id=\"3402a9d\" data-element_type=\"container\" data-e-type=\"container\">\n\t\t\t\t\t<div class=\"e-con-inner\">\n\t\t\t\t<div class=\"elementor-element elementor-element-e950e32 elementor-widget elementor-widget-google_maps\" data-id=\"e950e32\" data-element_type=\"widget\" data-e-type=\"widget\" data-widget_type=\"google_maps.default\">\n\t\t\t\t\t\t\t<div class=\"elementor-custom-embed\">\n\t\t\t<iframe loading=\"lazy\"\n\t\t\t\t\tsrc=\"https:\/\/maps.google.com\/maps?q=3%20Rue%20du%20P%C3%A8re%20Ir%C3%A9n%C3%A9e%20de%20Bruyn%2C%2097133%20Saint-Barth%C3%A9lemy&#038;t=m&#038;z=17&#038;output=embed&#038;iwloc=near\"\n\t\t\t\t\ttitle=\"3 Rue du P\u00e8re Ir\u00e9n\u00e9e de Bruyn, 97133 Saint-Barth\u00e9lemy\"\n\t\t\t\t\taria-label=\"3 Rue du P\u00e8re Ir\u00e9n\u00e9e de Bruyn, 97133 Saint-Barth\u00e9lemy\"\n\t\t\t><\/iframe>\n\t\t<\/div>\n\t\t\t\t\t\t<\/div>\n\t\t\t\t<div class=\"elementor-element elementor-element-be8c0d2 elementor-widget elementor-widget-text-editor\" data-id=\"be8c0d2\" data-element_type=\"widget\" data-e-type=\"widget\" data-widget_type=\"text-editor.default\">\n\t\t\t\t\t\t\t\t\t<p>Le CHDB est accessible en voiture, en transports en commun et en taxi conventionn\u00e9. Des places de stationnement sont pr\u00e9vues pour les visiteurs.<\/p>\t\t\t\t\t\t\t\t<\/div>\n\t\t\t\t\t<\/div>\n\t\t\t\t<\/div>\n\t\t\t\t<\/div>\n\t\t","protected":false},"excerpt":{"rendered":"<p>A request? Switchboard number: +590 590 51 19 50 Or Fill in the form below, specifying the department you wish to contact, and we will get back to you as soon as possible. Le CHDB est accessible en voiture, en transports en commun et en taxi conventionn\u00e9. Des places de stationnement sont pr\u00e9vues pour les [&hellip;]<\/p>\n","protected":false},"author":1,"featured_media":249,"parent":0,"menu_order":0,"comment_status":"closed","ping_status":"closed","template":"elementor_header_footer","meta":{"_exactmetrics_skip_tracking":false,"_exactmetrics_sitenote_active":false,"_exactmetrics_sitenote_note":"","_exactmetrics_sitenote_category":0,"footnotes":""},"class_list":["post-1461","page","type-page","status-publish","has-post-thumbnail","hentry"],"_links":{"self":[{"href":"https:\/\/chsaintbarth.fr\/index.php?rest_route=\/wp\/v2\/pages\/1461","targetHints":{"allow":["GET"]}}],"collection":[{"href":"https:\/\/chsaintbarth.fr\/index.php?rest_route=\/wp\/v2\/pages"}],"about":[{"href":"https:\/\/chsaintbarth.fr\/index.php?rest_route=\/wp\/v2\/types\/page"}],"author":[{"embeddable":true,"href":"https:\/\/chsaintbarth.fr\/index.php?rest_route=\/wp\/v2\/users\/1"}],"replies":[{"embeddable":true,"href":"https:\/\/chsaintbarth.fr\/index.php?rest_route=%2Fwp%2Fv2%2Fcomments&post=1461"}],"version-history":[{"count":5,"href":"https:\/\/chsaintbarth.fr\/index.php?rest_route=\/wp\/v2\/pages\/1461\/revisions"}],"predecessor-version":[{"id":1757,"href":"https:\/\/chsaintbarth.fr\/index.php?rest_route=\/wp\/v2\/pages\/1461\/revisions\/1757"}],"wp:featuredmedia":[{"embeddable":true,"href":"https:\/\/chsaintbarth.fr\/index.php?rest_route=\/wp\/v2\/media\/249"}],"wp:attachment":[{"href":"https:\/\/chsaintbarth.fr\/index.php?rest_route=%2Fwp%2Fv2%2Fmedia&parent=1461"}],"curies":[{"name":"wp","href":"https:\/\/api.w.org\/{rel}","templated":true}]}}