{"id":146,"date":"2025-09-27T21:22:02","date_gmt":"2025-09-27T19:22:02","guid":{"rendered":"https:\/\/chsaintbarth.fr\/?page_id=146"},"modified":"2026-01-25T16:08:08","modified_gmt":"2026-01-25T15:08:08","slug":"consulter-le-chdb","status":"publish","type":"page","link":"https:\/\/chsaintbarth.fr\/?page_id=146","title":{"rendered":"Votre s\u00e9jour au CHIDB"},"content":{"rendered":"\t\t<div data-elementor-type=\"wp-page\" data-elementor-id=\"146\" class=\"elementor elementor-146\">\n\t\t\t\t<div class=\"elementor-element elementor-element-2f4be1f e-flex e-con-boxed e-con e-parent\" data-id=\"2f4be1f\" data-element_type=\"container\" data-e-type=\"container\">\n\t\t\t\t\t<div class=\"e-con-inner\">\n\t\t\t\t<div class=\"elementor-element elementor-element-c632417 cpel-switcher--align-right cpel-switcher--layout-horizontal cpel-switcher--aspect-ratio-43 elementor-widget elementor-widget-polylang-language-switcher\" data-id=\"c632417\" data-element_type=\"widget\" data-e-type=\"widget\" data-widget_type=\"polylang-language-switcher.default\">\n\t\t\t\t<div class=\"elementor-widget-container\">\n\t\t\t\t\t<nav class=\"cpel-switcher__nav\"><ul class=\"cpel-switcher__list\"><li class=\"cpel-switcher__lang\"><a lang=\"fr-FR\" hreflang=\"fr-FR\" href=\"https:\/\/chsaintbarth.fr\/?page_id=146\"><span class=\"cpel-switcher__flag cpel-switcher__flag--fr\"><img decoding=\"async\" src=\"data:image\/svg+xml;base64,PHN2ZyB3aWR0aD0iMjEiIGhlaWdodD0iMTUiIHhtbG5zPSJodHRwOi8vd3d3LnczLm9yZy8yMDAwL3N2ZyI+PGRlZnM+PGxpbmVhckdyYWRpZW50IHgxPSI1MCUiIHkxPSIwJSIgeDI9IjUwJSIgeTI9IjEwMCUiIGlkPSJhIj48c3RvcCBzdG9wLWNvbG9yPSIjRkZGIiBvZmZzZXQ9IjAlIi8+PHN0b3Agc3RvcC1jb2xvcj0iI0YwRjBGMCIgb2Zmc2V0PSIxMDAlIi8+PC9saW5lYXJHcmFkaWVudD48bGluZWFyR3JhZGllbnQgeDE9IjUwJSIgeTE9IjAlIiB4Mj0iNTAlIiB5Mj0iMTAwJSIgaWQ9ImIiPjxzdG9wIHN0b3AtY29sb3I9IiNGNDQ2NTMiIG9mZnNldD0iMCUiLz48c3RvcCBzdG9wLWNvbG9yPSIjRUUyQTM5IiBvZmZzZXQ9IjEwMCUiLz48L2xpbmVhckdyYWRpZW50PjxsaW5lYXJHcmFkaWVudCB4MT0iNTAlIiB5MT0iMCUiIHgyPSI1MCUiIHkyPSIxMDAlIiBpZD0iYyI+PHN0b3Agc3RvcC1jb2xvcj0iIzEwMzVCQiIgb2Zmc2V0PSIwJSIvPjxzdG9wIHN0b3AtY29sb3I9IiMwNDIzOTYiIG9mZnNldD0iMTAwJSIvPjwvbGluZWFyR3JhZGllbnQ+PC9kZWZzPjxnIGZpbGw9Im5vbmUiIGZpbGwtcnVsZT0iZXZlbm9kZCI+PHBhdGggZmlsbD0idXJsKCNhKSIgZD0iTTAgMGgyMXYxNUgweiIvPjxwYXRoIGZpbGw9InVybCgjYikiIGQ9Ik0xMCAwaDExdjE1SDEweiIvPjxwYXRoIGZpbGw9InVybCgjYykiIGQ9Ik0wIDBoN3YxNUgweiIvPjxwYXRoIGZpbGw9InVybCgjYSkiIGQ9Ik03IDBoN3YxNUg3eiIvPjwvZz48L3N2Zz4=\" alt=\"Fran\u00e7ais\" \/><\/span><\/a><\/li><li class=\"cpel-switcher__lang\"><a lang=\"en-US\" hreflang=\"en-US\" href=\"https:\/\/chsaintbarth.fr\/?page_id=1743&#038;lang=en\"><span class=\"cpel-switcher__flag cpel-switcher__flag--us\"><img decoding=\"async\" src=\"data:image\/svg+xml;base64,PHN2ZyB3aWR0aD0iMjEiIGhlaWdodD0iMTUiIHhtbG5zPSJodHRwOi8vd3d3LnczLm9yZy8yMDAwL3N2ZyI+PGRlZnM+PGxpbmVhckdyYWRpZW50IHgxPSI1MCUiIHkxPSIwJSIgeDI9IjUwJSIgeTI9IjEwMCUiIGlkPSJhIj48c3RvcCBzdG9wLWNvbG9yPSIjRkZGIiBvZmZzZXQ9IjAlIi8+PHN0b3Agc3RvcC1jb2xvcj0iI0YwRjBGMCIgb2Zmc2V0PSIxMDAlIi8+PC9saW5lYXJHcmFkaWVudD48bGluZWFyR3JhZGllbnQgeDE9IjUwJSIgeTE9IjAlIiB4Mj0iNTAlIiB5Mj0iMTAwJSIgaWQ9ImIiPjxzdG9wIHN0b3AtY29sb3I9IiNEMDJGNDQiIG9mZnNldD0iMCUiLz48c3RvcCBzdG9wLWNvbG9yPSIjQjEyNTM3IiBvZmZzZXQ9IjEwMCUiLz48L2xpbmVhckdyYWRpZW50PjxsaW5lYXJHcmFkaWVudCB4MT0iNTAlIiB5MT0iMCUiIHgyPSI1MCUiIHkyPSIxMDAlIiBpZD0iYyI+PHN0b3Agc3RvcC1jb2xvcj0iIzQ2NDY3RiIgb2Zmc2V0PSIwJSIvPjxzdG9wIHN0b3AtY29sb3I9IiMzQzNDNkQiIG9mZnNldD0iMTAwJSIvPjwvbGluZWFyR3JhZGllbnQ+PC9kZWZzPjxnIGZpbGw9Im5vbmUiIGZpbGwtcnVsZT0iZXZlbm9kZCI+PHBhdGggZmlsbD0idXJsKCNhKSIgZD0iTTAgMGgyMXYxNUgweiIvPjxwYXRoIGQ9Ik0wIDBoMjF2MUgwVjB6bTAgMmgyMXYxSDBWMnptMCAyaDIxdjFIMFY0em0wIDJoMjF2MUgwVjZ6bTAgMmgyMXYxSDBWOHptMCAyaDIxdjFIMHYtMXptMCAyaDIxdjFIMHYtMXptMCAyaDIxdjFIMHYtMXoiIGZpbGw9InVybCgjYikiLz48cGF0aCBmaWxsPSJ1cmwoI2MpIiBkPSJNMCAwaDl2N0gweiIvPjxwYXRoIGQ9Ik0xLjUgMmEuNS41IDAgMTEwLTEgLjUuNSAwIDAxMCAxem0yIDBhLjUuNSAwIDExMC0xIC41LjUgMCAwMTAgMXptMiAwYS41LjUgMCAxMTAtMSAuNS41IDAgMDEwIDF6bTIgMGEuNS41IDAgMTEwLTEgLjUuNSAwIDAxMCAxem0tNSAxYS41LjUgMCAxMTAtMSAuNS41IDAgMDEwIDF6bTIgMGEuNS41IDAgMTEwLTEgLjUuNSAwIDAxMCAxem0yIDBhLjUuNSAwIDExMC0xIC41LjUgMCAwMTAgMXptMSAxYS41LjUgMCAxMTAtMSAuNS41IDAgMDEwIDF6bS0yIDBhLjUuNSAwIDExMC0xIC41LjUgMCAwMTAgMXptLTIgMGEuNS41IDAgMTEwLTEgLjUuNSAwIDAxMCAxem0tMiAwYS41LjUgMCAxMTAtMSAuNS41IDAgMDEwIDF6bTEgMWEuNS41IDAgMTEwLTEgLjUuNSAwIDAxMCAxem0yIDBhLjUuNSAwIDExMC0xIC41LjUgMCAwMTAgMXptMiAwYS41LjUgMCAxMTAtMSAuNS41IDAgMDEwIDF6bTEgMWEuNS41IDAgMTEwLTEgLjUuNSAwIDAxMCAxem0tMiAwYS41LjUgMCAxMTAtMSAuNS41IDAgMDEwIDF6bS0yIDBhLjUuNSAwIDExMC0xIC41LjUgMCAwMTAgMXptLTIgMGEuNS41IDAgMTEwLTEgLjUuNSAwIDAxMCAxeiIgZmlsbD0idXJsKCNhKSIvPjwvZz48L3N2Zz4=\" alt=\"English\" \/><\/span><\/a><\/li><li class=\"cpel-switcher__lang\"><a lang=\"pt-AO\" hreflang=\"pt-AO\" href=\"https:\/\/chsaintbarth.fr\/?page_id=1748&#038;lang=pt\"><span class=\"cpel-switcher__flag cpel-switcher__flag--pt\"><img decoding=\"async\" src=\"data:image\/svg+xml;base64,PHN2ZyB3aWR0aD0iMjEiIGhlaWdodD0iMTUiIHhtbG5zPSJodHRwOi8vd3d3LnczLm9yZy8yMDAwL3N2ZyI+PGRlZnM+PGxpbmVhckdyYWRpZW50IHgxPSI1MCUiIHkxPSIwJSIgeDI9IjUwJSIgeTI9IjEwMCUiIGlkPSJhIj48c3RvcCBzdG9wLWNvbG9yPSIjRkZGIiBvZmZzZXQ9IjAlIi8+PHN0b3Agc3RvcC1jb2xvcj0iI0YwRjBGMCIgb2Zmc2V0PSIxMDAlIi8+PC9saW5lYXJHcmFkaWVudD48bGluZWFyR3JhZGllbnQgeDE9IjUwJSIgeTE9IjAlIiB4Mj0iNTAlIiB5Mj0iMTAwJSIgaWQ9ImIiPjxzdG9wIHN0b3AtY29sb3I9IiNGRjI5MzYiIG9mZnNldD0iMCUiLz48c3RvcCBzdG9wLWNvbG9yPSIjRkQwRDFCIiBvZmZzZXQ9IjEwMCUiLz48L2xpbmVhckdyYWRpZW50PjxsaW5lYXJHcmFkaWVudCB4MT0iNTAlIiB5MT0iMCUiIHgyPSI1MCUiIHkyPSIxMDAlIiBpZD0iYyI+PHN0b3Agc3RvcC1jb2xvcj0iIzEyODQxNSIgb2Zmc2V0PSIwJSIvPjxzdG9wIHN0b3AtY29sb3I9IiMwQTY1MEMiIG9mZnNldD0iMTAwJSIvPjwvbGluZWFyR3JhZGllbnQ+PGxpbmVhckdyYWRpZW50IHgxPSI1MCUiIHkxPSIwJSIgeDI9IjUwJSIgeTI9IjEwMCUiIGlkPSJkIj48c3RvcCBzdG9wLWNvbG9yPSIjRkFGOTRGIiBvZmZzZXQ9IjAlIi8+PHN0b3Agc3RvcC1jb2xvcj0iI0Y4RjczNiIgb2Zmc2V0PSIxMDAlIi8+PC9saW5lYXJHcmFkaWVudD48bGluZWFyR3JhZGllbnQgeDE9IjUwJSIgeTE9IjAlIiB4Mj0iNTAlIiB5Mj0iMTAwJSIgaWQ9ImUiPjxzdG9wIHN0b3AtY29sb3I9IiMxRDUwQjUiIG9mZnNldD0iMCUiLz48c3RvcCBzdG9wLWNvbG9yPSIjMTU0MzlEIiBvZmZzZXQ9IjEwMCUiLz48L2xpbmVhckdyYWRpZW50PjwvZGVmcz48ZyBmaWxsPSJub25lIiBmaWxsLXJ1bGU9ImV2ZW5vZGQiPjxwYXRoIGZpbGw9InVybCgjYSkiIGQ9Ik0wIDBoMjF2MTVIMHoiLz48cGF0aCBmaWxsPSJ1cmwoI2IpIiBkPSJNMCAwaDIxdjE1SDB6Ii8+PHBhdGggZmlsbD0idXJsKCNjKSIgZD0iTTAgMGg4djE1SDB6Ii8+PHBhdGggZD0iTTggOS41YTIgMiAwIDEwMC00IDIgMiAwIDAwMCA0em0wIDFhMyAzIDAgMTEwLTYgMyAzIDAgMDEwIDZ6IiBmaWxsPSJ1cmwoI2QpIiBmaWxsLXJ1bGU9Im5vbnplcm8iLz48cGF0aCBkPSJNNyA2LjI1NkEuMjUuMjUgMCAwMTcuMjQ1IDZoMS41MUEuMjUuMjUgMCAwMTkgNi4yNTZWOGEuOTk3Ljk5NyAwIDAxLTEgMWMtLjU1MiAwLTEtLjQ0My0xLS45OTlWNi4yNTZ6IiBmaWxsPSJ1cmwoI2EpIi8+PHBhdGggZD0iTTggOGMuMjc2IDAgLjUtLjcyNC41LTFhLjUuNSAwIDAwLTEgMGMwIC4yNzYuMjI0IDEgLjUgMXoiIGZpbGw9InVybCgjZSkiLz48L2c+PC9zdmc+\" alt=\"Portugu\u00eas\" \/><\/span><\/a><\/li><\/ul><\/nav>\t\t\t\t<\/div>\n\t\t\t\t<\/div>\n\t\t\t\t\t<\/div>\n\t\t\t\t<\/div>\n\t\t<div class=\"elementor-element elementor-element-a17570b e-flex e-con-boxed e-con e-parent\" data-id=\"a17570b\" data-element_type=\"container\" data-e-type=\"container\">\n\t\t\t\t\t<div class=\"e-con-inner\">\n\t\t\t\t<div class=\"elementor-element elementor-element-47959f5 elementor-widget elementor-widget-flex-hero\" data-id=\"47959f5\" data-element_type=\"widget\" data-e-type=\"widget\" data-settings=\"{&quot;layout_preset&quot;:&quot;showcase&quot;,&quot;layout_column_structure&quot;:&quot;50-50&quot;,&quot;layout_image_position&quot;:&quot;end&quot;,&quot;primary_button_shape&quot;:&quot;default&quot;,&quot;image_shape&quot;:&quot;sharp&quot;,&quot;box_shape&quot;:&quot;sharp&quot;}\" data-widget_type=\"flex-hero.default\">\n\t\t\t\t<div class=\"elementor-widget-container\">\n\t\t\t\t\t\t\t<div class=\"has-shape-sharp shape-type-box has-column-structure-50-50  ehp-flex-hero has-layout-preset-showcase has-image-position-end\">\n\t\t\t\t\t\t<div class=\"ehp-flex-hero__overlay\"><\/div>\n\t\t\t<div class=\"ehp-flex-hero__content-container\">\n\t\t\t\t<h2 class=\"ehp-flex-hero__heading\">Votre s\u00e9jour au CHIDB<\/h2><h3 class=\"ehp-flex-hero__subheading\"><p style=\"font-family: 'Poppins', sans-serif;font-size: 36px;color: #65b6e6;text-align: left;font-weight: 500;text-transform: none\">Un accompagnement adapt\u00e9 \u00e0 chaque situation.\n<\/p>\n<\/h3>\t\t\t<div class=\"ehp-flex-hero__ctas-container\">\n\t\t\t\t\t\t\t\t\t\t\t<\/div>\n\t\t\t\t\t<\/div>\n\t\t\t\t<div class=\"ehp-flex-hero__image-wrapper\">\n\t\t\t\t\t<div class=\"ehp-image ehp-flex-hero__image-container\">\n\t\t\t\t<img decoding=\"async\" class=\"ehp-image__img ehp-flex-hero__img has-shape-sharp shape-type-image\" src=\"https:\/\/chsaintbarth.fr\/wp-content\/uploads\/2025\/10\/Consulter-le-CHDB.jpg\" title=\"Consulter le CHDB\" alt=\"Consulter le CHDB\" loading=\"lazy\" \/>\t\t\t<\/div>\n\t\t\t\t\t<\/div>\n\t\t\t\t<\/div>\n\t\t\t\t\t\t<\/div>\n\t\t\t\t<\/div>\n\t\t\t\t\t<\/div>\n\t\t\t\t<\/div>\n\t\t<div class=\"elementor-element elementor-element-221a1a5 e-flex e-con-boxed e-con e-parent\" data-id=\"221a1a5\" data-element_type=\"container\" data-e-type=\"container\">\n\t\t\t\t\t<div class=\"e-con-inner\">\n\t\t<div class=\"elementor-element elementor-element-c25d5b8 e-con-full e-flex e-con e-child\" data-id=\"c25d5b8\" data-element_type=\"container\" data-e-type=\"container\">\n\t\t\t\t<div class=\"elementor-element elementor-element-94c56b5 elementor-widget elementor-widget-image\" data-id=\"94c56b5\" data-element_type=\"widget\" data-e-type=\"widget\" data-widget_type=\"image.default\">\n\t\t\t\t\t\t\t\t\t\t\t\t\t\t\t<img fetchpriority=\"high\" decoding=\"async\" width=\"396\" height=\"360\" src=\"https:\/\/chsaintbarth.fr\/wp-content\/uploads\/2025\/10\/Equipe-1-396x360.jpg\" class=\"attachment-htmega_size_396x360 size-htmega_size_396x360 wp-image-804\" alt=\"\" \/>\t\t\t\t\t\t\t\t\t\t\t\t\t\t\t<\/div>\n\t\t\t\t<div class=\"elementor-element elementor-element-aabd7c2 elementor-widget elementor-widget-heading\" data-id=\"aabd7c2\" data-element_type=\"widget\" data-e-type=\"widget\" data-widget_type=\"heading.default\">\n\t\t\t\t\t<h2 class=\"elementor-heading-title elementor-size-default\">Notre \u00e9quipe<\/h2>\t\t\t\t<\/div>\n\t\t\t\t<div class=\"elementor-element elementor-element-4ba1d4b elementor-widget elementor-widget-text-editor\" data-id=\"4ba1d4b\" data-element_type=\"widget\" data-e-type=\"widget\" data-widget_type=\"text-editor.default\">\n\t\t\t\t\t\t\t\t\t<p style=\"font-weight: 400;\">Pendant votre s\u00e9jour, l\u2019ensemble du personnel m\u00e9dical, soignant, administratif et technique s\u2019efforce de r\u00e9pondre \u00e0 vos besoins et de vous accompagner tout au long de votre prise en charge.<\/p><p style=\"font-weight: 400;\">A votre arriv\u00e9e dans le service hospitalisation, vous serez accueilli par l\u2019\u00e9quipe soignante qui vous installera dans votre chambre.<\/p><p style=\"font-weight: 400;\">Vous pourrez identifier les personnels de sant\u00e9 gr\u00e2ce \u00e0 leur nom et fonction inscrits sur leur tenue ou badge.<\/p>\t\t\t\t\t\t\t\t<\/div>\n\t\t\t\t<\/div>\n\t\t<div class=\"elementor-element elementor-element-428e014 e-con-full e-flex e-con e-child\" data-id=\"428e014\" data-element_type=\"container\" data-e-type=\"container\">\n\t\t\t\t<div class=\"elementor-element elementor-element-dcf79d8 elementor-widget elementor-widget-image\" data-id=\"dcf79d8\" data-element_type=\"widget\" data-e-type=\"widget\" data-widget_type=\"image.default\">\n\t\t\t\t\t\t\t\t\t\t\t\t\t\t\t<img decoding=\"async\" width=\"396\" height=\"360\" src=\"https:\/\/chsaintbarth.fr\/wp-content\/uploads\/2025\/10\/jeune-396x360.jpg\" class=\"attachment-htmega_size_396x360 size-htmega_size_396x360 wp-image-838\" alt=\"\" \/>\t\t\t\t\t\t\t\t\t\t\t\t\t\t\t<\/div>\n\t\t\t\t<div class=\"elementor-element elementor-element-686c817 elementor-widget elementor-widget-heading\" data-id=\"686c817\" data-element_type=\"widget\" data-e-type=\"widget\" data-widget_type=\"heading.default\">\n\t\t\t\t\t<h2 class=\"elementor-heading-title elementor-size-default\">Identitovigilance<\/h2>\t\t\t\t<\/div>\n\t\t\t\t<div class=\"elementor-element elementor-element-1738d21 elementor-widget elementor-widget-text-editor\" data-id=\"1738d21\" data-element_type=\"widget\" data-e-type=\"widget\" data-widget_type=\"text-editor.default\">\n\t\t\t\t\t\t\t\t\t<p style=\"font-weight: 400;\">Pour r\u00e9duire le risque d\u2019erreur, le Centre Hospitalier Ir\u00e9n\u00e9e de Bruyn a choisi de poser syst\u00e9matiquement un bracelet d\u2019identification lors de l\u2019annonce de votre hospitalisation ; il permettra de contr\u00f4ler votre identit\u00e9 \u00e0 chaque \u00e9tape de votre s\u00e9jour.<\/p>\t\t\t\t\t\t\t\t<\/div>\n\t\t\t\t<\/div>\n\t\t<div class=\"elementor-element elementor-element-55d4e9a e-con-full e-flex e-con e-child\" data-id=\"55d4e9a\" data-element_type=\"container\" data-e-type=\"container\">\n\t\t\t\t<div class=\"elementor-element elementor-element-a5bf901 elementor-widget elementor-widget-image\" data-id=\"a5bf901\" data-element_type=\"widget\" data-e-type=\"widget\" data-widget_type=\"image.default\">\n\t\t\t\t\t\t\t\t\t\t\t\t\t\t\t<img decoding=\"async\" width=\"396\" height=\"360\" src=\"https:\/\/chsaintbarth.fr\/wp-content\/uploads\/2025\/10\/Salle-medecine-396x360.jpg\" class=\"attachment-htmega_size_396x360 size-htmega_size_396x360 wp-image-967\" alt=\"\" \/>\t\t\t\t\t\t\t\t\t\t\t\t\t\t\t<\/div>\n\t\t\t\t<div class=\"elementor-element elementor-element-d141ee1 elementor-widget elementor-widget-heading\" data-id=\"d141ee1\" data-element_type=\"widget\" data-e-type=\"widget\" data-widget_type=\"heading.default\">\n\t\t\t\t\t<h2 class=\"elementor-heading-title elementor-size-default\">Votre chambre<\/h2>\t\t\t\t<\/div>\n\t\t\t\t<div class=\"elementor-element elementor-element-a9c2f70 elementor-widget elementor-widget-text-editor\" data-id=\"a9c2f70\" data-element_type=\"widget\" data-e-type=\"widget\" data-widget_type=\"text-editor.default\">\n\t\t\t\t\t\t\t\t\t<p style=\"font-weight: 400;\">Individuelle ou double, elle est \u00e9quip\u00e9e\u00a0de :<\/p><ul><li>Une douche et des sanitaires<\/li><li>Une t\u00e9l\u00e9vision<\/li><li>Un t\u00e9l\u00e9phone\u00a0: vous ne pouvez que r\u00e9ceptionner les appels t\u00e9l\u00e9phoniques<\/li><\/ul><p><span style=\"font-weight: 400;\">Un appel-malade qui alerte le personnel soignant<\/span><\/p>\t\t\t\t\t\t\t\t<\/div>\n\t\t\t\t<\/div>\n\t\t<div class=\"elementor-element elementor-element-1d57e81 e-con-full e-flex e-con e-child\" data-id=\"1d57e81\" data-element_type=\"container\" data-e-type=\"container\">\n\t\t\t\t<div class=\"elementor-element elementor-element-da6510f elementor-widget elementor-widget-image\" data-id=\"da6510f\" data-element_type=\"widget\" data-e-type=\"widget\" data-widget_type=\"image.default\">\n\t\t\t\t\t\t\t\t\t\t\t\t\t\t\t<img loading=\"lazy\" decoding=\"async\" width=\"396\" height=\"360\" src=\"https:\/\/chsaintbarth.fr\/wp-content\/uploads\/2025\/10\/Stup-396x360.jpg\" class=\"attachment-htmega_size_396x360 size-htmega_size_396x360 wp-image-970\" alt=\"\" \/>\t\t\t\t\t\t\t\t\t\t\t\t\t\t\t<\/div>\n\t\t\t\t<div class=\"elementor-element elementor-element-1276cde elementor-widget elementor-widget-heading\" data-id=\"1276cde\" data-element_type=\"widget\" data-e-type=\"widget\" data-widget_type=\"heading.default\">\n\t\t\t\t\t<h2 class=\"elementor-heading-title elementor-size-default\">Prise en charge m\u00e9dicamenteuse<\/h2>\t\t\t\t<\/div>\n\t\t\t\t<div class=\"elementor-element elementor-element-18e660b elementor-widget elementor-widget-text-editor\" data-id=\"18e660b\" data-element_type=\"widget\" data-e-type=\"widget\" data-widget_type=\"text-editor.default\">\n\t\t\t\t\t\t\t\t\t<p>La s\u00e9curisation de la prise en charge m\u00e9dicamenteuse est assur\u00e9e par les professionnels de sant\u00e9 de notre \u00e9tablissement d\u00e8s votre entr\u00e9e, au cours de votre hospitalisation et jusqu\u2019\u00e0 votre sortie au domicile ou votre transfert vers une autre structure.<\/p>\t\t\t\t\t\t\t\t<\/div>\n\t\t\t\t<\/div>\n\t\t\t\t\t<\/div>\n\t\t\t\t<\/div>\n\t\t<div class=\"elementor-element elementor-element-85e5429 e-flex e-con-boxed e-con e-parent\" data-id=\"85e5429\" data-element_type=\"container\" data-e-type=\"container\">\n\t\t\t\t\t<div class=\"e-con-inner\">\n\t\t\t\t<div class=\"elementor-element elementor-element-f9318b8 elementor-widget elementor-widget-heading\" data-id=\"f9318b8\" data-element_type=\"widget\" data-e-type=\"widget\" data-widget_type=\"heading.default\">\n\t\t\t\t\t<h2 class=\"elementor-heading-title elementor-size-default\">Le r\u00e9tablissement au-del\u00e0 du soin<\/h2>\t\t\t\t<\/div>\n\t\t\t\t\t<\/div>\n\t\t\t\t<\/div>\n\t\t<div class=\"elementor-element elementor-element-a0c8f11 e-flex e-con-boxed e-con e-parent\" data-id=\"a0c8f11\" data-element_type=\"container\" data-e-type=\"container\">\n\t\t\t\t\t<div class=\"e-con-inner\">\n\t\t\t\t<div class=\"elementor-element elementor-element-43a9790 elementor-widget elementor-widget-zigzag\" data-id=\"43a9790\" data-element_type=\"widget\" data-e-type=\"widget\" data-settings=\"{&quot;image_shape&quot;:&quot;sharp&quot;}\" data-widget_type=\"zigzag.default\">\n\t\t\t\t<div class=\"elementor-widget-container\">\n\t\t\t\t\t\t\t<div class=\"ehp-zigzag has-direction-start\">\n\t\t\t\t\t\t\t<div class=\"ehp-zigzag__item-wrapper\">\n\t\t\t\t\t<div class=\"ehp-zigzag__item-container\">\n\t\t\t\t\t\t\t\t<div class=\"ehp-zigzag__graphic-element-container has-image\">\n\t\t\t\t\t\t<div class=\"ehp-image ehp-zigzag__image-container\">\n\t\t\t\t<img decoding=\"async\" class=\"ehp-image__img ehp-zigzag__img has-shape-sharp shape-type-image\" src=\"https:\/\/chsaintbarth.fr\/wp-content\/uploads\/2025\/10\/Activite-physique-scaled.jpg\" title=\"Activit\u00e9 physique\" alt=\"Activit\u00e9 physique\" loading=\"lazy\" \/>\t\t\t<\/div>\n\t\t\t\t\t<\/div>\n\t\t\t\t<div class=\"ehp-zigzag__text-container is-graphic-image\">\n\t\t\t<h2 class=\"ehp-zigzag__title\">Pr\u00e9vention<\/h2><p class=\"ehp-zigzag__description\">Le CHIDB accorde une place importante \u00e0 sa mission de pr\u00e9vention. Au-del\u00e0 des soins curatifs, l\u2019\u00e9tablissement joue un r\u00f4le essentiel dans la promotion de la sant\u00e9 et la r\u00e9duction des risques. Il met en \u0153uvre des actions de sensibilisation et de pr\u00e9vention sur des pathologies vari\u00e9es, d\u2019\u00e9ducation \u00e0 la sant\u00e9, de d\u00e9pistage et de vaccination, en lien avec les besoins de la population de l'\u00eele. Ces actions visent \u00e0 pr\u00e9venir l\u2019apparition ou l\u2019aggravation des maladies, \u00e0 favoriser l\u2019adoption de comportements favorables \u00e0 la sant\u00e9 et \u00e0 r\u00e9duire les in\u00e9galit\u00e9s sociales et territoriales d\u2019acc\u00e8s aux soins. <\/p>\t\t<\/div>\n\t\t\t\t\t\t\t<\/div>\n\t\t\t\t<\/div>\n\t\t\t\t\t\t\t\t<div class=\"ehp-zigzag__item-wrapper\">\n\t\t\t\t\t<div class=\"ehp-zigzag__item-container\">\n\t\t\t\t\t\t\t\t<div class=\"ehp-zigzag__graphic-element-container has-image\">\n\t\t\t\t\t\t<div class=\"ehp-image ehp-zigzag__image-container ehp-image ehp-zigzag__image-container\">\n\t\t\t\t<img decoding=\"async\" class=\"ehp-image__img ehp-zigzag__img has-shape-sharp shape-type-image\" src=\"https:\/\/chsaintbarth.fr\/wp-content\/uploads\/2025\/09\/a67d2b58-c524-4977-8edf-896187672370.png\" title=\"a67d2b58-c524-4977-8edf-896187672370\" alt=\"a67d2b58-c524-4977-8edf-896187672370\" loading=\"lazy\" \/>\t\t\t<\/div>\n\t\t\t\t\t<\/div>\n\t\t\t\t<div class=\"ehp-zigzag__text-container is-graphic-image\">\n\t\t\t<h2 class=\"ehp-zigzag__title\">Repr\u00e9sentant des usagers<\/h2><p class=\"ehp-zigzag__description\">Les repr\u00e9sentants des usagers veillent au respect des droits des patients et familles en leur apportant \u00e9coute, information et soutien. Avec la Commission des Usagers ,instance r\u00e8glementaire, les repr\u00e9sentants des usagers travaillent en lien avec la direction de l'\u00e9tablissement pour am\u00e9liorer vos conditions d'accueil Vous souhaitez en savoir plus ou proposer une collaboration ? Contactez les repr\u00e9sentants des usagers sur notre page Contact ou \u00e0 l'adresse mail suivante : cdu@chsaintbarth.fr<\/p>\t\t<div class=\"ehp-zigzag__button-container\">\n\t\t\t<a class=\"ehp-button ehp-button--primary ehp-zigzag__button ehp-zigzag__button--primary is-type-link\" href=\"mailto:cdu@chsaintbarth.fr\">\n\t\t\t\t<span class=\"ehp-zigzag__button-text\">Contacter les repr\u00e9sentants des usagers<\/span>\t\t\t\t\t<\/a>\n\t\t<\/div>\n\t\t\t\t<\/div>\n\t\t\t\t\t\t\t<\/div>\n\t\t\t\t<\/div>\n\t\t\t\t\t\t\t\t<div class=\"ehp-zigzag__item-wrapper\">\n\t\t\t\t\t<div class=\"ehp-zigzag__item-container\">\n\t\t\t\t\t\t\t\t<div class=\"ehp-zigzag__graphic-element-container has-image\">\n\t\t\t\t\t\t<div class=\"ehp-image ehp-zigzag__image-container ehp-image ehp-zigzag__image-container ehp-image ehp-zigzag__image-container\">\n\t\t\t\t<img decoding=\"async\" class=\"ehp-image__img ehp-zigzag__img has-shape-sharp shape-type-image\" src=\"https:\/\/chsaintbarth.fr\/wp-content\/uploads\/2025\/10\/Associations-partenaires.jpg\" title=\"Associations partenaires\" alt=\"Associations partenaires\" loading=\"lazy\" \/>\t\t\t<\/div>\n\t\t\t\t\t<\/div>\n\t\t\t\t<div class=\"ehp-zigzag__text-container is-graphic-image\">\n\t\t\t<h2 class=\"ehp-zigzag__title\">Associations partenaires<\/h2><p class=\"ehp-zigzag__description\">Le CHIDB travaille en \u00e9troite collaboration avec de nombreuses associations partenaires engag\u00e9es dans le soutien aux usagers et \u00e0 leurs familles. Leur implication contribue \u00e0 l'am\u00e9lioration de la prise en charge globale.\nNous remercions le FEMUR, la Croix-Rouge, le Lions club, le Rotary club et Handi-Relais Saint-Barth<\/p>\t\t<\/div>\n\t\t\t\t\t\t\t<\/div>\n\t\t\t\t<\/div>\n\t\t\t\t\t\t\t\t<div class=\"ehp-zigzag__item-wrapper\">\n\t\t\t\t\t<div class=\"ehp-zigzag__item-container\">\n\t\t\t\t\t\t\t\t<div class=\"ehp-zigzag__graphic-element-container has-image\">\n\t\t\t\t\t\t<div class=\"ehp-image ehp-zigzag__image-container ehp-image ehp-zigzag__image-container ehp-image ehp-zigzag__image-container ehp-image ehp-zigzag__image-container\">\n\t\t\t\t<img decoding=\"async\" class=\"ehp-image__img ehp-zigzag__img has-shape-sharp shape-type-image\" src=\"https:\/\/chsaintbarth.fr\/wp-content\/uploads\/2025\/10\/Immo-Pat.jpg\" title=\"Immo &#038; Pat\" alt=\"Immo &amp; Pat\" loading=\"lazy\" \/>\t\t\t<\/div>\n\t\t\t\t\t<\/div>\n\t\t\t\t<div class=\"ehp-zigzag__text-container is-graphic-image\">\n\t\t\t<h2 class=\"ehp-zigzag__title\">Livret d'accueil<\/h2><p class=\"ehp-zigzag__description\">Pour davantage d'informations, consultez notre livret d'accueil.<\/p>\t\t<div class=\"ehp-zigzag__button-container ehp-zigzag__button-container\">\n\t\t\t<a class=\"ehp-button ehp-button--primary ehp-zigzag__button ehp-zigzag__button--primary is-type-link\" href=\"https:\/\/chsaintbarth.fr\/wp-content\/uploads\/2025\/10\/LIVRET-DACCUEIL-VF_.pdf\">\n\t\t\t\t<span class=\"ehp-zigzag__button-text\">Consulter le livret d'accueil<\/span>\t\t\t\t\t<\/a>\n\t\t<\/div>\n\t\t\t\t<\/div>\n\t\t\t\t\t\t\t<\/div>\n\t\t\t\t<\/div>\n\t\t\t\t\t\t\t<\/div>\n\t\t\t\t\t\t<\/div>\n\t\t\t\t<\/div>\n\t\t\t\t\t<\/div>\n\t\t\t\t<\/div>\n\t\t\t\t<\/div>\n\t\t","protected":false},"excerpt":{"rendered":"<p>Votre s\u00e9jour au CHIDB Un accompagnement adapt\u00e9 \u00e0 chaque situation. Notre \u00e9quipe Pendant votre s\u00e9jour, l\u2019ensemble du personnel m\u00e9dical, soignant, administratif et technique s\u2019efforce de r\u00e9pondre \u00e0 vos besoins et de vous accompagner tout au long de votre prise en charge. A votre arriv\u00e9e dans le service hospitalisation, vous serez accueilli par l\u2019\u00e9quipe soignante qui [&hellip;]<\/p>\n","protected":false},"author":1,"featured_media":0,"parent":0,"menu_order":0,"comment_status":"closed","ping_status":"closed","template":"elementor_header_footer","meta":{"_exactmetrics_skip_tracking":false,"_exactmetrics_sitenote_active":false,"_exactmetrics_sitenote_note":"","_exactmetrics_sitenote_category":0,"footnotes":""},"class_list":["post-146","page","type-page","status-publish","hentry"],"_links":{"self":[{"href":"https:\/\/chsaintbarth.fr\/index.php?rest_route=\/wp\/v2\/pages\/146","targetHints":{"allow":["GET"]}}],"collection":[{"href":"https:\/\/chsaintbarth.fr\/index.php?rest_route=\/wp\/v2\/pages"}],"about":[{"href":"https:\/\/chsaintbarth.fr\/index.php?rest_route=\/wp\/v2\/types\/page"}],"author":[{"embeddable":true,"href":"https:\/\/chsaintbarth.fr\/index.php?rest_route=\/wp\/v2\/users\/1"}],"replies":[{"embeddable":true,"href":"https:\/\/chsaintbarth.fr\/index.php?rest_route=%2Fwp%2Fv2%2Fcomments&post=146"}],"version-history":[{"count":117,"href":"https:\/\/chsaintbarth.fr\/index.php?rest_route=\/wp\/v2\/pages\/146\/revisions"}],"predecessor-version":[{"id":1738,"href":"https:\/\/chsaintbarth.fr\/index.php?rest_route=\/wp\/v2\/pages\/146\/revisions\/1738"}],"wp:attachment":[{"href":"https:\/\/chsaintbarth.fr\/index.php?rest_route=%2Fwp%2Fv2%2Fmedia&parent=146"}],"curies":[{"name":"wp","href":"https:\/\/api.w.org\/{rel}","templated":true}]}}