{"id":1008,"date":"2025-10-17T19:22:46","date_gmt":"2025-10-17T17:22:46","guid":{"rendered":"https:\/\/chsaintbarth.fr\/?page_id=1008"},"modified":"2025-10-17T20:36:22","modified_gmt":"2025-10-17T18:36:22","slug":"projet-detablissement","status":"publish","type":"page","link":"https:\/\/chsaintbarth.fr\/?page_id=1008","title":{"rendered":"Projet d&rsquo;\u00e9tablissement"},"content":{"rendered":"\t\t<div data-elementor-type=\"wp-page\" data-elementor-id=\"1008\" class=\"elementor elementor-1008\">\n\t\t\t\t<div class=\"elementor-element elementor-element-bfd06fb e-flex e-con-boxed e-con e-parent\" data-id=\"bfd06fb\" data-element_type=\"container\" data-e-type=\"container\">\n\t\t\t\t\t<div class=\"e-con-inner\">\n\t\t\t\t<div class=\"elementor-element elementor-element-2c03377 elementor-widget elementor-widget-cta\" data-id=\"2c03377\" data-element_type=\"widget\" data-e-type=\"widget\" data-settings=\"{&quot;layout_preset&quot;:&quot;showcase&quot;,&quot;layout_column_structure&quot;:&quot;50-50&quot;,&quot;image_horizontal_position&quot;:&quot;start&quot;,&quot;image_horizontal_position_tablet&quot;:&quot;start&quot;,&quot;image_horizontal_position_mobile&quot;:&quot;start&quot;,&quot;content_position_vertical&quot;:&quot;start&quot;,&quot;content_position_vertical_tablet&quot;:&quot;start&quot;,&quot;content_position_vertical_mobile&quot;:&quot;start&quot;,&quot;image_shape&quot;:&quot;sharp&quot;,&quot;primary_button_shape&quot;:&quot;default&quot;,&quot;secondary_button_shape&quot;:&quot;default&quot;,&quot;box_shape&quot;:&quot;sharp&quot;}\" data-widget_type=\"cta.default\">\n\t\t\t\t<div class=\"elementor-widget-container\">\n\t\t\t\t\t\t\t<div class=\"has-shape-sharp shape-type-box ehp-cta has-preset-showcase\">\n\t\t\t<div class=\"ehp-cta__overlay\"><\/div>\n\t\t\t<div class=\"has-column-structure-50-50  ehp-cta__elements-container has-image-position-start has-image-position-md-start has-image-position-sm-start\">\n\t\t\t\t\t\t\t<div class=\"ehp-image ehp-cta__image-container\">\n\t\t\t\t<img decoding=\"async\" class=\"ehp-image__img ehp-cta__img has-shape-sharp shape-type-image\" src=\"https:\/\/chsaintbarth.fr\/wp-content\/uploads\/2025\/10\/CHDB.jpg\" title=\"CHDB\" alt=\"CHDB\" loading=\"lazy\" \/>\t\t\t<\/div>\n\t\t\t\t\t<div class=\"ehp-cta__text-container\">\n\t\t\t<h2 class=\"ehp-cta__heading\">Projet d'\u00e9tablissement<\/h2><p class=\"ehp-cta__description\">Trouvez ici le projet d'\u00e9tablissement du CHDB et ses actualit\u00e9s.<\/p>\t\t\t<div class=\"ehp-cta__ctas-container\">\n\t\t\t\t<div class=\"ehp-cta__buttons-wrapper\">\n\t\t\t\t\t\t\t\t\t\t\t\t<a class=\"has-shape-default shape-type-button ehp-button ehp-button--secondary ehp-cta__button ehp-cta__button--secondary is-type-button has-border\" href=\"https:\/\/chsaintbarth.fr\/?page_id=242\">\n\t\t\t\t\t<span class=\"ehp-button__text ehp-cta__button-text ehp-cta__button-text--secondary\">\n\t\t\tNous contacter\t\t\t\t<\/a>\n\t\t\t\t\t\t<\/div>\n\t\t\t<\/div>\n\t\t\t\t<\/div>\n\t\t\t\t\t<\/div>\n\t\t<\/div>\n\t\t\t\t\t\t<\/div>\n\t\t\t\t<\/div>\n\t\t\t\t\t<\/div>\n\t\t\t\t<\/div>\n\t\t<div class=\"elementor-element elementor-element-d82b157 e-flex e-con-boxed e-con e-parent\" data-id=\"d82b157\" data-element_type=\"container\" data-e-type=\"container\">\n\t\t\t\t\t<div class=\"e-con-inner\">\n\t\t<div class=\"elementor-element elementor-element-40f31c3 e-con-full e-flex e-con e-child\" data-id=\"40f31c3\" data-element_type=\"container\" data-e-type=\"container\">\n\t\t\t\t<\/div>\n\t\t<div class=\"elementor-element elementor-element-87a3183 e-con-full e-flex e-con e-child\" data-id=\"87a3183\" data-element_type=\"container\" data-e-type=\"container\">\n\t\t\t\t<div class=\"elementor-element elementor-element-bd1d88f elementor-widget elementor-widget-heading\" data-id=\"bd1d88f\" data-element_type=\"widget\" data-e-type=\"widget\" data-widget_type=\"heading.default\">\n\t\t\t\t\t<h2 class=\"elementor-heading-title elementor-size-default\">Ajoutez votre titre ici<\/h2>\t\t\t\t<\/div>\n\t\t\t\t<div class=\"elementor-element elementor-element-1c7ae04 elementor-widget elementor-widget-text-editor\" data-id=\"1c7ae04\" data-element_type=\"widget\" data-e-type=\"widget\" data-widget_type=\"text-editor.default\">\n\t\t\t\t\t\t\t\t\t<p>Lorem ipsum dolor sit amet, consectetur adipiscing elit. Ut elit tellus, luctus nec ullamcorper mattis, pulvinar dapibus leo.<\/p>\t\t\t\t\t\t\t\t<\/div>\n\t\t\t\t<\/div>\n\t\t<div class=\"elementor-element elementor-element-56be65e e-con-full e-flex e-con e-child\" data-id=\"56be65e\" data-element_type=\"container\" data-e-type=\"container\">\n\t\t\t\t<\/div>\n\t\t\t\t\t<\/div>\n\t\t\t\t<\/div>\n\t\t\t\t<\/div>\n\t\t","protected":false},"excerpt":{"rendered":"<p>Projet d&rsquo;\u00e9tablissement Trouvez ici le projet d&rsquo;\u00e9tablissement du CHDB et ses actualit\u00e9s. Nous contacter Ajoutez votre titre ici Lorem ipsum dolor sit amet, consectetur adipiscing elit. Ut elit tellus, luctus nec ullamcorper mattis, pulvinar dapibus leo.<\/p>\n","protected":false},"author":1,"featured_media":0,"parent":0,"menu_order":0,"comment_status":"closed","ping_status":"closed","template":"","meta":{"_exactmetrics_skip_tracking":false,"_exactmetrics_sitenote_active":false,"_exactmetrics_sitenote_note":"","_exactmetrics_sitenote_category":0,"footnotes":""},"class_list":["post-1008","page","type-page","status-publish","hentry"],"_links":{"self":[{"href":"https:\/\/chsaintbarth.fr\/index.php?rest_route=\/wp\/v2\/pages\/1008","targetHints":{"allow":["GET"]}}],"collection":[{"href":"https:\/\/chsaintbarth.fr\/index.php?rest_route=\/wp\/v2\/pages"}],"about":[{"href":"https:\/\/chsaintbarth.fr\/index.php?rest_route=\/wp\/v2\/types\/page"}],"author":[{"embeddable":true,"href":"https:\/\/chsaintbarth.fr\/index.php?rest_route=\/wp\/v2\/users\/1"}],"replies":[{"embeddable":true,"href":"https:\/\/chsaintbarth.fr\/index.php?rest_route=%2Fwp%2Fv2%2Fcomments&post=1008"}],"version-history":[{"count":4,"href":"https:\/\/chsaintbarth.fr\/index.php?rest_route=\/wp\/v2\/pages\/1008\/revisions"}],"predecessor-version":[{"id":1049,"href":"https:\/\/chsaintbarth.fr\/index.php?rest_route=\/wp\/v2\/pages\/1008\/revisions\/1049"}],"wp:attachment":[{"href":"https:\/\/chsaintbarth.fr\/index.php?rest_route=%2Fwp%2Fv2%2Fmedia&parent=1008"}],"curies":[{"name":"wp","href":"https:\/\/api.w.org\/{rel}","templated":true}]}}